{"id":36180,"date":"2026-02-27T00:33:19","date_gmt":"2026-02-27T00:33:19","guid":{"rendered":"https:\/\/nordicmart.andreevmaster.com\/product\/songmics-home-tyotuoli-levea-istuin-ja-ristijalka-kyyhkynharmaa\/"},"modified":"2026-02-27T09:51:19","modified_gmt":"2026-02-27T09:51:19","slug":"songmics-home-tyotuoli-levea-istuin-ja-ristijalka-kyyhkynharmaa","status":"publish","type":"product","link":"https:\/\/nordicmart.andreevmaster.com\/fi\/tuote\/songmics-home-tyotuoli-levea-istuin-ja-ristijalka-kyyhkynharmaa\/","title":{"rendered":"SONGMICS HOME -ty\u00f6tuoli, leve\u00e4 istuin ja ristijalka, kyyhkynharmaa"},"content":{"rendered":"<p>SONGMICS HOME toimistotuoli, ty\u00f6tuoli, py\u00f6riv\u00e4 tuoli, leve\u00e4 istuinosa istua ristikk\u00e4in, moderni, ristijalka, korkeuss\u00e4\u00e4dett\u00e4v\u00e4, keinutoiminto, toimistoon, kotitoimistoon, kyyhkynharmaa OBG046G01<br \/>\nV\u00e4ri: kyyhkynharmaa<br \/>\nMateriaali: ter\u00e4s, puuvilla-pellavaseos, muovi, vaahtomuovi, vaneri<br \/>\nKoko: 70 x 70 x (82-90) cm (S x L x K)<br \/>\nIstuinkorkeus: 47\u201355 cm<br \/>\nIstuimen koko: 50 x 67 cm (S x L)<br \/>\nPaino: 12,2 kg<br \/>\nMaks. staattinen kantavuus: 120 kg<\/p>\n","protected":false},"excerpt":{"rendered":"<p>SONGMICS HOME toimistotuoli, ty\u00f6tuoli, py\u00f6riv\u00e4 tuoli, leve\u00e4 istuinosa istua ristikk\u00e4in, moderni, ristijalka, korkeuss\u00e4\u00e4dett\u00e4v\u00e4, keinutoiminto, toimistoon, kotitoimistoon, kyyhkynharmaa OBG046G01<\/p>\n","protected":false},"featured_media":44488,"comment_status":"open","ping_status":"closed","template":"","meta":[],"product_brand":[],"product_cat":[32],"product_tag":[],"class_list":{"0":"post-36180","1":"product","2":"type-product","3":"status-publish","4":"has-post-thumbnail","6":"product_cat-uncategorized-fi","8":"first","9":"instock","10":"shipping-taxable","11":"purchasable","12":"product-type-simple"},"_links":{"self":[{"href":"https:\/\/nordicmart.andreevmaster.com\/fi\/wp-json\/wp\/v2\/product\/36180","targetHints":{"allow":["GET"]}}],"collection":[{"href":"https:\/\/nordicmart.andreevmaster.com\/fi\/wp-json\/wp\/v2\/product"}],"about":[{"href":"https:\/\/nordicmart.andreevmaster.com\/fi\/wp-json\/wp\/v2\/types\/product"}],"replies":[{"embeddable":true,"href":"https:\/\/nordicmart.andreevmaster.com\/fi\/wp-json\/wp\/v2\/comments?post=36180"}],"wp:featuredmedia":[{"embeddable":true,"href":"https:\/\/nordicmart.andreevmaster.com\/fi\/wp-json\/wp\/v2\/media\/44488"}],"wp:attachment":[{"href":"https:\/\/nordicmart.andreevmaster.com\/fi\/wp-json\/wp\/v2\/media?parent=36180"}],"wp:term":[{"taxonomy":"product_brand","embeddable":true,"href":"https:\/\/nordicmart.andreevmaster.com\/fi\/wp-json\/wp\/v2\/product_brand?post=36180"},{"taxonomy":"product_cat","embeddable":true,"href":"https:\/\/nordicmart.andreevmaster.com\/fi\/wp-json\/wp\/v2\/product_cat?post=36180"},{"taxonomy":"product_tag","embeddable":true,"href":"https:\/\/nordicmart.andreevmaster.com\/fi\/wp-json\/wp\/v2\/product_tag?post=36180"}],"curies":[{"name":"wp","href":"https:\/\/api.w.org\/{rel}","templated":true}]}}