{"id":36176,"date":"2026-02-27T00:33:18","date_gmt":"2026-02-27T00:33:18","guid":{"rendered":"https:\/\/nordicmart.andreevmaster.com\/product\/songmics-home-korkeussaadettava-pyoriva-tuoli-kasinojilla-pastellinpunainen\/"},"modified":"2026-02-27T09:51:18","modified_gmt":"2026-02-27T09:51:18","slug":"songmics-home-korkeussaadettava-pyoriva-tuoli-kasinojilla-pastellinpunainen","status":"publish","type":"product","link":"https:\/\/nordicmart.andreevmaster.com\/fi\/tuote\/songmics-home-korkeussaadettava-pyoriva-tuoli-kasinojilla-pastellinpunainen\/","title":{"rendered":"SONGMICS HOME korkeuss\u00e4\u00e4dett\u00e4v\u00e4 py\u00f6riv\u00e4 tuoli k\u00e4sinojilla pastellinpunainen"},"content":{"rendered":"<p>SONGMICS HOME py\u00f6riv\u00e4 tuoli, toimistotuoli, ty\u00f6tuoli, korkeuss\u00e4\u00e4dett\u00e4v\u00e4, moderni, selk\u00e4noja, k\u00e4sinojat, leve\u00e4 istuin, puuvilla-pellavaseos, pastellinpunainen OBG045R01<br \/>\nV\u00e4ri: pastellinpunainen<br \/>\nMateriaali: ter\u00e4s, puuvilla-pellavaseos, muovi, vaahtomuovi<br \/>\nKoko: 70 x 70 x (101-109) cm (S x L x K)<br \/>\nIstuinkorkeus: 46\u201354 cm<br \/>\nIstuimen koko: 48 x 54 cm (S x L)<br \/>\nPaino: 16,3 kg<br \/>\nMaks. staattinen kantavuus: 150 kg<\/p>\n","protected":false},"excerpt":{"rendered":"<p>SONGMICS HOME py\u00f6riv\u00e4 tuoli, toimistotuoli, ty\u00f6tuoli, korkeuss\u00e4\u00e4dett\u00e4v\u00e4, moderni, selk\u00e4noja, k\u00e4sinojat, leve\u00e4 istuin, puuvilla-pellavaseos, pastellinpunainen OBG045R01<\/p>\n","protected":false},"featured_media":44484,"comment_status":"open","ping_status":"closed","template":"","meta":[],"product_brand":[],"product_cat":[32],"product_tag":[],"class_list":{"0":"post-36176","1":"product","2":"type-product","3":"status-publish","4":"has-post-thumbnail","6":"product_cat-uncategorized-fi","8":"first","9":"instock","10":"shipping-taxable","11":"purchasable","12":"product-type-simple"},"_links":{"self":[{"href":"https:\/\/nordicmart.andreevmaster.com\/fi\/wp-json\/wp\/v2\/product\/36176","targetHints":{"allow":["GET"]}}],"collection":[{"href":"https:\/\/nordicmart.andreevmaster.com\/fi\/wp-json\/wp\/v2\/product"}],"about":[{"href":"https:\/\/nordicmart.andreevmaster.com\/fi\/wp-json\/wp\/v2\/types\/product"}],"replies":[{"embeddable":true,"href":"https:\/\/nordicmart.andreevmaster.com\/fi\/wp-json\/wp\/v2\/comments?post=36176"}],"wp:featuredmedia":[{"embeddable":true,"href":"https:\/\/nordicmart.andreevmaster.com\/fi\/wp-json\/wp\/v2\/media\/44484"}],"wp:attachment":[{"href":"https:\/\/nordicmart.andreevmaster.com\/fi\/wp-json\/wp\/v2\/media?parent=36176"}],"wp:term":[{"taxonomy":"product_brand","embeddable":true,"href":"https:\/\/nordicmart.andreevmaster.com\/fi\/wp-json\/wp\/v2\/product_brand?post=36176"},{"taxonomy":"product_cat","embeddable":true,"href":"https:\/\/nordicmart.andreevmaster.com\/fi\/wp-json\/wp\/v2\/product_cat?post=36176"},{"taxonomy":"product_tag","embeddable":true,"href":"https:\/\/nordicmart.andreevmaster.com\/fi\/wp-json\/wp\/v2\/product_tag?post=36176"}],"curies":[{"name":"wp","href":"https:\/\/api.w.org\/{rel}","templated":true}]}}