{"id":36170,"date":"2026-02-27T00:33:16","date_gmt":"2026-02-27T00:33:16","guid":{"rendered":"https:\/\/nordicmart.andreevmaster.com\/product\/songmics-toimistotuoli-keinutoiminnolla\/"},"modified":"2026-02-27T09:51:16","modified_gmt":"2026-02-27T09:51:16","slug":"songmics-toimistotuoli-keinutoiminnolla","status":"publish","type":"product","link":"https:\/\/nordicmart.andreevmaster.com\/fi\/tuote\/songmics-toimistotuoli-keinutoiminnolla\/","title":{"rendered":"SONGMICS toimistotuoli keinutoiminnolla"},"content":{"rendered":"<p>SONGMICS toimistotuoli, ty\u00f6tuoli, tietokonetuoli, ergonominen py\u00f6riv\u00e4 tuoli, keinutoiminto, korkeuss\u00e4\u00e4dett\u00e4v\u00e4, pehmustetut k\u00e4sinojat, polyuretaanipinta, musta OBG040B01<br \/>\nV\u00e4ri: musta<br \/>\nMateriaali: vaahtomuovi, nailon, muovi, ter\u00e4s, polyuretaani<br \/>\nKoko yhteens\u00e4: 70 x 66 x (92-102) cm (S x L x K)<br \/>\nIstuimen korkeus (lattiasta): 46\u201356 cm<br \/>\nIstuimen koko: 44 x 50,5 cm (S x L)<br \/>\nSelk\u00e4nojan koko: 50 x 47,5 cm (L x K)<br \/>\nK\u00e4sinojien korkeus (istuinpinnasta): 26 cm<br \/>\nPaino: 12,6 kg<br \/>\nMaks. staattinen kantavuus: 110 kg<\/p>\n","protected":false},"excerpt":{"rendered":"<p>SONGMICS toimistotuoli, ty\u00f6tuoli, tietokonetuoli, ergonominen py\u00f6riv\u00e4 tuoli, keinutoiminto, korkeuss\u00e4\u00e4dett\u00e4v\u00e4, pehmustetut k\u00e4sinojat, polyuretaanipinta, musta OBG040B01<\/p>\n","protected":false},"featured_media":44480,"comment_status":"open","ping_status":"closed","template":"","meta":[],"product_brand":[],"product_cat":[32],"product_tag":[],"class_list":{"0":"post-36170","1":"product","2":"type-product","3":"status-publish","4":"has-post-thumbnail","6":"product_cat-uncategorized-fi","8":"first","9":"instock","10":"shipping-taxable","11":"purchasable","12":"product-type-simple"},"_links":{"self":[{"href":"https:\/\/nordicmart.andreevmaster.com\/fi\/wp-json\/wp\/v2\/product\/36170","targetHints":{"allow":["GET"]}}],"collection":[{"href":"https:\/\/nordicmart.andreevmaster.com\/fi\/wp-json\/wp\/v2\/product"}],"about":[{"href":"https:\/\/nordicmart.andreevmaster.com\/fi\/wp-json\/wp\/v2\/types\/product"}],"replies":[{"embeddable":true,"href":"https:\/\/nordicmart.andreevmaster.com\/fi\/wp-json\/wp\/v2\/comments?post=36170"}],"wp:featuredmedia":[{"embeddable":true,"href":"https:\/\/nordicmart.andreevmaster.com\/fi\/wp-json\/wp\/v2\/media\/44480"}],"wp:attachment":[{"href":"https:\/\/nordicmart.andreevmaster.com\/fi\/wp-json\/wp\/v2\/media?parent=36170"}],"wp:term":[{"taxonomy":"product_brand","embeddable":true,"href":"https:\/\/nordicmart.andreevmaster.com\/fi\/wp-json\/wp\/v2\/product_brand?post=36170"},{"taxonomy":"product_cat","embeddable":true,"href":"https:\/\/nordicmart.andreevmaster.com\/fi\/wp-json\/wp\/v2\/product_cat?post=36170"},{"taxonomy":"product_tag","embeddable":true,"href":"https:\/\/nordicmart.andreevmaster.com\/fi\/wp-json\/wp\/v2\/product_tag?post=36170"}],"curies":[{"name":"wp","href":"https:\/\/api.w.org\/{rel}","templated":true}]}}