{"id":36166,"date":"2026-02-27T00:33:15","date_gmt":"2026-02-27T00:33:15","guid":{"rendered":"https:\/\/nordicmart.andreevmaster.com\/product\/songmics-home-tyotuoli-saadettavilla-kasinojilla-kyyhkynharmaa\/"},"modified":"2026-02-27T09:51:16","modified_gmt":"2026-02-27T09:51:16","slug":"songmics-home-tyotuoli-saadettavilla-kasinojilla-kyyhkynharmaa","status":"publish","type":"product","link":"https:\/\/nordicmart.andreevmaster.com\/fi\/tuote\/songmics-home-tyotuoli-saadettavilla-kasinojilla-kyyhkynharmaa\/","title":{"rendered":"SONGMICS HOME -ty\u00f6tuoli s\u00e4\u00e4dett\u00e4vill\u00e4 k\u00e4sinojilla, kyyhkynharmaa"},"content":{"rendered":"<p>SONGMICS HOME ty\u00f6tuoli, py\u00f6riv\u00e4 tuoli, toimistotuoli s\u00e4\u00e4dett\u00e4vill\u00e4 k\u00e4sinojilla, korkeuss\u00e4\u00e4dett\u00e4v\u00e4, moderni, selk\u00e4noja, k\u00e4sinojat, leve\u00e4 istuin, puuvilla-pellavaseos, pastellinpunainen OBG035R01<br \/>\nV\u00e4ri: kyyhkynharmaa<br \/>\nMateriaali: ter\u00e4s, PU, muovi, vaahtomuovi<br \/>\nKoko: 66 x 66 x (86,5-94,5) cm (S x L x K)<br \/>\nIstuinkorkeus: 46\u201354 cm<br \/>\nIstuimen koko: 44 x 53 cm (S x L)<br \/>\nPaino: 12,5 kg<br \/>\nMaks. staattinen kantavuus: 120 kg<\/p>\n","protected":false},"excerpt":{"rendered":"<p>SONGMICS HOME ty\u00f6tuoli, py\u00f6riv\u00e4 tuoli, toimistotuoli s\u00e4\u00e4dett\u00e4vill\u00e4 k\u00e4sinojilla, korkeuss\u00e4\u00e4dett\u00e4v\u00e4, moderni, selk\u00e4noja, k\u00e4sinojat, leve\u00e4 istuin, puuvilla-pellavaseos, pastellinpunainen OBG035R01<\/p>\n","protected":false},"featured_media":44476,"comment_status":"open","ping_status":"closed","template":"","meta":[],"product_brand":[],"product_cat":[32],"product_tag":[],"class_list":{"0":"post-36166","1":"product","2":"type-product","3":"status-publish","4":"has-post-thumbnail","6":"product_cat-uncategorized-fi","8":"first","9":"instock","10":"shipping-taxable","11":"purchasable","12":"product-type-simple"},"_links":{"self":[{"href":"https:\/\/nordicmart.andreevmaster.com\/fi\/wp-json\/wp\/v2\/product\/36166","targetHints":{"allow":["GET"]}}],"collection":[{"href":"https:\/\/nordicmart.andreevmaster.com\/fi\/wp-json\/wp\/v2\/product"}],"about":[{"href":"https:\/\/nordicmart.andreevmaster.com\/fi\/wp-json\/wp\/v2\/types\/product"}],"replies":[{"embeddable":true,"href":"https:\/\/nordicmart.andreevmaster.com\/fi\/wp-json\/wp\/v2\/comments?post=36166"}],"wp:featuredmedia":[{"embeddable":true,"href":"https:\/\/nordicmart.andreevmaster.com\/fi\/wp-json\/wp\/v2\/media\/44476"}],"wp:attachment":[{"href":"https:\/\/nordicmart.andreevmaster.com\/fi\/wp-json\/wp\/v2\/media?parent=36166"}],"wp:term":[{"taxonomy":"product_brand","embeddable":true,"href":"https:\/\/nordicmart.andreevmaster.com\/fi\/wp-json\/wp\/v2\/product_brand?post=36166"},{"taxonomy":"product_cat","embeddable":true,"href":"https:\/\/nordicmart.andreevmaster.com\/fi\/wp-json\/wp\/v2\/product_cat?post=36166"},{"taxonomy":"product_tag","embeddable":true,"href":"https:\/\/nordicmart.andreevmaster.com\/fi\/wp-json\/wp\/v2\/product_tag?post=36166"}],"curies":[{"name":"wp","href":"https:\/\/api.w.org\/{rel}","templated":true}]}}