{"id":36162,"date":"2026-02-27T00:33:14","date_gmt":"2026-02-27T00:33:14","guid":{"rendered":"https:\/\/nordicmart.andreevmaster.com\/product\/songmics-pu-toimistotuoli-kasinojilla-pastellinpunainen\/"},"modified":"2026-02-27T09:51:15","modified_gmt":"2026-02-27T09:51:15","slug":"songmics-pu-toimistotuoli-kasinojilla-pastellinpunainen","status":"publish","type":"product","link":"https:\/\/nordicmart.andreevmaster.com\/fi\/tuote\/songmics-pu-toimistotuoli-kasinojilla-pastellinpunainen\/","title":{"rendered":"SONGMICS PU-toimistotuoli k\u00e4sinojilla, pastellinpunainen"},"content":{"rendered":"<p>SONGMICS toimistotuoli, ty\u00f6tuoli, PU, py\u00f6riv\u00e4 tuoli, ergonominen muotoilu, s\u00e4\u00e4dett\u00e4v\u00e4t k\u00e4sinojat, keinutoiminto, korkeuss\u00e4\u00e4dett\u00e4v\u00e4, toimistoon, kotitoimistoon, musta OBG033B01<br \/>\nV\u00e4ri: pastellinpunainen<br \/>\nMateriaali: PU, vaahtomuovi, ter\u00e4s<br \/>\nKoko: 60 x 60 x (87-97) cm (S x L x K)<br \/>\nIstuinkorkeus: 43\u201353 cm<br \/>\nIstuimen koko: 47 x 51 cm (S x L)<br \/>\nK\u00e4sinojien korkeus (istuinpinnasta): 26 cm<br \/>\nPaino: 10,5 kg<br \/>\nMaks. staattinen kantavuus: 150 kg<\/p>\n","protected":false},"excerpt":{"rendered":"<p>SONGMICS toimistotuoli, ty\u00f6tuoli, PU, py\u00f6riv\u00e4 tuoli, ergonominen muotoilu, s\u00e4\u00e4dett\u00e4v\u00e4t k\u00e4sinojat, keinutoiminto, korkeuss\u00e4\u00e4dett\u00e4v\u00e4, toimistoon, kotitoimistoon, musta OBG033B01<\/p>\n","protected":false},"featured_media":44472,"comment_status":"open","ping_status":"closed","template":"","meta":[],"product_brand":[],"product_cat":[32],"product_tag":[],"class_list":{"0":"post-36162","1":"product","2":"type-product","3":"status-publish","4":"has-post-thumbnail","6":"product_cat-uncategorized-fi","8":"first","9":"instock","10":"shipping-taxable","11":"purchasable","12":"product-type-simple"},"_links":{"self":[{"href":"https:\/\/nordicmart.andreevmaster.com\/fi\/wp-json\/wp\/v2\/product\/36162","targetHints":{"allow":["GET"]}}],"collection":[{"href":"https:\/\/nordicmart.andreevmaster.com\/fi\/wp-json\/wp\/v2\/product"}],"about":[{"href":"https:\/\/nordicmart.andreevmaster.com\/fi\/wp-json\/wp\/v2\/types\/product"}],"replies":[{"embeddable":true,"href":"https:\/\/nordicmart.andreevmaster.com\/fi\/wp-json\/wp\/v2\/comments?post=36162"}],"wp:featuredmedia":[{"embeddable":true,"href":"https:\/\/nordicmart.andreevmaster.com\/fi\/wp-json\/wp\/v2\/media\/44472"}],"wp:attachment":[{"href":"https:\/\/nordicmart.andreevmaster.com\/fi\/wp-json\/wp\/v2\/media?parent=36162"}],"wp:term":[{"taxonomy":"product_brand","embeddable":true,"href":"https:\/\/nordicmart.andreevmaster.com\/fi\/wp-json\/wp\/v2\/product_brand?post=36162"},{"taxonomy":"product_cat","embeddable":true,"href":"https:\/\/nordicmart.andreevmaster.com\/fi\/wp-json\/wp\/v2\/product_cat?post=36162"},{"taxonomy":"product_tag","embeddable":true,"href":"https:\/\/nordicmart.andreevmaster.com\/fi\/wp-json\/wp\/v2\/product_tag?post=36162"}],"curies":[{"name":"wp","href":"https:\/\/api.w.org\/{rel}","templated":true}]}}