{"id":36157,"date":"2026-02-27T00:33:13","date_gmt":"2026-02-27T00:33:13","guid":{"rendered":"https:\/\/nordicmart.andreevmaster.com\/product\/songmics-tyotuoli-selkanojalla-ja-kaarevalla-istuimella-pastellinpunainen\/"},"modified":"2026-02-27T09:51:14","modified_gmt":"2026-02-27T09:51:14","slug":"songmics-tyotuoli-selkanojalla-ja-kaarevalla-istuimella-pastellinpunainen","status":"publish","type":"product","link":"https:\/\/nordicmart.andreevmaster.com\/fi\/tuote\/songmics-tyotuoli-selkanojalla-ja-kaarevalla-istuimella-pastellinpunainen\/","title":{"rendered":"SONGMICS-ty\u00f6tuoli selk\u00e4nojalla ja kaarevalla istuimella, pastellinpunainen"},"content":{"rendered":"<p>SONGMICS-ty\u00f6tuoli, tietokonetuoli, PU-pinta, helppo puhdistaa, korkeuss\u00e4\u00e4dett\u00e4v\u00e4, mukava selk\u00e4noja ja kaareva istuin, kantavuus 150 kg, musta OBG031B01<br \/>\nV\u00e4ri: pastellinpunainen<br \/>\nMateriaali: ter\u00e4s, vaahtomuovi, PU<br \/>\nKoko<br \/>\nKoko: 60 x 60 x (93-103) cm (S x L x K)<br \/>\nIstuimen korkeus (lattiasta): 43\u201351 cm<br \/>\nK\u00e4sinojien korkeus (istuinpinnasta): 34 cm<br \/>\nIstuimen koko: 46 x 49 cm (S x L)<br \/>\nSelk\u00e4nojan korkeus: 55 cm<br \/>\nPaino: 13,6 kg<br \/>\nMaks. staattinen kantavuus: 150 kg<\/p>\n","protected":false},"excerpt":{"rendered":"<p>SONGMICS-ty\u00f6tuoli, tietokonetuoli, PU-pinta, helppo puhdistaa, korkeuss\u00e4\u00e4dett\u00e4v\u00e4, mukava selk\u00e4noja ja kaareva istuin, kantavuus 150 kg, musta OBG031B01<\/p>\n","protected":false},"featured_media":44467,"comment_status":"open","ping_status":"closed","template":"","meta":[],"product_brand":[],"product_cat":[32],"product_tag":[],"class_list":{"0":"post-36157","1":"product","2":"type-product","3":"status-publish","4":"has-post-thumbnail","6":"product_cat-uncategorized-fi","8":"first","9":"instock","10":"shipping-taxable","11":"purchasable","12":"product-type-simple"},"_links":{"self":[{"href":"https:\/\/nordicmart.andreevmaster.com\/fi\/wp-json\/wp\/v2\/product\/36157","targetHints":{"allow":["GET"]}}],"collection":[{"href":"https:\/\/nordicmart.andreevmaster.com\/fi\/wp-json\/wp\/v2\/product"}],"about":[{"href":"https:\/\/nordicmart.andreevmaster.com\/fi\/wp-json\/wp\/v2\/types\/product"}],"replies":[{"embeddable":true,"href":"https:\/\/nordicmart.andreevmaster.com\/fi\/wp-json\/wp\/v2\/comments?post=36157"}],"wp:featuredmedia":[{"embeddable":true,"href":"https:\/\/nordicmart.andreevmaster.com\/fi\/wp-json\/wp\/v2\/media\/44467"}],"wp:attachment":[{"href":"https:\/\/nordicmart.andreevmaster.com\/fi\/wp-json\/wp\/v2\/media?parent=36157"}],"wp:term":[{"taxonomy":"product_brand","embeddable":true,"href":"https:\/\/nordicmart.andreevmaster.com\/fi\/wp-json\/wp\/v2\/product_brand?post=36157"},{"taxonomy":"product_cat","embeddable":true,"href":"https:\/\/nordicmart.andreevmaster.com\/fi\/wp-json\/wp\/v2\/product_cat?post=36157"},{"taxonomy":"product_tag","embeddable":true,"href":"https:\/\/nordicmart.andreevmaster.com\/fi\/wp-json\/wp\/v2\/product_tag?post=36157"}],"curies":[{"name":"wp","href":"https:\/\/api.w.org\/{rel}","templated":true}]}}