{"id":36151,"date":"2026-02-27T00:33:11","date_gmt":"2026-02-27T00:33:11","guid":{"rendered":"https:\/\/nordicmart.andreevmaster.com\/product\/songmics-pyoriva-tuoli-sininen\/"},"modified":"2026-02-27T09:51:12","modified_gmt":"2026-02-27T09:51:12","slug":"songmics-pyoriva-tuoli-sininen","status":"publish","type":"product","link":"https:\/\/nordicmart.andreevmaster.com\/fi\/tuote\/songmics-pyoriva-tuoli-sininen\/","title":{"rendered":"SONGMICS py\u00f6riv\u00e4 tuoli, sininen"},"content":{"rendered":"<p>SONGMICS kotitoimistotuoli, py\u00f6riv\u00e4 tuoli, ty\u00f6tuoli, vaahtomuovipehmuste, korkeuss\u00e4\u00e4dett\u00e4v\u00e4, ty\u00f6huoneeseen, makuuhuoneeseen, harmaa OBG020G01<br \/>\nV\u00e4ri: sininen<br \/>\nMateriaali: ter\u00e4srunko, puuvilla-pellavaseos, nailonpy\u00f6r\u00e4t, 28 kg\/m\u00b3 vaahtomuovipehmuste<br \/>\nKoko: 60 x 60 x (80-90) cm (S x L x K)<br \/>\nIstuimen korkeus (lattiasta): 47\u201357 cm<br \/>\nIstuimen koko: 45 x 42 cm (S x L)<br \/>\nSelk\u00e4nojan korkeus: 47 cm<br \/>\nTyynyn kokonaispaksuus: 12 cm<br \/>\nYl\u00e4pehmusteen paksuus: 7 cm<br \/>\nPaino: 8,2 kg<br \/>\nMaks. staattinen kantavuus: 110 kg<\/p>\n","protected":false},"excerpt":{"rendered":"<p>SONGMICS kotitoimistotuoli, py\u00f6riv\u00e4 tuoli, ty\u00f6tuoli, vaahtomuovipehmuste, korkeuss\u00e4\u00e4dett\u00e4v\u00e4, ty\u00f6huoneeseen, makuuhuoneeseen, harmaa OBG020G01<\/p>\n","protected":false},"featured_media":44461,"comment_status":"open","ping_status":"closed","template":"","meta":[],"product_brand":[],"product_cat":[32],"product_tag":[],"class_list":{"0":"post-36151","1":"product","2":"type-product","3":"status-publish","4":"has-post-thumbnail","6":"product_cat-uncategorized-fi","8":"first","9":"instock","10":"shipping-taxable","11":"purchasable","12":"product-type-simple"},"_links":{"self":[{"href":"https:\/\/nordicmart.andreevmaster.com\/fi\/wp-json\/wp\/v2\/product\/36151","targetHints":{"allow":["GET"]}}],"collection":[{"href":"https:\/\/nordicmart.andreevmaster.com\/fi\/wp-json\/wp\/v2\/product"}],"about":[{"href":"https:\/\/nordicmart.andreevmaster.com\/fi\/wp-json\/wp\/v2\/types\/product"}],"replies":[{"embeddable":true,"href":"https:\/\/nordicmart.andreevmaster.com\/fi\/wp-json\/wp\/v2\/comments?post=36151"}],"wp:featuredmedia":[{"embeddable":true,"href":"https:\/\/nordicmart.andreevmaster.com\/fi\/wp-json\/wp\/v2\/media\/44461"}],"wp:attachment":[{"href":"https:\/\/nordicmart.andreevmaster.com\/fi\/wp-json\/wp\/v2\/media?parent=36151"}],"wp:term":[{"taxonomy":"product_brand","embeddable":true,"href":"https:\/\/nordicmart.andreevmaster.com\/fi\/wp-json\/wp\/v2\/product_brand?post=36151"},{"taxonomy":"product_cat","embeddable":true,"href":"https:\/\/nordicmart.andreevmaster.com\/fi\/wp-json\/wp\/v2\/product_cat?post=36151"},{"taxonomy":"product_tag","embeddable":true,"href":"https:\/\/nordicmart.andreevmaster.com\/fi\/wp-json\/wp\/v2\/product_tag?post=36151"}],"curies":[{"name":"wp","href":"https:\/\/api.w.org\/{rel}","templated":true}]}}