{"id":36146,"date":"2026-02-27T00:33:10","date_gmt":"2026-02-27T00:33:10","guid":{"rendered":"https:\/\/nordicmart.andreevmaster.com\/product\/songmics-toimistotuoli-kantavuus-110-kg-cappuccinobeige\/"},"modified":"2026-02-27T09:51:11","modified_gmt":"2026-02-27T09:51:11","slug":"songmics-toimistotuoli-kantavuus-110-kg-cappuccinobeige","status":"publish","type":"product","link":"https:\/\/nordicmart.andreevmaster.com\/fi\/tuote\/songmics-toimistotuoli-kantavuus-110-kg-cappuccinobeige\/","title":{"rendered":"SONGMICS toimistotuoli, kantavuus 110 kg, cappuccinobeige"},"content":{"rendered":"<p>SONGMICS toimistotuoli, mukava ty\u00f6tuoli, korkeuss\u00e4\u00e4dett\u00e4v\u00e4 tietokonetuoli, kantavuus 120 kg, ter\u00e4srunko, keinonahka, hengitt\u00e4v\u00e4, kotitoimisto, toimisto, harmaa OBG019G01<br \/>\nV\u00e4ri: cappuccinobeige<br \/>\nMateriaali: ter\u00e4s- ja vanerirunko, vaahtomuovipehmuste, sametti, PU-rullat<br \/>\nKoko: 64 x 64 x (83-93) cm (S x L x K)<br \/>\nIstuinkorkeus: 46\u201356 cm<br \/>\nIstuimen koko: 44 x 47,5 cm (S x L)<br \/>\nSelk\u00e4nojan korkeus: 40 cm<br \/>\nPaino: 9,5 kg<br \/>\nMaks. staattinen kantavuus: 110 kg<\/p>\n","protected":false},"excerpt":{"rendered":"<p>SONGMICS toimistotuoli, mukava ty\u00f6tuoli, korkeuss\u00e4\u00e4dett\u00e4v\u00e4 tietokonetuoli, kantavuus 120 kg, ter\u00e4srunko, keinonahka, hengitt\u00e4v\u00e4, kotitoimisto, toimisto, harmaa OBG019G01<\/p>\n","protected":false},"featured_media":44456,"comment_status":"open","ping_status":"closed","template":"","meta":[],"product_brand":[],"product_cat":[32],"product_tag":[],"class_list":{"0":"post-36146","1":"product","2":"type-product","3":"status-publish","4":"has-post-thumbnail","6":"product_cat-uncategorized-fi","8":"first","9":"instock","10":"shipping-taxable","11":"purchasable","12":"product-type-simple"},"_links":{"self":[{"href":"https:\/\/nordicmart.andreevmaster.com\/fi\/wp-json\/wp\/v2\/product\/36146","targetHints":{"allow":["GET"]}}],"collection":[{"href":"https:\/\/nordicmart.andreevmaster.com\/fi\/wp-json\/wp\/v2\/product"}],"about":[{"href":"https:\/\/nordicmart.andreevmaster.com\/fi\/wp-json\/wp\/v2\/types\/product"}],"replies":[{"embeddable":true,"href":"https:\/\/nordicmart.andreevmaster.com\/fi\/wp-json\/wp\/v2\/comments?post=36146"}],"wp:featuredmedia":[{"embeddable":true,"href":"https:\/\/nordicmart.andreevmaster.com\/fi\/wp-json\/wp\/v2\/media\/44456"}],"wp:attachment":[{"href":"https:\/\/nordicmart.andreevmaster.com\/fi\/wp-json\/wp\/v2\/media?parent=36146"}],"wp:term":[{"taxonomy":"product_brand","embeddable":true,"href":"https:\/\/nordicmart.andreevmaster.com\/fi\/wp-json\/wp\/v2\/product_brand?post=36146"},{"taxonomy":"product_cat","embeddable":true,"href":"https:\/\/nordicmart.andreevmaster.com\/fi\/wp-json\/wp\/v2\/product_cat?post=36146"},{"taxonomy":"product_tag","embeddable":true,"href":"https:\/\/nordicmart.andreevmaster.com\/fi\/wp-json\/wp\/v2\/product_tag?post=36146"}],"curies":[{"name":"wp","href":"https:\/\/api.w.org\/{rel}","templated":true}]}}