{"id":36139,"date":"2026-02-27T00:33:08","date_gmt":"2026-02-27T00:33:08","guid":{"rendered":"https:\/\/nordicmart.andreevmaster.com\/product\/songmics-toimistotuoli-vaaleanharmaa\/"},"modified":"2026-02-27T09:51:10","modified_gmt":"2026-02-27T09:51:10","slug":"songmics-toimistotuoli-vaaleanharmaa","status":"publish","type":"product","link":"https:\/\/nordicmart.andreevmaster.com\/fi\/tuote\/songmics-toimistotuoli-vaaleanharmaa\/","title":{"rendered":"SONGMICS toimistotuoli vaaleanharmaa"},"content":{"rendered":"<p>Huippumukavuus: Eri pituiset ihmiset tarvitsevat eri korkuisia tuoleja, jotta istuminen olisi mahdollisimman mukavaa. Siksi t\u00e4m\u00e4n ty\u00f6tuolin korkeutta voi s\u00e4\u00e4t\u00e4\u00e4, jotta se sopii sek\u00e4 pitkille ett\u00e4 lyhyille toimistoty\u00f6ntekij\u00f6ille. Hyvin pehmustettu selk\u00e4noja ja k\u00e4sinojat jakavat painon tasaisesti koko vartalolle. Hengitt\u00e4v\u00e4 vaaleanharmaa keinokangasverhoilu tekee istumisesta t\u00e4ll\u00e4 tuolilla my\u00f6s puhdasta nautintoa. Hyvin suunnitellut yksityiskohdat: Selk\u00e4nojan ja k\u00e4sinojien py\u00f6ristetty muotoilu antaa t\u00e4lle toimistotuolille ainutlaatuisen modernin ilmeen. PU-rullat varmistavat, ett\u00e4 voit liukua sujuvasti ty\u00f6huoneessa, olohuoneessa, makuuhuoneessa ja toimistossa. Mukana toimitettujen vararuuveilla olet aina hyvin varautunut odottamattomiin tilanteisiin.Tuotetiedot: V\u00e4ri: vaaleanharmaa Materiaali: ter\u00e4s- ja vanerirunko, vaahtomuovit\u00e4yte, keinokangasverhoilu, PU-muovipy\u00f6r\u00e4t Tuolin koko: 65 x 69 x (83-93) cm (P x L x K) Istuinkorkeus (lattiasta): 45\u201355 cm Istuimen mitat: 47,5 x 44 cm (P x L) Selk\u00e4nojan korkeus: 49 cm Paino: 9,4 kg Maks. staattinen kantavuus: 120 kg Toimitus sis\u00e4lt\u00e4\u00e4: 1 x ty\u00f6tuoli 1 x lis\u00e4varustepaketti 1 x ohjeet<\/p>\n","protected":false},"excerpt":{"rendered":"<p>SONGMICS toimistotuoli, mukava ty\u00f6tuoli, korkeuss\u00e4\u00e4dett\u00e4v\u00e4 tietokonetuoli, kantavuus 120 kg, ter\u00e4srunko, keinonahka, hengitt\u00e4v\u00e4, kotitoimisto, toimisto, harmaa OBG019G01<\/p>\n","protected":false},"featured_media":44450,"comment_status":"open","ping_status":"closed","template":"","meta":[],"product_brand":[],"product_cat":[32],"product_tag":[],"class_list":{"0":"post-36139","1":"product","2":"type-product","3":"status-publish","4":"has-post-thumbnail","6":"product_cat-uncategorized-fi","8":"first","9":"instock","10":"shipping-taxable","11":"purchasable","12":"product-type-simple"},"_links":{"self":[{"href":"https:\/\/nordicmart.andreevmaster.com\/fi\/wp-json\/wp\/v2\/product\/36139","targetHints":{"allow":["GET"]}}],"collection":[{"href":"https:\/\/nordicmart.andreevmaster.com\/fi\/wp-json\/wp\/v2\/product"}],"about":[{"href":"https:\/\/nordicmart.andreevmaster.com\/fi\/wp-json\/wp\/v2\/types\/product"}],"replies":[{"embeddable":true,"href":"https:\/\/nordicmart.andreevmaster.com\/fi\/wp-json\/wp\/v2\/comments?post=36139"}],"wp:featuredmedia":[{"embeddable":true,"href":"https:\/\/nordicmart.andreevmaster.com\/fi\/wp-json\/wp\/v2\/media\/44450"}],"wp:attachment":[{"href":"https:\/\/nordicmart.andreevmaster.com\/fi\/wp-json\/wp\/v2\/media?parent=36139"}],"wp:term":[{"taxonomy":"product_brand","embeddable":true,"href":"https:\/\/nordicmart.andreevmaster.com\/fi\/wp-json\/wp\/v2\/product_brand?post=36139"},{"taxonomy":"product_cat","embeddable":true,"href":"https:\/\/nordicmart.andreevmaster.com\/fi\/wp-json\/wp\/v2\/product_cat?post=36139"},{"taxonomy":"product_tag","embeddable":true,"href":"https:\/\/nordicmart.andreevmaster.com\/fi\/wp-json\/wp\/v2\/product_tag?post=36139"}],"curies":[{"name":"wp","href":"https:\/\/api.w.org\/{rel}","templated":true}]}}