{"id":36138,"date":"2026-02-27T00:33:08","date_gmt":"2026-02-27T00:33:08","guid":{"rendered":"https:\/\/nordicmart.andreevmaster.com\/product\/songmics-korkeussaadettava-tietokonetuoli\/"},"modified":"2026-02-27T09:51:10","modified_gmt":"2026-02-27T09:51:10","slug":"songmics-korkeussaadettava-tietokonetuoli","status":"publish","type":"product","link":"https:\/\/nordicmart.andreevmaster.com\/fi\/tuote\/songmics-korkeussaadettava-tietokonetuoli\/","title":{"rendered":"SONGMICS Korkeuss\u00e4\u00e4dett\u00e4v\u00e4 tietokonetuoli"},"content":{"rendered":"<p>Tuotetiedot: V\u00e4ri: Harmaa Materiaali: Ter\u00e4s- ja vanerirunko, vaahtomuovit\u00e4yte, keinokangasverhoilu, PU-muovipy\u00f6r\u00e4t Tuolin kokonaismitat: 65 x 69 x (83-93) cm (P x L x K) Istuinkorkeus (lattiasta): 45\u201355 cm Istuimen mitat: 47,5 x 44 cm (P x L) Selk\u00e4nojan korkeus: 49 cm Paino: 9,4 kg Maks. staattinen kantavuus: 120 kg Toimitus sis\u00e4lt\u00e4\u00e4: 1 x ty\u00f6tuoli 1 x lis\u00e4varustepaketti 1 x ohjeet (DE, EN, IT, FR, ES)<\/p>\n","protected":false},"excerpt":{"rendered":"<p>SONGMICS toimistotuoli, mukava ty\u00f6tuoli, korkeuss\u00e4\u00e4dett\u00e4v\u00e4 tietokonetuoli, kantavuus 120 kg, ter\u00e4srunko, keinonahka, hengitt\u00e4v\u00e4, kotitoimisto, toimisto, harmaa OBG019G01<\/p>\n","protected":false},"featured_media":44449,"comment_status":"open","ping_status":"closed","template":"","meta":[],"product_brand":[],"product_cat":[32],"product_tag":[],"class_list":{"0":"post-36138","1":"product","2":"type-product","3":"status-publish","4":"has-post-thumbnail","6":"product_cat-uncategorized-fi","8":"first","9":"instock","10":"shipping-taxable","11":"purchasable","12":"product-type-simple"},"_links":{"self":[{"href":"https:\/\/nordicmart.andreevmaster.com\/fi\/wp-json\/wp\/v2\/product\/36138","targetHints":{"allow":["GET"]}}],"collection":[{"href":"https:\/\/nordicmart.andreevmaster.com\/fi\/wp-json\/wp\/v2\/product"}],"about":[{"href":"https:\/\/nordicmart.andreevmaster.com\/fi\/wp-json\/wp\/v2\/types\/product"}],"replies":[{"embeddable":true,"href":"https:\/\/nordicmart.andreevmaster.com\/fi\/wp-json\/wp\/v2\/comments?post=36138"}],"wp:featuredmedia":[{"embeddable":true,"href":"https:\/\/nordicmart.andreevmaster.com\/fi\/wp-json\/wp\/v2\/media\/44449"}],"wp:attachment":[{"href":"https:\/\/nordicmart.andreevmaster.com\/fi\/wp-json\/wp\/v2\/media?parent=36138"}],"wp:term":[{"taxonomy":"product_brand","embeddable":true,"href":"https:\/\/nordicmart.andreevmaster.com\/fi\/wp-json\/wp\/v2\/product_brand?post=36138"},{"taxonomy":"product_cat","embeddable":true,"href":"https:\/\/nordicmart.andreevmaster.com\/fi\/wp-json\/wp\/v2\/product_cat?post=36138"},{"taxonomy":"product_tag","embeddable":true,"href":"https:\/\/nordicmart.andreevmaster.com\/fi\/wp-json\/wp\/v2\/product_tag?post=36138"}],"curies":[{"name":"wp","href":"https:\/\/api.w.org\/{rel}","templated":true}]}}