{"id":36137,"date":"2026-02-27T00:33:08","date_gmt":"2026-02-27T00:33:08","guid":{"rendered":"https:\/\/nordicmart.andreevmaster.com\/product\/songmics-kotitoimistotuoli-vihrea\/"},"modified":"2026-02-27T09:51:09","modified_gmt":"2026-02-27T09:51:09","slug":"songmics-kotitoimistotuoli-vihrea","status":"publish","type":"product","link":"https:\/\/nordicmart.andreevmaster.com\/fi\/tuote\/songmics-kotitoimistotuoli-vihrea\/","title":{"rendered":"SONGMICS kotitoimistotuoli, vihre\u00e4"},"content":{"rendered":"<p>SONGMICS toimistotuoli, mukava ty\u00f6tuoli, korkeuss\u00e4\u00e4dett\u00e4v\u00e4 tietokonetuoli, kantavuus 120 kg, ter\u00e4srunko, keinonahka, hengitt\u00e4v\u00e4, kotitoimisto, toimisto, harmaa OBG019G01<br \/>\nV\u00e4ri: vihre\u00e4<br \/>\nMateriaali: ter\u00e4s- ja vanerirunko, vaahtomuovipehmuste, puuvilla-pellavaseos, PUR-rullat<br \/>\nKoko: 69 x 65 x (83 -93) (S x L x K)<br \/>\nIstuinkorkeus: 45\u201355 cm<br \/>\nIstuimen koko: 44 x 47,5 cm (S x L)<br \/>\nSelk\u00e4nojan korkeus: 49 cm<br \/>\nPaino: 9,4 kg<br \/>\nMaks. staattinen kantavuus: 110 kg<\/p>\n","protected":false},"excerpt":{"rendered":"<p>SONGMICS toimistotuoli, mukava ty\u00f6tuoli, korkeuss\u00e4\u00e4dett\u00e4v\u00e4 tietokonetuoli, kantavuus 120 kg, ter\u00e4srunko, keinonahka, hengitt\u00e4v\u00e4, kotitoimisto, toimisto, harmaa OBG019G01<\/p>\n","protected":false},"featured_media":0,"comment_status":"open","ping_status":"closed","template":"","meta":[],"product_brand":[],"product_cat":[32],"product_tag":[],"class_list":{"0":"post-36137","1":"product","2":"type-product","3":"status-publish","5":"product_cat-uncategorized-fi","7":"first","8":"instock","9":"shipping-taxable","10":"purchasable","11":"product-type-simple"},"_links":{"self":[{"href":"https:\/\/nordicmart.andreevmaster.com\/fi\/wp-json\/wp\/v2\/product\/36137","targetHints":{"allow":["GET"]}}],"collection":[{"href":"https:\/\/nordicmart.andreevmaster.com\/fi\/wp-json\/wp\/v2\/product"}],"about":[{"href":"https:\/\/nordicmart.andreevmaster.com\/fi\/wp-json\/wp\/v2\/types\/product"}],"replies":[{"embeddable":true,"href":"https:\/\/nordicmart.andreevmaster.com\/fi\/wp-json\/wp\/v2\/comments?post=36137"}],"wp:attachment":[{"href":"https:\/\/nordicmart.andreevmaster.com\/fi\/wp-json\/wp\/v2\/media?parent=36137"}],"wp:term":[{"taxonomy":"product_brand","embeddable":true,"href":"https:\/\/nordicmart.andreevmaster.com\/fi\/wp-json\/wp\/v2\/product_brand?post=36137"},{"taxonomy":"product_cat","embeddable":true,"href":"https:\/\/nordicmart.andreevmaster.com\/fi\/wp-json\/wp\/v2\/product_cat?post=36137"},{"taxonomy":"product_tag","embeddable":true,"href":"https:\/\/nordicmart.andreevmaster.com\/fi\/wp-json\/wp\/v2\/product_tag?post=36137"}],"curies":[{"name":"wp","href":"https:\/\/api.w.org\/{rel}","templated":true}]}}