{"id":36135,"date":"2026-02-27T00:33:07","date_gmt":"2026-02-27T00:33:07","guid":{"rendered":"https:\/\/nordicmart.andreevmaster.com\/product\/songmics-korkeussaadettava-tietokonetuoli-musta\/"},"modified":"2026-02-27T09:51:09","modified_gmt":"2026-02-27T09:51:09","slug":"songmics-korkeussaadettava-tietokonetuoli-musta","status":"publish","type":"product","link":"https:\/\/nordicmart.andreevmaster.com\/fi\/tuote\/songmics-korkeussaadettava-tietokonetuoli-musta\/","title":{"rendered":"SONGMICS Korkeuss\u00e4\u00e4dett\u00e4v\u00e4 tietokonetuoli Musta"},"content":{"rendered":"<p>Huippumukavuus: Eri pituiset ihmiset tarvitsevat eri korkeuden tuoleja, jotta istuminen olisi mahdollisimman mukavaa. Siksi t\u00e4m\u00e4 ty\u00f6tuoli on korkeuss\u00e4\u00e4dett\u00e4v\u00e4, jotta se sopii sek\u00e4 suurille ett\u00e4 pienille toimistoty\u00f6ntekij\u00f6ille. Hieman kaareva selk\u00e4noja jakaa painon ihanteellisesti koko vartalolle. Se mukautuu my\u00f6s optimaalisesti vartalon muotoihin. Muotonsa s\u00e4ilytt\u00e4v\u00e4 vaahtomuovit\u00e4yte tekee istumisesta t\u00e4ll\u00e4 tuolilla my\u00f6s puhdasta nautintoa. Hyvin suunnitellut yksityiskohdat: Selk\u00e4nojan tikattu muotoilu antaa t\u00e4lle ty\u00f6tuolille ainutlaatuisen ilmeen. PU-rullat varmistavat, ett\u00e4 voit liukua sujuvasti ty\u00f6huoneessa, olohuoneessa, makuuhuoneessa ja toimistossa. Mukana toimitettujen vararuuveilla olet aina hyvin varautunut odottamattomiin tilanteisiin.Tuotetiedot: V\u00e4ri: musta Materiaali: ter\u00e4s- ja vanerirunko, vaahtomuovit\u00e4yte, PU-keinonahkapinta, PU-muovipy\u00f6r\u00e4t Tuolin kokonaismitat: 60 x 67 x (67,8-87,5) cm (P x L x K) Istuinkorkeus (lattiasta): 41\u201351 cm Istuimen mitat: 42 x 44 cm (P x L) Selk\u00e4nojan korkeus: 47 cm Paino: 8,2 kg Maks. staattinen kantavuus: 120 kg Toimitus sis\u00e4lt\u00e4\u00e4: 1 x ty\u00f6tuoli 1 x lis\u00e4varustepaketti 1 x ohjeet (DE, EN, IT, FR, ES)<\/p>\n","protected":false},"excerpt":{"rendered":"<p>SONGMICS toimistotuoli, mukava ty\u00f6tuoli, korkeuss\u00e4\u00e4dett\u00e4v\u00e4 tietokonetuoli, kantavuus 120 kg, ter\u00e4srunko, PU-keinonahka, kotitoimisto, toimisto, musta OBG018B01<\/p>\n","protected":false},"featured_media":44447,"comment_status":"open","ping_status":"closed","template":"","meta":[],"product_brand":[],"product_cat":[32],"product_tag":[],"class_list":{"0":"post-36135","1":"product","2":"type-product","3":"status-publish","4":"has-post-thumbnail","6":"product_cat-uncategorized-fi","8":"first","9":"instock","10":"shipping-taxable","11":"purchasable","12":"product-type-simple"},"_links":{"self":[{"href":"https:\/\/nordicmart.andreevmaster.com\/fi\/wp-json\/wp\/v2\/product\/36135","targetHints":{"allow":["GET"]}}],"collection":[{"href":"https:\/\/nordicmart.andreevmaster.com\/fi\/wp-json\/wp\/v2\/product"}],"about":[{"href":"https:\/\/nordicmart.andreevmaster.com\/fi\/wp-json\/wp\/v2\/types\/product"}],"replies":[{"embeddable":true,"href":"https:\/\/nordicmart.andreevmaster.com\/fi\/wp-json\/wp\/v2\/comments?post=36135"}],"wp:featuredmedia":[{"embeddable":true,"href":"https:\/\/nordicmart.andreevmaster.com\/fi\/wp-json\/wp\/v2\/media\/44447"}],"wp:attachment":[{"href":"https:\/\/nordicmart.andreevmaster.com\/fi\/wp-json\/wp\/v2\/media?parent=36135"}],"wp:term":[{"taxonomy":"product_brand","embeddable":true,"href":"https:\/\/nordicmart.andreevmaster.com\/fi\/wp-json\/wp\/v2\/product_brand?post=36135"},{"taxonomy":"product_cat","embeddable":true,"href":"https:\/\/nordicmart.andreevmaster.com\/fi\/wp-json\/wp\/v2\/product_cat?post=36135"},{"taxonomy":"product_tag","embeddable":true,"href":"https:\/\/nordicmart.andreevmaster.com\/fi\/wp-json\/wp\/v2\/product_tag?post=36135"}],"curies":[{"name":"wp","href":"https:\/\/api.w.org\/{rel}","templated":true}]}}