{"id":36133,"date":"2026-02-27T00:33:06","date_gmt":"2026-02-27T00:33:06","guid":{"rendered":"https:\/\/nordicmart.andreevmaster.com\/product\/songmics-toimistotuoli-pehmustettu-cappuccinobeige-pilvinen-valkoinen\/"},"modified":"2026-02-27T09:51:08","modified_gmt":"2026-02-27T09:51:08","slug":"songmics-toimistotuoli-pehmustettu-cappuccinobeige-pilvinen-valkoinen","status":"publish","type":"product","link":"https:\/\/nordicmart.andreevmaster.com\/fi\/tuote\/songmics-toimistotuoli-pehmustettu-cappuccinobeige-pilvinen-valkoinen\/","title":{"rendered":"SONGMICS toimistotuoli, pehmustettu, cappuccinobeige-pilvinen valkoinen"},"content":{"rendered":"<p>SONGMICS toimistotuoli, py\u00f6riv\u00e4 tuoli samettiverhoilulla, vaahtomuovipehmuste, korkeuss\u00e4\u00e4dett\u00e4v\u00e4, ty\u00f6huoneeseen, baariin, vaaleanharmaa OBG012G01<br \/>\nV\u00e4ri: cappuccinobeige-pilvinen valkoinen<br \/>\nMateriaali: ter\u00e4s, sherpa, keinonahka, nailonpy\u00f6r\u00e4t, vaahtomuovipehmuste<br \/>\nTuolin koko: 62 x 62 x (83,5-93,5) cm (syvyys x leveys x korkeus)<br \/>\nIstuinkorkeus: 47\u201357 cm<br \/>\nPaino: 8,2 kg<br \/>\nMaks. staattinen kantavuus: 110 kg<\/p>\n","protected":false},"excerpt":{"rendered":"<p>SONGMICS toimistotuoli, py\u00f6riv\u00e4 tuoli samettiverhoilulla, vaahtomuovipehmuste, korkeuss\u00e4\u00e4dett\u00e4v\u00e4, ty\u00f6huoneeseen, baariin, vaaleanharmaa OBG012G01<\/p>\n","protected":false},"featured_media":44445,"comment_status":"open","ping_status":"closed","template":"","meta":[],"product_brand":[],"product_cat":[32],"product_tag":[],"class_list":{"0":"post-36133","1":"product","2":"type-product","3":"status-publish","4":"has-post-thumbnail","6":"product_cat-uncategorized-fi","8":"first","9":"instock","10":"shipping-taxable","11":"purchasable","12":"product-type-simple"},"_links":{"self":[{"href":"https:\/\/nordicmart.andreevmaster.com\/fi\/wp-json\/wp\/v2\/product\/36133","targetHints":{"allow":["GET"]}}],"collection":[{"href":"https:\/\/nordicmart.andreevmaster.com\/fi\/wp-json\/wp\/v2\/product"}],"about":[{"href":"https:\/\/nordicmart.andreevmaster.com\/fi\/wp-json\/wp\/v2\/types\/product"}],"replies":[{"embeddable":true,"href":"https:\/\/nordicmart.andreevmaster.com\/fi\/wp-json\/wp\/v2\/comments?post=36133"}],"wp:featuredmedia":[{"embeddable":true,"href":"https:\/\/nordicmart.andreevmaster.com\/fi\/wp-json\/wp\/v2\/media\/44445"}],"wp:attachment":[{"href":"https:\/\/nordicmart.andreevmaster.com\/fi\/wp-json\/wp\/v2\/media?parent=36133"}],"wp:term":[{"taxonomy":"product_brand","embeddable":true,"href":"https:\/\/nordicmart.andreevmaster.com\/fi\/wp-json\/wp\/v2\/product_brand?post=36133"},{"taxonomy":"product_cat","embeddable":true,"href":"https:\/\/nordicmart.andreevmaster.com\/fi\/wp-json\/wp\/v2\/product_cat?post=36133"},{"taxonomy":"product_tag","embeddable":true,"href":"https:\/\/nordicmart.andreevmaster.com\/fi\/wp-json\/wp\/v2\/product_tag?post=36133"}],"curies":[{"name":"wp","href":"https:\/\/api.w.org\/{rel}","templated":true}]}}