{"id":36130,"date":"2026-02-27T00:33:06","date_gmt":"2026-02-27T00:33:06","guid":{"rendered":"https:\/\/nordicmart.andreevmaster.com\/product\/songmics-kaantyva-tuoli-samettiverhoilu-harmaa\/"},"modified":"2026-02-27T09:51:08","modified_gmt":"2026-02-27T09:51:08","slug":"songmics-kaantyva-tuoli-samettiverhoilu-harmaa","status":"publish","type":"product","link":"https:\/\/nordicmart.andreevmaster.com\/fi\/tuote\/songmics-kaantyva-tuoli-samettiverhoilu-harmaa\/","title":{"rendered":"SONGMICS k\u00e4\u00e4ntyv\u00e4 tuoli, samettiverhoilu, harmaa"},"content":{"rendered":"<p>Tuotetiedot: V\u00e4ri: Vaaleanharmaa Materiaali: Ter\u00e4s, nailonpy\u00f6r\u00e4t, vaahtomuovipehmuste, sametti Tuolin koko: 64 x 62 x (80-90) cm (P x L x K) Istuinkorkeus: 45-55 cm Paino: 8,2 kg Maks. staattinen kantavuus: 120 kgToimitus sis\u00e4lt\u00e4\u00e4:1 x ty\u00f6tuoli1 x lis\u00e4varustepaketti1 x ohjeet<\/p>\n","protected":false},"excerpt":{"rendered":"<p>SONGMICS toimistotuoli, py\u00f6riv\u00e4 tuoli samettiverhoilulla, vaahtomuovipehmuste, korkeuss\u00e4\u00e4dett\u00e4v\u00e4, ty\u00f6huoneeseen, baariin, vaaleanharmaa OBG012G01<\/p>\n","protected":false},"featured_media":44442,"comment_status":"open","ping_status":"closed","template":"","meta":[],"product_brand":[],"product_cat":[32],"product_tag":[],"class_list":{"0":"post-36130","1":"product","2":"type-product","3":"status-publish","4":"has-post-thumbnail","6":"product_cat-uncategorized-fi","8":"first","9":"instock","10":"shipping-taxable","11":"purchasable","12":"product-type-simple"},"_links":{"self":[{"href":"https:\/\/nordicmart.andreevmaster.com\/fi\/wp-json\/wp\/v2\/product\/36130","targetHints":{"allow":["GET"]}}],"collection":[{"href":"https:\/\/nordicmart.andreevmaster.com\/fi\/wp-json\/wp\/v2\/product"}],"about":[{"href":"https:\/\/nordicmart.andreevmaster.com\/fi\/wp-json\/wp\/v2\/types\/product"}],"replies":[{"embeddable":true,"href":"https:\/\/nordicmart.andreevmaster.com\/fi\/wp-json\/wp\/v2\/comments?post=36130"}],"wp:featuredmedia":[{"embeddable":true,"href":"https:\/\/nordicmart.andreevmaster.com\/fi\/wp-json\/wp\/v2\/media\/44442"}],"wp:attachment":[{"href":"https:\/\/nordicmart.andreevmaster.com\/fi\/wp-json\/wp\/v2\/media?parent=36130"}],"wp:term":[{"taxonomy":"product_brand","embeddable":true,"href":"https:\/\/nordicmart.andreevmaster.com\/fi\/wp-json\/wp\/v2\/product_brand?post=36130"},{"taxonomy":"product_cat","embeddable":true,"href":"https:\/\/nordicmart.andreevmaster.com\/fi\/wp-json\/wp\/v2\/product_cat?post=36130"},{"taxonomy":"product_tag","embeddable":true,"href":"https:\/\/nordicmart.andreevmaster.com\/fi\/wp-json\/wp\/v2\/product_tag?post=36130"}],"curies":[{"name":"wp","href":"https:\/\/api.w.org\/{rel}","templated":true}]}}