{"id":36129,"date":"2026-02-27T00:33:05","date_gmt":"2026-02-27T00:33:05","guid":{"rendered":"https:\/\/nordicmart.andreevmaster.com\/product\/nomi-vaatekaappi\/"},"modified":"2026-02-27T09:51:08","modified_gmt":"2026-02-27T09:51:08","slug":"nomi-vaatekaappi","status":"publish","type":"product","link":"https:\/\/nordicmart.andreevmaster.com\/fi\/tuote\/nomi-vaatekaappi\/","title":{"rendered":"Nomi-vaatekaappi"},"content":{"rendered":"<p>Kaksiovinen, tilava vaatekaappi on v\u00e4ltt\u00e4m\u00e4t\u00f6n osa lastenhuoneen kalustusta. Vaatekaappi on jaettu kahteen osaan: vaatteiden ripustamiseen tarkoitettu hylly ja tilavat hyllyt. Vaatekaappi toimitetaan t\u00e4ydellisen\u00e4, ja siihen kuuluu vaatekaapin alle sijoitettava erillinen laatikko.<br \/>\n**<br \/>\nT\u00e4rkeimm\u00e4t edut:**<br \/>\n&#8211; tilava laatikko<br \/>\n&#8211; 4 hylly\u00e4 sis\u00e4ll\u00e4, joista 3 on s\u00e4\u00e4dett\u00e4viss\u00e4 (vaatekaapin oikea puoli), yksi vaatekaapin levyinen hylly; vaatehylly ja sen alla yksi s\u00e4\u00e4dett\u00e4v\u00e4 hylly (vaatekaapin vasen puoli)<br \/>\n&#8211; mahdollisuus kiinnitt\u00e4\u00e4 sein\u00e4\u00e4n \u2013 suositeltavaa<br \/>\n&#8211; t\u00e4ytt\u00e4\u00e4 eurooppalaiset standardit ja turvallisuusvaatimukset<\/p>\n<p>**Huonekalujen muotoilu ja viimeistely:**<br \/>\n&#8211; yl\u00e4osa on valmistettu luonnollisesta tammiviilusta, joka on lakattu v\u00e4ritt\u00f6m\u00e4ll\u00e4 maalilla<br \/>\n&#8211; ovet on valmistettu MDF-levyst\u00e4, joka on lakattu valkoisella, lapsiturvallisella lakalla<br \/>\n&#8211; jalat on valmistettu tammipuusta, joka on lakattu v\u00e4ritt\u00f6m\u00e4ll\u00e4, lapsiturvallisella maalilla<br \/>\n&#8211; lipaston sivut on valmistettu korkealaatuisesta laminoidusta levyst\u00e4, joka kest\u00e4\u00e4 vaurioita ja kosteutta ja on helppo pit\u00e4\u00e4 puhtaana<br \/>\n&#8211; laatikot on varustettu turvallisilla ja hiljaisilla Hafele-kiskoilla, joissa on itsest\u00e4\u00e4n sulkeutuva j\u00e4rjestelm\u00e4<br \/>\n&#8211; tuotannossa k\u00e4ytetyt lakat ovat lapsiturvallisia, sertifioituja eiv\u00e4tk\u00e4 aiheuta allergioita<\/p>\n<p>**V\u00e4rit:**<br \/>\n&#8211; valkoinen ja tammi, kaikki mattapintaiset<\/p>\n<p>**K\u00e4ytt\u00f6ohje:**<br \/>\nHuonekalut on pyyhitt\u00e4v\u00e4 pehme\u00e4ll\u00e4, vedell\u00e4 tai huonekalupuhdistusaineella kostutetulla puuvillakankaalla.<\/p>\n<p>**Lis\u00e4tietoja:**<br \/>\nHuonekalut toimitetaan itse koottavina laatikoissa. Laatikoissa on yksityiskohtainen asennusohje ja tarvittavat tarvikkeet (ruuvit jne.).<\/p>\n","protected":false},"excerpt":{"rendered":"<p>Kaksiovinen, tilava vaatekaappi on v\u00e4ltt\u00e4m\u00e4t\u00f6n osa lastenhuoneen kalustusta. Vaatekaappi on jaettu kahteen osaan: vaatteiden ripustamiseen tarkoitettu hylly ja tilavat hyllyt. Vaatekaappi toimitetaan t\u00e4ydellisen\u00e4, ja siihen kuuluu vaatekaapin alle sijoitettava erillinen laatikko. ** T\u00e4rkeimm\u00e4t edut:** &#8211; tilava laatikko &#8211; 4 hylly\u00e4 sis\u00e4ll\u00e4, joista 3 on s\u00e4\u00e4dett\u00e4viss\u00e4 (vaatekaapin oikea puoli), yksi vaatekaapin levyinen hylly; vaatehylly ja sen [&hellip;]<\/p>\n","protected":false},"featured_media":0,"comment_status":"open","ping_status":"closed","template":"","meta":[],"product_brand":[],"product_cat":[32],"product_tag":[],"class_list":{"0":"post-36129","1":"product","2":"type-product","3":"status-publish","5":"product_cat-uncategorized-fi","7":"first","8":"instock","9":"shipping-taxable","10":"purchasable","11":"product-type-simple"},"_links":{"self":[{"href":"https:\/\/nordicmart.andreevmaster.com\/fi\/wp-json\/wp\/v2\/product\/36129","targetHints":{"allow":["GET"]}}],"collection":[{"href":"https:\/\/nordicmart.andreevmaster.com\/fi\/wp-json\/wp\/v2\/product"}],"about":[{"href":"https:\/\/nordicmart.andreevmaster.com\/fi\/wp-json\/wp\/v2\/types\/product"}],"replies":[{"embeddable":true,"href":"https:\/\/nordicmart.andreevmaster.com\/fi\/wp-json\/wp\/v2\/comments?post=36129"}],"wp:attachment":[{"href":"https:\/\/nordicmart.andreevmaster.com\/fi\/wp-json\/wp\/v2\/media?parent=36129"}],"wp:term":[{"taxonomy":"product_brand","embeddable":true,"href":"https:\/\/nordicmart.andreevmaster.com\/fi\/wp-json\/wp\/v2\/product_brand?post=36129"},{"taxonomy":"product_cat","embeddable":true,"href":"https:\/\/nordicmart.andreevmaster.com\/fi\/wp-json\/wp\/v2\/product_cat?post=36129"},{"taxonomy":"product_tag","embeddable":true,"href":"https:\/\/nordicmart.andreevmaster.com\/fi\/wp-json\/wp\/v2\/product_tag?post=36129"}],"curies":[{"name":"wp","href":"https:\/\/api.w.org\/{rel}","templated":true}]}}