{"id":36128,"date":"2026-02-27T00:33:05","date_gmt":"2026-02-27T00:33:05","guid":{"rendered":"https:\/\/nordicmart.andreevmaster.com\/product\/nomi-kirjahylly\/"},"modified":"2026-02-27T09:51:07","modified_gmt":"2026-02-27T09:51:07","slug":"nomi-kirjahylly","status":"publish","type":"product","link":"https:\/\/nordicmart.andreevmaster.com\/fi\/tuote\/nomi-kirjahylly\/","title":{"rendered":"Nomi-kirjahylly"},"content":{"rendered":"<p>Nomi-hyllykk\u00f6 tarjoaa monia k\u00e4yt\u00e4nn\u00f6llisi\u00e4 ratkaisuja. Se voidaan asettaa lattialle, jotta vauva voi leikki\u00e4 leluillaan ja p\u00e4\u00e4st\u00e4 niihin helposti k\u00e4siksi. Kun vauva kasvaa, hyllyk\u00f6n voi ripustaa sein\u00e4lle. T\u00e4rkeint\u00e4 on kuitenkin se, ett\u00e4 hyllyk\u00f6n voi asettaa s\u00e4ngyn viereen ja luoda lapselle ihanan pienen talon leikkimist\u00e4 ja nukkumista varten. T\u00e4rkeimm\u00e4t edut:<br \/>\n&#8211; voidaan asettaa lattialle, ripustaa sein\u00e4lle tai sijoittaa s\u00e4ngyn viereen<br \/>\n&#8211; tilava hylly, joka est\u00e4\u00e4 tavaroiden putoamisen<br \/>\n&#8211; mahdollisuus kiinnitt\u00e4\u00e4 sein\u00e4\u00e4n<br \/>\n&#8211; t\u00e4ytt\u00e4\u00e4 eurooppalaiset standardit ja turvallisuusvaatimukset Mitat (cm):<br \/>\nkorkeus: 120<br \/>\nsyvyys: 40<br \/>\nleveys: 74 Huonekalujen materiaalit ja viimeistely:<br \/>\n&#8211; sivut ja yl\u00e4osa on valmistettu valkoiseksi lakatusta MDF-levyst\u00e4<br \/>\n&#8211; kaikki hyllyt on valmistettu tammiviilusta<br \/>\n&#8211; lakkauksessa k\u00e4ytetyt maalit ovat lapsille turvallisia, EN71\/3-hyv\u00e4ksyttyj\u00e4 eiv\u00e4tk\u00e4 aiheuta allergiaa.<br \/>\nK\u00e4ytt\u00f6ohjeet:<br \/>\nHuonekalut tulee puhdistaa pehme\u00e4ll\u00e4, vedell\u00e4 kostutetulla puuvillakankaalla tai huonekalujen hoitoon tarkoitetulla tuotteella. <\/p>\n<p>Lis\u00e4tietoja:<br \/>\nHuonekalut toimitetaan pakkauksissa, jotka on tarkoitettu itse koottaviksi. Pakkaukset sis\u00e4lt\u00e4v\u00e4t yksityiskohtaiset kokoamisohjeet sek\u00e4 tarvikkeet (ruuvit jne.).<\/p>\n","protected":false},"excerpt":{"rendered":"<p>Nomi-hyllykk\u00f6 tarjoaa monia k\u00e4yt\u00e4nn\u00f6llisi\u00e4 ratkaisuja. Se voidaan asettaa lattialle, jotta vauva voi leikki\u00e4 leluillaan ja p\u00e4\u00e4st\u00e4 niihin helposti k\u00e4siksi. Kun vauva kasvaa, hyllyk\u00f6n voi ripustaa sein\u00e4lle. T\u00e4rkeint\u00e4 on kuitenkin se, ett\u00e4 hyllyk\u00f6n voi asettaa s\u00e4ngyn viereen ja luoda lapselle ihanan pienen talon leikkimist\u00e4 ja nukkumista varten. T\u00e4rkeimm\u00e4t edut: &#8211; voidaan asettaa lattialle, ripustaa sein\u00e4lle tai [&hellip;]<\/p>\n","protected":false},"featured_media":0,"comment_status":"open","ping_status":"closed","template":"","meta":[],"product_brand":[],"product_cat":[32],"product_tag":[],"class_list":{"0":"post-36128","1":"product","2":"type-product","3":"status-publish","5":"product_cat-uncategorized-fi","7":"first","8":"instock","9":"shipping-taxable","10":"purchasable","11":"product-type-simple"},"_links":{"self":[{"href":"https:\/\/nordicmart.andreevmaster.com\/fi\/wp-json\/wp\/v2\/product\/36128","targetHints":{"allow":["GET"]}}],"collection":[{"href":"https:\/\/nordicmart.andreevmaster.com\/fi\/wp-json\/wp\/v2\/product"}],"about":[{"href":"https:\/\/nordicmart.andreevmaster.com\/fi\/wp-json\/wp\/v2\/types\/product"}],"replies":[{"embeddable":true,"href":"https:\/\/nordicmart.andreevmaster.com\/fi\/wp-json\/wp\/v2\/comments?post=36128"}],"wp:attachment":[{"href":"https:\/\/nordicmart.andreevmaster.com\/fi\/wp-json\/wp\/v2\/media?parent=36128"}],"wp:term":[{"taxonomy":"product_brand","embeddable":true,"href":"https:\/\/nordicmart.andreevmaster.com\/fi\/wp-json\/wp\/v2\/product_brand?post=36128"},{"taxonomy":"product_cat","embeddable":true,"href":"https:\/\/nordicmart.andreevmaster.com\/fi\/wp-json\/wp\/v2\/product_cat?post=36128"},{"taxonomy":"product_tag","embeddable":true,"href":"https:\/\/nordicmart.andreevmaster.com\/fi\/wp-json\/wp\/v2\/product_tag?post=36128"}],"curies":[{"name":"wp","href":"https:\/\/api.w.org\/{rel}","templated":true}]}}