{"id":36127,"date":"2026-02-27T00:33:05","date_gmt":"2026-02-27T00:33:05","guid":{"rendered":"https:\/\/nordicmart.andreevmaster.com\/product\/nomi-vauvansanky-juniorisanky-70x140-laatikolla\/"},"modified":"2026-02-27T09:51:07","modified_gmt":"2026-02-27T09:51:07","slug":"nomi-vauvansanky-juniorisanky-70x140-laatikolla","status":"publish","type":"product","link":"https:\/\/nordicmart.andreevmaster.com\/fi\/tuote\/nomi-vauvansanky-juniorisanky-70x140-laatikolla\/","title":{"rendered":"Nomi-vauvans\u00e4nky\/junioris\u00e4nky 70&#215;140, laatikolla"},"content":{"rendered":"<p>Pinnas\u00e4nky on aina lastenhuoneen syd\u00e4n, jossa he voivat lev\u00e4t\u00e4, unelmoida ja leikki\u00e4. Jokaisen lapsen perustarpeiden tyydytt\u00e4misen lis\u00e4ksi olemme kuitenkin keskittyneet my\u00f6s sen toimintojen k\u00e4yt\u00e4nn\u00f6lliseen k\u00e4ytt\u00f6\u00f6n leikiss\u00e4 ja lapsen kehityksen tukemisessa.<br \/>\nSohva- tai p\u00e4iv\u00e4vuodeversiossa pinnas\u00e4nky on sopivalla korkeudella lattiasta, jotta vauvat p\u00e4\u00e4sev\u00e4t vapaasti sis\u00e4\u00e4n ja ulos s\u00e4ngyst\u00e4, mik\u00e4 on erityisen t\u00e4rke\u00e4\u00e4 heid\u00e4n itsen\u00e4isyytens\u00e4 ja itsem\u00e4\u00e4r\u00e4\u00e4misoikeutensa rakentamisessa. Tilava laatikko erilaisille tarvikkeille on helppo avata jokaiselle pikkulapselle, ja kun asetamme divaanille saman sarjan m\u00f6kkikirjahyllyn, luomme kodikkaan pes\u00e4n nukkumiseen ja leikkimiseen, jossa on tilaa lapsen lempinallelle, valaisimelle jne.<\/p>\n<p>**T\u00e4rkeimm\u00e4t edut:**<br \/>\n&#8211; t\u00e4ytt\u00e4\u00e4 eurooppalaiset standardit ja turvallisuusnormit<br \/>\n&#8211; kaksi irrotettavaa tankoa yhdess\u00e4 kehyksess\u00e4, jotka mahdollistavat s\u00e4nkyyn nousemisen ja sielt\u00e4 poistumisen<br \/>\n&#8211; nelj\u00e4 patjan kehyksen korkeuden s\u00e4\u00e4t\u00f6tasoa, jotka voidaan s\u00e4\u00e4t\u00e4\u00e4 lapsen kehitystasoon sopiviksi (28\/34\/ 48,5\/ 64,5 cm lattiasta)<br \/>\n&#8211; muunnettavissa sohvaksi purkamalla toinen kehyksist\u00e4<br \/>\n&#8211; muunnettavissa p\u00e4iv\u00e4vuoteeksi purkamalla kaksi kehyst\u00e4 sek\u00e4 p\u00e4\u00e4ty ja jalkop\u00e4\u00e4<br \/>\n&#8211; p\u00e4iv\u00e4vuode voidaan yhdist\u00e4\u00e4 saman sarjan m\u00f6kkikirjahyllyyn<br \/>\n&#8211; tilava laatikko hiljaisilla Hafele-liukukiskoilla<br \/>\n&#8211; laatikon kansi<br \/>\n&#8211; s\u00e4ngyn putoamissuoja saatavana lis\u00e4varusteena (valinnainen)<\/p>\n<p>**Mitat (cm):**<br \/>\npituus: 144<br \/>\nleveys: 795<br \/>\nkorkeus: 96 <\/p>\n<p>**Lis\u00e4tietoja:**<br \/>\n&#8211; s\u00e4nkyyn sopiva patja: 140 cm x 70 cm<br \/>\n&#8211; k\u00e4ytt\u00f6ik\u00e4: noin 5-vuotiaaksi asti.<\/p>\n<p>**Huonekalujen muotoilu ja viimeistely:**<br \/>\n&#8211; yl\u00e4osa on valmistettu luonnollisesta tammiviilusta, joka on lakattu v\u00e4ritt\u00f6m\u00e4ll\u00e4 maalilla<br \/>\n&#8211; laatikoiden etuosat (2\/3) on valmistettu MDF-levyst\u00e4, joka on lakattu valkoisella, lapsiturvallisella lakalla, ja tammiviilusta (1\/3), joka on lakattu v\u00e4ritt\u00f6m\u00e4ll\u00e4 maalilla<br \/>\n&#8211; jalat on valmistettu tammipuusta, joka on lakattu v\u00e4ritt\u00f6m\u00e4ll\u00e4, lapsiturvallisella maalilla<br \/>\n&#8211; laatikko on varustettu turvallisilla ja hiljaisilla Hafele-kiskoilla, joissa on itsest\u00e4\u00e4n sulkeutuva j\u00e4rjestelm\u00e4<br \/>\n&#8211; tikkaat on valmistettu py\u00f6kkipuusta, lakattu valkoisella maalilla<br \/>\n&#8211; patjakehys on valmistettu py\u00f6kkivanerista<br \/>\n&#8211; tuotannossa k\u00e4ytetyt lakat ovat lapsiturvallisia, sertifioituja standardin EN71\/3 mukaisesti, eiv\u00e4t aiheuta allergioita<\/p>\n<p>**V\u00e4rit:**<br \/>\n&#8211; valkoinen, tammi mattapintaisena<\/p>\n<p>**K\u00e4ytt\u00f6ohje:**<br \/>\nHuonekalut on pyyhitt\u00e4v\u00e4 pehme\u00e4ll\u00e4, vedell\u00e4 tai huonekalupuhdistusaineella kostutetulla puuvillakankaalla.<\/p>\n<p>**Lis\u00e4tietoja:**<br \/>\nHuonekalut toimitetaan itse koottavina laatikoissa. Laatikoissa on yksityiskohtainen asennusohje ja tarvittavat tarvikkeet (ruuvit jne.).<\/p>\n","protected":false},"excerpt":{"rendered":"<p>Pinnas\u00e4nky on aina lastenhuoneen syd\u00e4n, jossa he voivat lev\u00e4t\u00e4, unelmoida ja leikki\u00e4. Jokaisen lapsen perustarpeiden tyydytt\u00e4misen lis\u00e4ksi olemme kuitenkin keskittyneet my\u00f6s sen toimintojen k\u00e4yt\u00e4nn\u00f6lliseen k\u00e4ytt\u00f6\u00f6n leikiss\u00e4 ja lapsen kehityksen tukemisessa. Sohva- tai p\u00e4iv\u00e4vuodeversiossa pinnas\u00e4nky on sopivalla korkeudella lattiasta, jotta vauvat p\u00e4\u00e4sev\u00e4t vapaasti sis\u00e4\u00e4n ja ulos s\u00e4ngyst\u00e4, mik\u00e4 on erityisen t\u00e4rke\u00e4\u00e4 heid\u00e4n itsen\u00e4isyytens\u00e4 ja itsem\u00e4\u00e4r\u00e4\u00e4misoikeutensa rakentamisessa. [&hellip;]<\/p>\n","protected":false},"featured_media":0,"comment_status":"open","ping_status":"closed","template":"","meta":[],"product_brand":[],"product_cat":[32],"product_tag":[],"class_list":{"0":"post-36127","1":"product","2":"type-product","3":"status-publish","5":"product_cat-uncategorized-fi","7":"first","8":"instock","9":"shipping-taxable","10":"purchasable","11":"product-type-simple"},"_links":{"self":[{"href":"https:\/\/nordicmart.andreevmaster.com\/fi\/wp-json\/wp\/v2\/product\/36127","targetHints":{"allow":["GET"]}}],"collection":[{"href":"https:\/\/nordicmart.andreevmaster.com\/fi\/wp-json\/wp\/v2\/product"}],"about":[{"href":"https:\/\/nordicmart.andreevmaster.com\/fi\/wp-json\/wp\/v2\/types\/product"}],"replies":[{"embeddable":true,"href":"https:\/\/nordicmart.andreevmaster.com\/fi\/wp-json\/wp\/v2\/comments?post=36127"}],"wp:attachment":[{"href":"https:\/\/nordicmart.andreevmaster.com\/fi\/wp-json\/wp\/v2\/media?parent=36127"}],"wp:term":[{"taxonomy":"product_brand","embeddable":true,"href":"https:\/\/nordicmart.andreevmaster.com\/fi\/wp-json\/wp\/v2\/product_brand?post=36127"},{"taxonomy":"product_cat","embeddable":true,"href":"https:\/\/nordicmart.andreevmaster.com\/fi\/wp-json\/wp\/v2\/product_cat?post=36127"},{"taxonomy":"product_tag","embeddable":true,"href":"https:\/\/nordicmart.andreevmaster.com\/fi\/wp-json\/wp\/v2\/product_tag?post=36127"}],"curies":[{"name":"wp","href":"https:\/\/api.w.org\/{rel}","templated":true}]}}