{"id":36126,"date":"2026-02-27T00:33:05","date_gmt":"2026-02-27T00:33:05","guid":{"rendered":"https:\/\/nordicmart.andreevmaster.com\/product\/nomi-lipasto\/"},"modified":"2026-02-27T09:51:07","modified_gmt":"2026-02-27T09:51:07","slug":"nomi-lipasto","status":"publish","type":"product","link":"https:\/\/nordicmart.andreevmaster.com\/fi\/tuote\/nomi-lipasto\/","title":{"rendered":"Nomi lipasto"},"content":{"rendered":"<p>Vauvans\u00e4ngyn vieress\u00e4 oleva lipasto on eritt\u00e4in t\u00e4rke\u00e4 osa lastenhuonetta. Kolme tilavaa laatikkoa tarjoavat riitt\u00e4v\u00e4sti tilaa monille tarvikkeille, pienemmille ja suuremmille vaatekappaleille tai lapsen aarteille. Perinteiset nupit on korvattu hymynmuotoisilla upotetuilla kahvoilla, jotka ovat eritt\u00e4in mukavia sek\u00e4 lapsille ett\u00e4 aikuisille. Yl\u00e4osaa voidaan k\u00e4ytt\u00e4\u00e4 hoitop\u00f6yt\u00e4n\u00e4, jotta vanhemmat voivat huolehtia vauvasta turvallisesti varhaislapsuudessa.<br \/>\n**T\u00e4rkeimm\u00e4t edut:**<br \/>\n&#8211; kolme tilavaa laatikkoa<br \/>\n&#8211; voidaan varustaa hoitop\u00f6yd\u00e4ll\u00e4<br \/>\n&#8211; k\u00e4ytt\u00e4j\u00e4yst\u00e4v\u00e4lliset kahvat<br \/>\n&#8211; voidaan kiinnitt\u00e4\u00e4 sein\u00e4\u00e4n \u2013 suositeltavaa<br \/>\n&#8211; t\u00e4ytt\u00e4\u00e4 eurooppalaiset standardit ja turvallisuusnormit<br \/>\n**Mitat (cm):**<br \/>\nkorkeus: 90<br \/>\nsyvyys: 50<br \/>\nleveys: 90<\/p>\n<p>**Huonekalujen muotoilu ja viimeistely:**<br \/>\n&#8211; yl\u00e4osa on valmistettu luonnollisesta tammiviilusta, joka on lakattu v\u00e4ritt\u00f6m\u00e4ll\u00e4 maalilla<br \/>\n&#8211; laatikoiden etuosat on valmistettu MDF-levyst\u00e4, joka on lakattu valkoisella, lapsille turvallisella lakalla<br \/>\n&#8211; jalat on valmistettu tammipuusta, joka on lakattu v\u00e4ritt\u00f6m\u00e4ll\u00e4, lapsille turvallisella maalilla<br \/>\n&#8211; lipaston sivut on valmistettu korkealaatuisesta laminoidusta levyst\u00e4, joka kest\u00e4\u00e4 vaurioita ja kosteutta ja on helppo pit\u00e4\u00e4 puhtaana<br \/>\n&#8211; laatikot on varustettu turvallisilla ja hiljaisilla Hafele-kiskoilla, joissa on itsest\u00e4\u00e4n sulkeutuva j\u00e4rjestelm\u00e4<br \/>\n&#8211; tuotannossa k\u00e4ytetyt lakat ovat lapsiturvallisia,<br \/>\nsertifioituja eiv\u00e4tk\u00e4 aiheuta allergioita<\/p>\n<p>**V\u00e4rit:**<br \/>\n&#8211; valkoinen ja tammi, kaikki mattapintaiset<\/p>\n<p>**K\u00e4ytt\u00f6ohje:**<br \/>\nHuonekalut on pyyhitt\u00e4v\u00e4 pehme\u00e4ll\u00e4, vedell\u00e4 tai huonekalupuhdistusaineella kostutetulla puuvillakankaalla.<br \/>\n**<br \/>\nLis\u00e4tietoja:**<br \/>\nHuonekalut toimitetaan itse koottavina laatikoissa. Laatikoissa on yksityiskohtainen asennusohje ja tarvittavat tarvikkeet (ruuvit jne.).<\/p>\n","protected":false},"excerpt":{"rendered":"<p>Vauvans\u00e4ngyn vieress\u00e4 oleva lipasto on eritt\u00e4in t\u00e4rke\u00e4 osa lastenhuonetta. Kolme tilavaa laatikkoa tarjoavat riitt\u00e4v\u00e4sti tilaa monille tarvikkeille, pienemmille ja suuremmille vaatekappaleille tai lapsen aarteille. Perinteiset nupit on korvattu hymynmuotoisilla upotetuilla kahvoilla, jotka ovat eritt\u00e4in mukavia sek\u00e4 lapsille ett\u00e4 aikuisille. Yl\u00e4osaa voidaan k\u00e4ytt\u00e4\u00e4 hoitop\u00f6yt\u00e4n\u00e4, jotta vanhemmat voivat huolehtia vauvasta turvallisesti varhaislapsuudessa. **T\u00e4rkeimm\u00e4t edut:** &#8211; kolme tilavaa [&hellip;]<\/p>\n","protected":false},"featured_media":0,"comment_status":"open","ping_status":"closed","template":"","meta":[],"product_brand":[],"product_cat":[32],"product_tag":[],"class_list":{"0":"post-36126","1":"product","2":"type-product","3":"status-publish","5":"product_cat-uncategorized-fi","7":"first","8":"instock","9":"shipping-taxable","10":"purchasable","11":"product-type-simple"},"_links":{"self":[{"href":"https:\/\/nordicmart.andreevmaster.com\/fi\/wp-json\/wp\/v2\/product\/36126","targetHints":{"allow":["GET"]}}],"collection":[{"href":"https:\/\/nordicmart.andreevmaster.com\/fi\/wp-json\/wp\/v2\/product"}],"about":[{"href":"https:\/\/nordicmart.andreevmaster.com\/fi\/wp-json\/wp\/v2\/types\/product"}],"replies":[{"embeddable":true,"href":"https:\/\/nordicmart.andreevmaster.com\/fi\/wp-json\/wp\/v2\/comments?post=36126"}],"wp:attachment":[{"href":"https:\/\/nordicmart.andreevmaster.com\/fi\/wp-json\/wp\/v2\/media?parent=36126"}],"wp:term":[{"taxonomy":"product_brand","embeddable":true,"href":"https:\/\/nordicmart.andreevmaster.com\/fi\/wp-json\/wp\/v2\/product_brand?post=36126"},{"taxonomy":"product_cat","embeddable":true,"href":"https:\/\/nordicmart.andreevmaster.com\/fi\/wp-json\/wp\/v2\/product_cat?post=36126"},{"taxonomy":"product_tag","embeddable":true,"href":"https:\/\/nordicmart.andreevmaster.com\/fi\/wp-json\/wp\/v2\/product_tag?post=36126"}],"curies":[{"name":"wp","href":"https:\/\/api.w.org\/{rel}","templated":true}]}}