{"id":36114,"date":"2026-02-27T00:33:02","date_gmt":"2026-02-27T00:33:02","guid":{"rendered":"https:\/\/nordicmart.andreevmaster.com\/product\/grove-musliinilakana-60x120\/"},"modified":"2026-02-27T09:51:05","modified_gmt":"2026-02-27T09:51:05","slug":"grove-musliinilakana-60x120","status":"publish","type":"product","link":"https:\/\/nordicmart.andreevmaster.com\/fi\/tuote\/grove-musliinilakana-60x120\/","title":{"rendered":"Grove-musliinilakana 60&#215;120"},"content":{"rendered":"<p>100 % korkealaatuisesta puuvillamusliinista valmistettu lakana, jolla on OEKO-TEX Standard 100 -sertifikaatti, takaa poikkeuksellisen mukavuuden ja kest\u00e4vyyden. Kangas on pehme\u00e4\u00e4 mutta kulutusta kest\u00e4v\u00e4\u00e4, mik\u00e4 takaa pitk\u00e4aikaisen k\u00e4yt\u00f6n. Lakanassa k\u00e4ytetty puuvilla on luonnollinen, ihoyst\u00e4v\u00e4llinen materiaali. Sen hengitt\u00e4vyys takaa mukavuuden koko y\u00f6n ajan. OEKO-TEX Standard 100 -sertifikaatti takaa, ett\u00e4 puuvilla on vapaa haitallisista aineista. Yksityiskohtaiset tiedot: <\/p>\n<p>&#8211; luonnonpuuvillasta valmistettu lakana <\/p>\n<p>&#8211; herkk\u00e4 ja pehme\u00e4 kosketus <\/p>\n<p>&#8211; viimeistelty joustavalla nauhalla, joka est\u00e4\u00e4 liukumisen patjalla <\/p>\n<p>&#8211; sopii t\u00e4ydellisesti pinnas\u00e4nkyyn <\/p>\n<p>Materiaali: <\/p>\n<p>\u2022 100 % puuvillaa, OEKO-TEX Standard 100 -sertifioitu <\/p>\n<p>Koko S: \u2022 &#8211; 60 x 120 <\/p>\n<p>Pesuohjeet: <\/p>\n<p>\u2022 konepesu 30 \u00b0C:ssa <\/p>\n<p>\u2022 voidaan silitt\u00e4\u00e4 kosteana korkeassa l\u00e4mp\u00f6tilassa <\/p>\n<p>\u2022 ei saa valkaista <\/p>\n<p>\u2022 voidaan kuivata rumpukuivurissa herkille kankaille tarkoitetulla ohjelmalla<\/p>\n","protected":false},"excerpt":{"rendered":"<p>100 % korkealaatuisesta puuvillamusliinista valmistettu lakana, jolla on OEKO-TEX Standard 100 -sertifikaatti, takaa poikkeuksellisen mukavuuden ja kest\u00e4vyyden. Kangas on pehme\u00e4\u00e4 mutta kulutusta kest\u00e4v\u00e4\u00e4, mik\u00e4 takaa pitk\u00e4aikaisen k\u00e4yt\u00f6n. Lakanassa k\u00e4ytetty puuvilla on luonnollinen, ihoyst\u00e4v\u00e4llinen materiaali. Sen hengitt\u00e4vyys takaa mukavuuden koko y\u00f6n ajan. OEKO-TEX Standard 100 -sertifikaatti takaa, ett\u00e4 puuvilla on vapaa haitallisista aineista. Yksityiskohtaiset tiedot: &#8211; [&hellip;]<\/p>\n","protected":false},"featured_media":0,"comment_status":"open","ping_status":"closed","template":"","meta":[],"product_brand":[],"product_cat":[32],"product_tag":[],"class_list":{"0":"post-36114","1":"product","2":"type-product","3":"status-publish","5":"product_cat-uncategorized-fi","7":"first","8":"instock","9":"shipping-taxable","10":"purchasable","11":"product-type-simple"},"_links":{"self":[{"href":"https:\/\/nordicmart.andreevmaster.com\/fi\/wp-json\/wp\/v2\/product\/36114","targetHints":{"allow":["GET"]}}],"collection":[{"href":"https:\/\/nordicmart.andreevmaster.com\/fi\/wp-json\/wp\/v2\/product"}],"about":[{"href":"https:\/\/nordicmart.andreevmaster.com\/fi\/wp-json\/wp\/v2\/types\/product"}],"replies":[{"embeddable":true,"href":"https:\/\/nordicmart.andreevmaster.com\/fi\/wp-json\/wp\/v2\/comments?post=36114"}],"wp:attachment":[{"href":"https:\/\/nordicmart.andreevmaster.com\/fi\/wp-json\/wp\/v2\/media?parent=36114"}],"wp:term":[{"taxonomy":"product_brand","embeddable":true,"href":"https:\/\/nordicmart.andreevmaster.com\/fi\/wp-json\/wp\/v2\/product_brand?post=36114"},{"taxonomy":"product_cat","embeddable":true,"href":"https:\/\/nordicmart.andreevmaster.com\/fi\/wp-json\/wp\/v2\/product_cat?post=36114"},{"taxonomy":"product_tag","embeddable":true,"href":"https:\/\/nordicmart.andreevmaster.com\/fi\/wp-json\/wp\/v2\/product_tag?post=36114"}],"curies":[{"name":"wp","href":"https:\/\/api.w.org\/{rel}","templated":true}]}}