{"id":36112,"date":"2026-02-27T00:33:01","date_gmt":"2026-02-27T00:33:01","guid":{"rendered":"https:\/\/nordicmart.andreevmaster.com\/product\/lasten-vuodevaatteet-snow-musliini-100x135-cm\/"},"modified":"2026-02-27T09:51:04","modified_gmt":"2026-02-27T09:51:04","slug":"lasten-vuodevaatteet-snow-musliini-100x135-cm","status":"publish","type":"product","link":"https:\/\/nordicmart.andreevmaster.com\/fi\/tuote\/lasten-vuodevaatteet-snow-musliini-100x135-cm\/","title":{"rendered":"Lasten vuodevaatteet Snow musliini 100&#215;135 cm"},"content":{"rendered":"<p>Vuodevaatteet on valmistettu 100 % korkealaatuisesta puuvillamusliinista, jolla on OEKO-TEX Standard 100 -sertifikaatti, mik\u00e4 takaa poikkeuksellisen mukavuuden ja kest\u00e4vyyden. Kangas on pehme\u00e4\u00e4 mutta kulutusta kest\u00e4v\u00e4\u00e4, mik\u00e4 takaa pitk\u00e4aikaisen k\u00e4yt\u00f6n. Sarja sis\u00e4lt\u00e4\u00e4 tyynyliinan ja pussilakanan, ilman t\u00e4ytett\u00e4. Vuodevaatteissa k\u00e4ytetty puuvilla on luonnollinen, ihoyst\u00e4v\u00e4llinen materiaali. Sen hengitt\u00e4vyys takaa mukavuuden koko y\u00f6n ajan. OEKO-TEX Standard 100 -sertifikaatti takaa, ett\u00e4 puuvilla on vapaa haitallisista aineista. Puolassa huolella valmistetut vuodevaatteet on pakattu k\u00e4yt\u00e4nn\u00f6lliseen puuvillapussiin, jossa on sama kuosi, joten se sopii erinomaisesti lasten pienten tavaroiden s\u00e4ilytykseen. Se on t\u00e4ydellinen valinta vauvakutsuille, syntym\u00e4p\u00e4iville tai muille erityistilaisuuksille. Yksityiskohtaiset tiedot: \u00b7 Peitteet on valmistettu korkealaatuisesta puuvillakankaasta \u00b7 Sopii t\u00e4ydellisesti vauvans\u00e4nkyihin Materiaali: \u00b7 100 % puuvillaa, OEKO-TEX Standard 100 -sertifioitu Koko M \u00b7 Tyynyliina: 40 x 60 cm \u00b7 Pussilakana: 100&#215;135 cm Suositellaan lapsille syntym\u00e4st\u00e4 noin 6 vuoden ik\u00e4\u00e4n asti. K\u00e4ytett\u00e4v\u00e4 vanhempien valvonnassa. <\/p>\n<p>Pesuohjeet: <\/p>\n<p>\u00b7 konepesu 30 \u00b0C <\/p>\n<p>\u00b7 voidaan silitt\u00e4\u00e4 kosteana korkeassa l\u00e4mp\u00f6tilassa <\/p>\n<p>\u00b7 ei saa valkaista <\/p>\n<p>\u00b7 voidaan kuivata rumpukuivurissa herkille kankaille tarkoitetulla ohjelmalla.<\/p>\n","protected":false},"excerpt":{"rendered":"<p>Vuodevaatteet on valmistettu 100 % korkealaatuisesta puuvillamusliinista, jolla on OEKO-TEX Standard 100 -sertifikaatti, mik\u00e4 takaa poikkeuksellisen mukavuuden ja kest\u00e4vyyden. Kangas on pehme\u00e4\u00e4 mutta kulutusta kest\u00e4v\u00e4\u00e4, mik\u00e4 takaa pitk\u00e4aikaisen k\u00e4yt\u00f6n. Sarja sis\u00e4lt\u00e4\u00e4 tyynyliinan ja pussilakanan, ilman t\u00e4ytett\u00e4. Vuodevaatteissa k\u00e4ytetty puuvilla on luonnollinen, ihoyst\u00e4v\u00e4llinen materiaali. Sen hengitt\u00e4vyys takaa mukavuuden koko y\u00f6n ajan. OEKO-TEX Standard 100 -sertifikaatti takaa, [&hellip;]<\/p>\n","protected":false},"featured_media":0,"comment_status":"open","ping_status":"closed","template":"","meta":[],"product_brand":[],"product_cat":[32],"product_tag":[],"class_list":{"0":"post-36112","1":"product","2":"type-product","3":"status-publish","5":"product_cat-uncategorized-fi","7":"first","8":"instock","9":"shipping-taxable","10":"purchasable","11":"product-type-simple"},"_links":{"self":[{"href":"https:\/\/nordicmart.andreevmaster.com\/fi\/wp-json\/wp\/v2\/product\/36112","targetHints":{"allow":["GET"]}}],"collection":[{"href":"https:\/\/nordicmart.andreevmaster.com\/fi\/wp-json\/wp\/v2\/product"}],"about":[{"href":"https:\/\/nordicmart.andreevmaster.com\/fi\/wp-json\/wp\/v2\/types\/product"}],"replies":[{"embeddable":true,"href":"https:\/\/nordicmart.andreevmaster.com\/fi\/wp-json\/wp\/v2\/comments?post=36112"}],"wp:attachment":[{"href":"https:\/\/nordicmart.andreevmaster.com\/fi\/wp-json\/wp\/v2\/media?parent=36112"}],"wp:term":[{"taxonomy":"product_brand","embeddable":true,"href":"https:\/\/nordicmart.andreevmaster.com\/fi\/wp-json\/wp\/v2\/product_brand?post=36112"},{"taxonomy":"product_cat","embeddable":true,"href":"https:\/\/nordicmart.andreevmaster.com\/fi\/wp-json\/wp\/v2\/product_cat?post=36112"},{"taxonomy":"product_tag","embeddable":true,"href":"https:\/\/nordicmart.andreevmaster.com\/fi\/wp-json\/wp\/v2\/product_tag?post=36112"}],"curies":[{"name":"wp","href":"https:\/\/api.w.org\/{rel}","templated":true}]}}