{"id":36109,"date":"2026-02-27T00:33:00","date_gmt":"2026-02-27T00:33:00","guid":{"rendered":"https:\/\/nordicmart.andreevmaster.com\/product\/musliiniliinasetti-whisper-4-kappaletta-30x30-cm\/"},"modified":"2026-02-27T09:51:03","modified_gmt":"2026-02-27T09:51:03","slug":"musliiniliinasetti-whisper-4-kappaletta-30x30-cm","status":"publish","type":"product","link":"https:\/\/nordicmart.andreevmaster.com\/fi\/tuote\/musliiniliinasetti-whisper-4-kappaletta-30x30-cm\/","title":{"rendered":"Musliiniliinasetti Whisper \u2013 4 kappaletta (30&#215;30 cm)"},"content":{"rendered":"<p>Musliiniliinat ovat v\u00e4ltt\u00e4m\u00e4tt\u00f6mi\u00e4 jokaiselle uudelle \u00e4idille, ja ne sopivat t\u00e4ydellisesti vauvan p\u00e4ivitt\u00e4iseen hoitoon. Pehme\u00e4st\u00e4 ja hell\u00e4varaisesta musliinista valmistetut liinat ovat turvallisia vauvan herk\u00e4lle iholle eiv\u00e4tk\u00e4 aiheuta \u00e4rsytyst\u00e4. Monipuolisuutensa ja imukykyisyytens\u00e4 ansiosta n\u00e4m\u00e4 liinat ovat hy\u00f6dyllisi\u00e4 monissa tilanteissa, mik\u00e4 tekee niist\u00e4 eritt\u00e4in k\u00e4yt\u00e4nn\u00f6llisen lis\u00e4varusteen. <\/p>\n<p>Musliiniliinojen k\u00e4ytt\u00f6tarkoitukset:<br \/>\n-Ruokailun aikana \u2013 Ihanteellinen ruokalappuna tai suojana imetyksen aikana.<br \/>\n-Vaippojen vaihdon aikana \u2013 Voidaan k\u00e4ytt\u00e4\u00e4 pehme\u00e4n\u00e4 alustana vaippaa vaihdettaessa.-R\u00f6yht\u00e4ily \u2013 T\u00e4ydellinen laitettavaksi olkap\u00e4\u00e4lle suojaamaan vaatteitasi, kun vauva r\u00f6yht\u00e4ilee ruokailun j\u00e4lkeen. -Puhtauden yll\u00e4pito \u2013 Erinomainen vauvan kasvojen ja k\u00e4sien pyyhkimiseen ruokailun j\u00e4lkeen. Kankaat ovat kompakteja, kooltaan 30 x 30 cm, joten ne on helppo ottaa mukaan kaikkialle \u2013 k\u00e4velylaukkuun, matkalle tai p\u00e4ivitt\u00e4iseen k\u00e4ytt\u00f6\u00f6n kotiin. <\/p>\n<p>Nelj\u00e4n musliiniliinan setti on korvaamaton apulainen jokaiselle \u00e4idille, sill\u00e4 se helpottaa vauvan hoitoa kaikissa tilanteissa. Se on erinomainen valinta vauvakutsuille tai muihin tilaisuuksiin. <\/p>\n<p>Musliinin edut:<br \/>\n-Imeytymiskyky \u2013 Materiaali imee kosteutta hyvin ja kuivuu nopeasti k\u00e4yt\u00f6n j\u00e4lkeen.-Hengitt\u00e4vyys \u2013 Musliini on kevyt ja hengitt\u00e4v\u00e4, mik\u00e4 takaa mukavuuden my\u00f6s l\u00e4mpimin\u00e4 p\u00e4ivin\u00e4.-Pehmeys \u2013 Se pehmenee jokaisen pesun my\u00f6t\u00e4, mik\u00e4 tekee siit\u00e4 t\u00e4ydellisen vastasyntyneiden herk\u00e4lle iholle. <\/p>\n<p>Materiaali:<br \/>\n-100 % puuvillaa, Oeko-Tex Standard 100 -sertifioitu <\/p>\n<p>Koko:<br \/>\n-30 x 30 cm <\/p>\n<p>Sopii vastasyntyneille. K\u00e4ytett\u00e4v\u00e4 vanhempien valvonnassa. <\/p>\n<p>Pesuohjeet:<br \/>\n-Konepesu 30 \u00b0C:ssa<br \/>\n-Voidaan silitt\u00e4\u00e4 kosteana korkeassa l\u00e4mp\u00f6tilassa<br \/>\n-Ei saa valkaista<br \/>\n-Kuivataan rumpukuivaajassa hell\u00e4varaisella ohjelmalla<\/p>\n","protected":false},"excerpt":{"rendered":"<p>Musliiniliinat ovat v\u00e4ltt\u00e4m\u00e4tt\u00f6mi\u00e4 jokaiselle uudelle \u00e4idille, ja ne sopivat t\u00e4ydellisesti vauvan p\u00e4ivitt\u00e4iseen hoitoon. Pehme\u00e4st\u00e4 ja hell\u00e4varaisesta musliinista valmistetut liinat ovat turvallisia vauvan herk\u00e4lle iholle eiv\u00e4tk\u00e4 aiheuta \u00e4rsytyst\u00e4. Monipuolisuutensa ja imukykyisyytens\u00e4 ansiosta n\u00e4m\u00e4 liinat ovat hy\u00f6dyllisi\u00e4 monissa tilanteissa, mik\u00e4 tekee niist\u00e4 eritt\u00e4in k\u00e4yt\u00e4nn\u00f6llisen lis\u00e4varusteen. Musliiniliinojen k\u00e4ytt\u00f6tarkoitukset: -Ruokailun aikana \u2013 Ihanteellinen ruokalappuna tai suojana imetyksen aikana. -Vaippojen [&hellip;]<\/p>\n","protected":false},"featured_media":0,"comment_status":"open","ping_status":"closed","template":"","meta":[],"product_brand":[],"product_cat":[32],"product_tag":[],"class_list":{"0":"post-36109","1":"product","2":"type-product","3":"status-publish","5":"product_cat-uncategorized-fi","7":"first","8":"instock","9":"shipping-taxable","10":"purchasable","11":"product-type-simple"},"_links":{"self":[{"href":"https:\/\/nordicmart.andreevmaster.com\/fi\/wp-json\/wp\/v2\/product\/36109","targetHints":{"allow":["GET"]}}],"collection":[{"href":"https:\/\/nordicmart.andreevmaster.com\/fi\/wp-json\/wp\/v2\/product"}],"about":[{"href":"https:\/\/nordicmart.andreevmaster.com\/fi\/wp-json\/wp\/v2\/types\/product"}],"replies":[{"embeddable":true,"href":"https:\/\/nordicmart.andreevmaster.com\/fi\/wp-json\/wp\/v2\/comments?post=36109"}],"wp:attachment":[{"href":"https:\/\/nordicmart.andreevmaster.com\/fi\/wp-json\/wp\/v2\/media?parent=36109"}],"wp:term":[{"taxonomy":"product_brand","embeddable":true,"href":"https:\/\/nordicmart.andreevmaster.com\/fi\/wp-json\/wp\/v2\/product_brand?post=36109"},{"taxonomy":"product_cat","embeddable":true,"href":"https:\/\/nordicmart.andreevmaster.com\/fi\/wp-json\/wp\/v2\/product_cat?post=36109"},{"taxonomy":"product_tag","embeddable":true,"href":"https:\/\/nordicmart.andreevmaster.com\/fi\/wp-json\/wp\/v2\/product_tag?post=36109"}],"curies":[{"name":"wp","href":"https:\/\/api.w.org\/{rel}","templated":true}]}}