{"id":36107,"date":"2026-02-27T00:33:00","date_gmt":"2026-02-27T00:33:00","guid":{"rendered":"https:\/\/nordicmart.andreevmaster.com\/product\/songmics-kosmetiikkalaukku-valiseinilla-musta\/"},"modified":"2026-02-27T09:51:03","modified_gmt":"2026-02-27T09:51:03","slug":"songmics-kosmetiikkalaukku-valiseinilla-musta","status":"publish","type":"product","link":"https:\/\/nordicmart.andreevmaster.com\/fi\/tuote\/songmics-kosmetiikkalaukku-valiseinilla-musta\/","title":{"rendered":"SONGMICS kosmetiikkalaukku v\u00e4liseinill\u00e4, musta"},"content":{"rendered":"<p>Ammattimainen kosmetiikkalaukku: Kaiveletko viel\u00e4 vanhaa kosmetiikkalaukkuasi l\u00f6yt\u00e4\u00e4ksesi luomiv\u00e4rit tai meikkivoiteet meikkipinon alta? Kosmetiikkasi ansaitsevat ammattimaisen kosmetiikkalaukun, joka suojaa niit\u00e4 hyvin. Meikkij\u00e4rjestelij\u00e4mme on optimaalinen valinta sinulle \u2013 paitsi meikit, kuten poskipunat ja huulipunat, my\u00f6s harjat, hajuvedet, korut ja kellot mahtuvat t\u00e4h\u00e4n laukkuun ja voidaan s\u00e4ilytt\u00e4\u00e4 siin\u00e4 siististi. Kosmetiikan yst\u00e4ville tarjotaan seuraavat edut: Riitt\u00e4v\u00e4n tilava kaikkien t\u00e4rkeiden kauneustuotteiden s\u00e4ilytt\u00e4miseen, mutta silti tarpeeksi kompakti matkoille.Sis\u00e4osan asettelua voi muokata yksil\u00f6llisesti s\u00e4\u00e4dett\u00e4vien v\u00e4liseinien ansiosta. Pieniss\u00e4 sivutaskussa on kansi, jotta voit s\u00e4ilytt\u00e4\u00e4 harjasi puhtaina. Suuri vetoketjullinen sivutasku sopii t\u00e4ydellisesti suurten luomiv\u00e4ripalettien s\u00e4ilytykseen. Keinonahkainen p\u00e4\u00e4llinen antaa laukulle klassisen ilmeen ja takaa sen pitk\u00e4n k\u00e4ytt\u00f6i\u00e4n.Tuotetiedot: V\u00e4ri: musta Materiaali: PVC-keinonahka, polyesteri, MDF (keskitihe\u00e4 kuitulevy) Koko: 25,5 x 24,5 x 9,5 cm (P x L x K) Paino: 0,7 kg Toimitus sis\u00e4lt\u00e4\u00e4: 1 x meikkilaukku<\/p>\n","protected":false},"excerpt":{"rendered":"<p>SONGMICS kosmetiikan j\u00e4rjestelij\u00e4 matkoille, meikkilaukku, useita lokeroita, s\u00e4\u00e4dett\u00e4v\u00e4t v\u00e4lisein\u00e4t, sivellintaskuja, musta MUC24BK<\/p>\n","protected":false},"featured_media":44441,"comment_status":"open","ping_status":"closed","template":"","meta":[],"product_brand":[],"product_cat":[32],"product_tag":[],"class_list":{"0":"post-36107","1":"product","2":"type-product","3":"status-publish","4":"has-post-thumbnail","6":"product_cat-uncategorized-fi","8":"first","9":"instock","10":"shipping-taxable","11":"purchasable","12":"product-type-simple"},"_links":{"self":[{"href":"https:\/\/nordicmart.andreevmaster.com\/fi\/wp-json\/wp\/v2\/product\/36107","targetHints":{"allow":["GET"]}}],"collection":[{"href":"https:\/\/nordicmart.andreevmaster.com\/fi\/wp-json\/wp\/v2\/product"}],"about":[{"href":"https:\/\/nordicmart.andreevmaster.com\/fi\/wp-json\/wp\/v2\/types\/product"}],"replies":[{"embeddable":true,"href":"https:\/\/nordicmart.andreevmaster.com\/fi\/wp-json\/wp\/v2\/comments?post=36107"}],"wp:featuredmedia":[{"embeddable":true,"href":"https:\/\/nordicmart.andreevmaster.com\/fi\/wp-json\/wp\/v2\/media\/44441"}],"wp:attachment":[{"href":"https:\/\/nordicmart.andreevmaster.com\/fi\/wp-json\/wp\/v2\/media?parent=36107"}],"wp:term":[{"taxonomy":"product_brand","embeddable":true,"href":"https:\/\/nordicmart.andreevmaster.com\/fi\/wp-json\/wp\/v2\/product_brand?post=36107"},{"taxonomy":"product_cat","embeddable":true,"href":"https:\/\/nordicmart.andreevmaster.com\/fi\/wp-json\/wp\/v2\/product_cat?post=36107"},{"taxonomy":"product_tag","embeddable":true,"href":"https:\/\/nordicmart.andreevmaster.com\/fi\/wp-json\/wp\/v2\/product_tag?post=36107"}],"curies":[{"name":"wp","href":"https:\/\/api.w.org\/{rel}","templated":true}]}}