{"id":36106,"date":"2026-02-27T00:33:00","date_gmt":"2026-02-27T00:33:00","guid":{"rendered":"https:\/\/nordicmart.andreevmaster.com\/product\/songmics-kosmetiikkalaukku-matkalle-vaaleanpunainen\/"},"modified":"2026-02-27T09:51:03","modified_gmt":"2026-02-27T09:51:03","slug":"songmics-kosmetiikkalaukku-matkalle-vaaleanpunainen","status":"publish","type":"product","link":"https:\/\/nordicmart.andreevmaster.com\/fi\/tuote\/songmics-kosmetiikkalaukku-matkalle-vaaleanpunainen\/","title":{"rendered":"SONGMICS kosmetiikkalaukku matkalle, vaaleanpunainen"},"content":{"rendered":"<p>Ovatko meikkisi ja meikkitarvikkeesi hajallaan p\u00f6ydill\u00e4, laatikoissa tai k\u00e4silaukkuissa? Jos on, on aika siivota. S\u00e4\u00e4dett\u00e4vien v\u00e4liseinien ansiosta Songmics-kosmetiikkalaukku on ihanteellinen meikkien s\u00e4ilytykseen. Kaikki on heti selv\u00e4sti lajiteltuna, joten p\u00f6yt\u00e4pinta pysyy aina siistin\u00e4 ja puhtaana. Jopa kiireess\u00e4kin p\u00e4\u00e4set nopeasti k\u00e4siksi tarvitsemiisi tuotteisiin. T\u00e4m\u00e4n k\u00e4tev\u00e4n ja monik\u00e4ytt\u00f6isen meikkien s\u00e4ilytyslaukun avulla voit nauttia rentouttavasta lomasta. Kaikki meikkisi ja meikkitarvikkeesi ovat turvallisesti tallessa t\u00e4ss\u00e4 houkuttelevassa ja laadukkaassa meikkilaukussa, joka sopii matkalle ja on my\u00f6s ammattimaisten meikkitaiteilijoiden v\u00e4ltt\u00e4m\u00e4t\u00f6n varuste. Pienet mitat, mutta paljon s\u00e4ilytystilaa, ei vain ihanteellinen naisille, vaan my\u00f6s miehille, jotka haluavat s\u00e4ilytt\u00e4\u00e4 ihonhoitotuotteita tai partakonetta matkoilla tai urheilussa. T\u00e4ydellinen lahja jouluksi tai syntym\u00e4p\u00e4iv\u00e4ksi rakkaillesi tai perheellesi. Tuotetiedot: &#8211; V\u00e4ri: musta \/ pinkki &#8211; Materiaali: Oxford-kangas, MDF-levy, EVA, ABS-muovi &#8211; Mitat: 25,5 x 9,8 x 23,5 cm (L x K x S) &#8211; Paino: 0,8 kg Toimitus sis\u00e4lt\u00e4\u00e4: &#8211; 1 x meikkilaukku<\/p>\n","protected":false},"excerpt":{"rendered":"<p>SONGMICS Matkakosmetiikan j\u00e4rjestelij\u00e4 Meikkilaukku, j\u00e4rjestelij\u00e4 kahvalla, pinkki M MUC23PK<\/p>\n","protected":false},"featured_media":44440,"comment_status":"open","ping_status":"closed","template":"","meta":[],"product_brand":[],"product_cat":[32],"product_tag":[],"class_list":{"0":"post-36106","1":"product","2":"type-product","3":"status-publish","4":"has-post-thumbnail","6":"product_cat-uncategorized-fi","8":"first","9":"instock","10":"shipping-taxable","11":"purchasable","12":"product-type-simple"},"_links":{"self":[{"href":"https:\/\/nordicmart.andreevmaster.com\/fi\/wp-json\/wp\/v2\/product\/36106","targetHints":{"allow":["GET"]}}],"collection":[{"href":"https:\/\/nordicmart.andreevmaster.com\/fi\/wp-json\/wp\/v2\/product"}],"about":[{"href":"https:\/\/nordicmart.andreevmaster.com\/fi\/wp-json\/wp\/v2\/types\/product"}],"replies":[{"embeddable":true,"href":"https:\/\/nordicmart.andreevmaster.com\/fi\/wp-json\/wp\/v2\/comments?post=36106"}],"wp:featuredmedia":[{"embeddable":true,"href":"https:\/\/nordicmart.andreevmaster.com\/fi\/wp-json\/wp\/v2\/media\/44440"}],"wp:attachment":[{"href":"https:\/\/nordicmart.andreevmaster.com\/fi\/wp-json\/wp\/v2\/media?parent=36106"}],"wp:term":[{"taxonomy":"product_brand","embeddable":true,"href":"https:\/\/nordicmart.andreevmaster.com\/fi\/wp-json\/wp\/v2\/product_brand?post=36106"},{"taxonomy":"product_cat","embeddable":true,"href":"https:\/\/nordicmart.andreevmaster.com\/fi\/wp-json\/wp\/v2\/product_cat?post=36106"},{"taxonomy":"product_tag","embeddable":true,"href":"https:\/\/nordicmart.andreevmaster.com\/fi\/wp-json\/wp\/v2\/product_tag?post=36106"}],"curies":[{"name":"wp","href":"https:\/\/api.w.org\/{rel}","templated":true}]}}