{"id":36104,"date":"2026-02-27T00:32:59","date_gmt":"2026-02-27T00:32:59","guid":{"rendered":"https:\/\/nordicmart.andreevmaster.com\/product\/songmics-kosmetiikkalaatikko-matkalle-musta\/"},"modified":"2026-02-27T09:51:02","modified_gmt":"2026-02-27T09:51:02","slug":"songmics-kosmetiikkalaatikko-matkalle-musta","status":"publish","type":"product","link":"https:\/\/nordicmart.andreevmaster.com\/fi\/tuote\/songmics-kosmetiikkalaatikko-matkalle-musta\/","title":{"rendered":"SONGMICS kosmetiikkalaatikko matkalle, musta"},"content":{"rendered":"<p>Ovatko meikkisi ja meikkitarvikkeesi hajallaan p\u00f6ydill\u00e4, laatikoissa tai k\u00e4silaukkuissa? Jos on, on aika siivota. S\u00e4\u00e4dett\u00e4vien v\u00e4liseinien ansiosta Songmics-kosmetiikkalaukku on ihanteellinen meikkien s\u00e4ilytykseen. Kaikki on heti selv\u00e4sti lajiteltuna, joten p\u00f6yt\u00e4pinta pysyy aina siistin\u00e4 ja puhtaana. Jopa kiireess\u00e4kin l\u00f6yd\u00e4t tarvitsemasi tuotteet nopeasti. T\u00e4m\u00e4n k\u00e4tev\u00e4n ja monik\u00e4ytt\u00f6isen meikkij\u00e4rjestelij\u00e4n avulla voit nauttia vapaasta lomasta. Kaikki meikkisi ja meikkitarvikkeesi ovat turvassa t\u00e4ss\u00e4 tyylikk\u00e4\u00e4ss\u00e4 ja laadukkaassa meikkikotelossa, joka sopii matkalle ja on my\u00f6s ammattimaisten meikkitaiteilijoiden v\u00e4ltt\u00e4m\u00e4t\u00f6n varuste. Olkahihnan avulla kauneuskoteloa voi kantaa tai ripustaa sein\u00e4lle. Se on ihanteellinen paitsi naisille my\u00f6s miehille, jotka voivat s\u00e4ilytt\u00e4\u00e4 siin\u00e4 ihonhoitotuotteita tai partakonetta matkoilla tai urheillessa. T\u00e4ydellinen lahja jouluksi tai syntym\u00e4p\u00e4iv\u00e4ksi rakkaillesi tai perheellesi. Tuotetiedot: &#8211; V\u00e4ri: musta &#8211; Materiaali: Oxford-kangas, MDF-levy, EVA, ABS-muovi &#8211; Mitat: 39 x 9,2 x 27 cm (L x K x S) &#8211; Paino: 1,4 kg  Toimitus sis\u00e4lt\u00e4\u00e4: &#8211; 1 x meikkilaukku &#8211; 1 x olkahihna<\/p>\n","protected":false},"excerpt":{"rendered":"<p>SONGMICS Matkakosmetiikan j\u00e4rjestelij\u00e4 Meikkipussi, j\u00e4rjestelij\u00e4 kahvalla, musta L MUC21BK<\/p>\n","protected":false},"featured_media":44438,"comment_status":"open","ping_status":"closed","template":"","meta":[],"product_brand":[],"product_cat":[32],"product_tag":[],"class_list":{"0":"post-36104","1":"product","2":"type-product","3":"status-publish","4":"has-post-thumbnail","6":"product_cat-uncategorized-fi","8":"first","9":"instock","10":"shipping-taxable","11":"purchasable","12":"product-type-simple"},"_links":{"self":[{"href":"https:\/\/nordicmart.andreevmaster.com\/fi\/wp-json\/wp\/v2\/product\/36104","targetHints":{"allow":["GET"]}}],"collection":[{"href":"https:\/\/nordicmart.andreevmaster.com\/fi\/wp-json\/wp\/v2\/product"}],"about":[{"href":"https:\/\/nordicmart.andreevmaster.com\/fi\/wp-json\/wp\/v2\/types\/product"}],"replies":[{"embeddable":true,"href":"https:\/\/nordicmart.andreevmaster.com\/fi\/wp-json\/wp\/v2\/comments?post=36104"}],"wp:featuredmedia":[{"embeddable":true,"href":"https:\/\/nordicmart.andreevmaster.com\/fi\/wp-json\/wp\/v2\/media\/44438"}],"wp:attachment":[{"href":"https:\/\/nordicmart.andreevmaster.com\/fi\/wp-json\/wp\/v2\/media?parent=36104"}],"wp:term":[{"taxonomy":"product_brand","embeddable":true,"href":"https:\/\/nordicmart.andreevmaster.com\/fi\/wp-json\/wp\/v2\/product_brand?post=36104"},{"taxonomy":"product_cat","embeddable":true,"href":"https:\/\/nordicmart.andreevmaster.com\/fi\/wp-json\/wp\/v2\/product_cat?post=36104"},{"taxonomy":"product_tag","embeddable":true,"href":"https:\/\/nordicmart.andreevmaster.com\/fi\/wp-json\/wp\/v2\/product_tag?post=36104"}],"curies":[{"name":"wp","href":"https:\/\/api.w.org\/{rel}","templated":true}]}}