{"id":36103,"date":"2026-02-27T00:32:59","date_gmt":"2026-02-27T00:32:59","guid":{"rendered":"https:\/\/nordicmart.andreevmaster.com\/product\/songmics-naisten-mannekiini-valkoinen\/"},"modified":"2026-02-27T09:51:02","modified_gmt":"2026-02-27T09:51:02","slug":"songmics-naisten-mannekiini-valkoinen","status":"publish","type":"product","link":"https:\/\/nordicmart.andreevmaster.com\/fi\/tuote\/songmics-naisten-mannekiini-valkoinen\/","title":{"rendered":"SONGMICS naisten mannekiini, valkoinen"},"content":{"rendered":"<p>K\u00e4det ovat vapaasti k\u00e4\u00e4nnett\u00e4viss\u00e4 360\u00b0; nivelten liitososat on valmistettu korkealaatuisesta ABS-muovista, mik\u00e4 takaa kest\u00e4v\u00e4n k\u00e4yt\u00f6n. Tyylik\u00e4s k\u00e4den muoto; sormet eiv\u00e4t ole irrotettavat, joten nukke ei sovellu sormusten tai k\u00e4sineiden esittelyyn.Upea vartalo esittelee vaatteesi tyylikk\u00e4\u00e4sti, joten voit helposti n\u00e4hd\u00e4, mitk\u00e4 vaatteet sopivat sinulle parhaiten. Sopii erinomaisesti esittelyyn asiakkaillesi tai koristeeksi huoneeseesi tai n\u00e4yteikkunaan. Jalat voivat pit\u00e4\u00e4 sukkia, sukkahousuja ja kenki\u00e4. Kest\u00e4v\u00e4 karkaistu lasinen pohjalevy ja alumiiniset kiinnitystarvikkeet tarjoavat tukevan alustan.<\/p>\n","protected":false},"excerpt":{"rendered":"<p>SONGMICS naisten mallinukke, valkoinen, ilman p\u00e4\u00e4t\u00e4, PE-muovia, MPLM21<\/p>\n","protected":false},"featured_media":0,"comment_status":"open","ping_status":"closed","template":"","meta":[],"product_brand":[],"product_cat":[32],"product_tag":[],"class_list":{"0":"post-36103","1":"product","2":"type-product","3":"status-publish","5":"product_cat-uncategorized-fi","7":"first","8":"instock","9":"shipping-taxable","10":"purchasable","11":"product-type-simple"},"_links":{"self":[{"href":"https:\/\/nordicmart.andreevmaster.com\/fi\/wp-json\/wp\/v2\/product\/36103","targetHints":{"allow":["GET"]}}],"collection":[{"href":"https:\/\/nordicmart.andreevmaster.com\/fi\/wp-json\/wp\/v2\/product"}],"about":[{"href":"https:\/\/nordicmart.andreevmaster.com\/fi\/wp-json\/wp\/v2\/types\/product"}],"replies":[{"embeddable":true,"href":"https:\/\/nordicmart.andreevmaster.com\/fi\/wp-json\/wp\/v2\/comments?post=36103"}],"wp:attachment":[{"href":"https:\/\/nordicmart.andreevmaster.com\/fi\/wp-json\/wp\/v2\/media?parent=36103"}],"wp:term":[{"taxonomy":"product_brand","embeddable":true,"href":"https:\/\/nordicmart.andreevmaster.com\/fi\/wp-json\/wp\/v2\/product_brand?post=36103"},{"taxonomy":"product_cat","embeddable":true,"href":"https:\/\/nordicmart.andreevmaster.com\/fi\/wp-json\/wp\/v2\/product_cat?post=36103"},{"taxonomy":"product_tag","embeddable":true,"href":"https:\/\/nordicmart.andreevmaster.com\/fi\/wp-json\/wp\/v2\/product_tag?post=36103"}],"curies":[{"name":"wp","href":"https:\/\/api.w.org\/{rel}","templated":true}]}}