{"id":36100,"date":"2026-02-27T00:32:58","date_gmt":"2026-02-27T00:32:58","guid":{"rendered":"https:\/\/nordicmart.andreevmaster.com\/product\/songmics-miesten-mannekiini-pe-muovista\/"},"modified":"2026-02-27T09:51:02","modified_gmt":"2026-02-27T09:51:02","slug":"songmics-miesten-mannekiini-pe-muovista","status":"publish","type":"product","link":"https:\/\/nordicmart.andreevmaster.com\/fi\/tuote\/songmics-miesten-mannekiini-pe-muovista\/","title":{"rendered":"SONGMICS miesten mannekiini PE-muovista"},"content":{"rendered":"<p>T\u00e4m\u00e4 Songmicsin miesmalli on valmistettu ymp\u00e4rist\u00f6yst\u00e4v\u00e4llisest\u00e4 materiaalista, PE-muovista. Kierr\u00e4tett\u00e4vyyden lis\u00e4ksi t\u00e4m\u00e4n materiaalin etuna on my\u00f6s mallinukken kest\u00e4vyys: verrattuna lasikuituvahvistetusta muovista valmistettuihin mallinukkeihin, PE-muovista valmistetut nuket eiv\u00e4t ole helposti vahingoittuvia, esimerkiksi nukke ei rikkoudu, jos se kaatuu. T\u00e4m\u00e4 mallinukke on optimaalisen kokoinen, eritt\u00e4in hyvin mittasuhteinen ja eritt\u00e4in k\u00e4ytt\u00e4j\u00e4yst\u00e4v\u00e4llinen. Se pysyy hyvin pystyss\u00e4 my\u00f6s vaatetettuna ja sopii k\u00e4ytett\u00e4v\u00e4ksi peruukkien, korujen tai hattujen esittelyyn n\u00e4yteikkunassa. N\u00e4yteikkunan kokonaisvaikutelma on eritt\u00e4in tyylik\u00e4s. Lis\u00e4ksi sit\u00e4 voidaan k\u00e4ytt\u00e4\u00e4 vaatteiden valokuvaamiseen. Huomautus: &#8211; Asennuksen yhteydess\u00e4 varmista ennen k\u00e4sivarren\/jalan k\u00e4\u00e4nt\u00e4mist\u00e4, ett\u00e4 lukko ja kiinnike sopivat oikein yhteen liitoskohdissa. &#8211; Koska sormet ja varpaat eiv\u00e4t ole erill\u00e4\u00e4n vaan yhdess\u00e4, se ei sovellu sormik\u00e4sineiden, sormusten jne. k\u00e4ytt\u00e4miseen. &#8211; Kun mannekiinille laitetaan erilaisia peruukkeja ja pukeutetaan erilaisia vaatteita, se luo erilaisia vaikutelmia. Tuotetiedot: &#8211; Kehon pituus: 185 cm &#8211; P\u00e4\u00e4n ymp\u00e4rysmitta: 56 cm &#8211; Olkap\u00e4\u00e4n leveys: 52 cm &#8211; Rinnan ymp\u00e4rysmitta: 95 cm &#8211; Vy\u00f6t\u00e4r\u00f6n ymp\u00e4rysmitta: 76 cm &#8211; Lantion ymp\u00e4rysmitta: 97 cm &#8211; Jalkojen koko: 25 cm &#8211; V\u00e4ri: vaalea ihotyyppi &#8211; Lasijalan mitat: 30 x 43 cm Toimitus sis\u00e4lt\u00e4\u00e4: &#8211; 1 x miesmalli (ilman vaatteita, peruukkia tai koristeita) &#8211; 1 x alumiininen s\u00e4\u00e4ri &#8211; 1 x lasijalusta<\/p>\n","protected":false},"excerpt":{"rendered":"<p>SONGMICS miesten mannekiini miesten mannekiini PE-muovista MPGM19<\/p>\n","protected":false},"featured_media":0,"comment_status":"open","ping_status":"closed","template":"","meta":[],"product_brand":[],"product_cat":[32],"product_tag":[],"class_list":{"0":"post-36100","1":"product","2":"type-product","3":"status-publish","5":"product_cat-uncategorized-fi","7":"first","8":"instock","9":"shipping-taxable","10":"purchasable","11":"product-type-simple"},"_links":{"self":[{"href":"https:\/\/nordicmart.andreevmaster.com\/fi\/wp-json\/wp\/v2\/product\/36100","targetHints":{"allow":["GET"]}}],"collection":[{"href":"https:\/\/nordicmart.andreevmaster.com\/fi\/wp-json\/wp\/v2\/product"}],"about":[{"href":"https:\/\/nordicmart.andreevmaster.com\/fi\/wp-json\/wp\/v2\/types\/product"}],"replies":[{"embeddable":true,"href":"https:\/\/nordicmart.andreevmaster.com\/fi\/wp-json\/wp\/v2\/comments?post=36100"}],"wp:attachment":[{"href":"https:\/\/nordicmart.andreevmaster.com\/fi\/wp-json\/wp\/v2\/media?parent=36100"}],"wp:term":[{"taxonomy":"product_brand","embeddable":true,"href":"https:\/\/nordicmart.andreevmaster.com\/fi\/wp-json\/wp\/v2\/product_brand?post=36100"},{"taxonomy":"product_cat","embeddable":true,"href":"https:\/\/nordicmart.andreevmaster.com\/fi\/wp-json\/wp\/v2\/product_cat?post=36100"},{"taxonomy":"product_tag","embeddable":true,"href":"https:\/\/nordicmart.andreevmaster.com\/fi\/wp-json\/wp\/v2\/product_tag?post=36100"}],"curies":[{"name":"wp","href":"https:\/\/api.w.org\/{rel}","templated":true}]}}