{"id":36099,"date":"2026-02-27T00:32:58","date_gmt":"2026-02-27T00:32:58","guid":{"rendered":"https:\/\/nordicmart.andreevmaster.com\/product\/songmics-miesmalli\/"},"modified":"2026-02-27T09:51:02","modified_gmt":"2026-02-27T09:51:02","slug":"songmics-miesmalli","status":"publish","type":"product","link":"https:\/\/nordicmart.andreevmaster.com\/fi\/tuote\/songmics-miesmalli\/","title":{"rendered":"SONGMICS miesmalli"},"content":{"rendered":"<p>T\u00e4m\u00e4 Songmicsin miesmalli on valmistettu ymp\u00e4rist\u00f6yst\u00e4v\u00e4llisest\u00e4 materiaalista, PE-muovista. Kierr\u00e4tett\u00e4vyyden lis\u00e4ksi t\u00e4m\u00e4n materiaalin etuna on my\u00f6s mallin kest\u00e4vyys: Verrattuna lasikuituvahvistetusta muovista valmistettuihin mannekiineihin, PE-muovista valmistetut mannekiinit eiv\u00e4t ole helposti vahingoittuvia, esimerkiksi ne eiv\u00e4t rikkoudu, jos ne kaatuvat. P\u00e4\u00e4n ja k\u00e4sivarsien liikkuvuus mahdollistaa mannekiinien asennon vapaasti muokkaamisen haluamallasi tavalla. Asennus ja purkaminen on eritt\u00e4in helppoa. Nukke asetetaan lasilevylle, joka antaa sille vakaan ja tukevan pidon. Huomautus: &#8211; Asennuksen yhteydess\u00e4 varmista ennen k\u00e4sivarren\/jalan k\u00e4\u00e4nt\u00e4mist\u00e4, ett\u00e4 lukitus ja kiinnike sopivat yhteen liitoskohdissa.- Koska sormet ja varpaat eiv\u00e4t ole erillisi\u00e4 vaan yhdess\u00e4, nukke ei sovellu sormikkaiden, sormusten jne. k\u00e4ytt\u00e4miseen. &#8211; Kun mannekiinille laittaa erilaisia peruukkeja ja pukee erilaisia vaatteita, nukke saa erilaisia ilmeit\u00e4. Tuotetiedot:- Kehon pituus: 185 cm &#8211; P\u00e4\u00e4n ymp\u00e4rysmitta: 56 cm &#8211; Olkap\u00e4\u00e4n leveys: 52 cm &#8211; Rinnan ymp\u00e4rysmitta: 95 cm &#8211; Vy\u00f6t\u00e4r\u00f6n ymp\u00e4rysmitta: 76 cm &#8211; Lantion ymp\u00e4rysmitta: 97 cm &#8211; Jalkojen koko: 25 cm &#8211; V\u00e4ri: vaalea ihotyyppi &#8211; Lasijalan mitat: 30 x 43 cmToimitus sis\u00e4lt\u00e4\u00e4:- 1 x miesmalli (ilman vaatteita, peruukkia tai koristeita)- 1 x alumiininen s\u00e4\u00e4ri- 1 x lasijalusta<\/p>\n","protected":false},"excerpt":{"rendered":"<p>SONGMICS miesmalli, miesmalli, PE-muovista valmistettu mannekiini MPGM18<\/p>\n","protected":false},"featured_media":0,"comment_status":"open","ping_status":"closed","template":"","meta":[],"product_brand":[],"product_cat":[32],"product_tag":[],"class_list":{"0":"post-36099","1":"product","2":"type-product","3":"status-publish","5":"product_cat-uncategorized-fi","7":"first","8":"instock","9":"shipping-taxable","10":"purchasable","11":"product-type-simple"},"_links":{"self":[{"href":"https:\/\/nordicmart.andreevmaster.com\/fi\/wp-json\/wp\/v2\/product\/36099","targetHints":{"allow":["GET"]}}],"collection":[{"href":"https:\/\/nordicmart.andreevmaster.com\/fi\/wp-json\/wp\/v2\/product"}],"about":[{"href":"https:\/\/nordicmart.andreevmaster.com\/fi\/wp-json\/wp\/v2\/types\/product"}],"replies":[{"embeddable":true,"href":"https:\/\/nordicmart.andreevmaster.com\/fi\/wp-json\/wp\/v2\/comments?post=36099"}],"wp:attachment":[{"href":"https:\/\/nordicmart.andreevmaster.com\/fi\/wp-json\/wp\/v2\/media?parent=36099"}],"wp:term":[{"taxonomy":"product_brand","embeddable":true,"href":"https:\/\/nordicmart.andreevmaster.com\/fi\/wp-json\/wp\/v2\/product_brand?post=36099"},{"taxonomy":"product_cat","embeddable":true,"href":"https:\/\/nordicmart.andreevmaster.com\/fi\/wp-json\/wp\/v2\/product_cat?post=36099"},{"taxonomy":"product_tag","embeddable":true,"href":"https:\/\/nordicmart.andreevmaster.com\/fi\/wp-json\/wp\/v2\/product_tag?post=36099"}],"curies":[{"name":"wp","href":"https:\/\/api.w.org\/{rel}","templated":true}]}}