{"id":36097,"date":"2026-02-27T00:32:57","date_gmt":"2026-02-27T00:32:57","guid":{"rendered":"https:\/\/nordicmart.andreevmaster.com\/product\/manhattan-kirjahylly-phoebe\/"},"modified":"2026-02-27T09:51:01","modified_gmt":"2026-02-27T09:51:01","slug":"manhattan-kirjahylly-phoebe","status":"publish","type":"product","link":"https:\/\/nordicmart.andreevmaster.com\/fi\/tuote\/manhattan-kirjahylly-phoebe\/","title":{"rendered":"Manhattan-kirjahylly Phoebe"},"content":{"rendered":"<p>Manhattan-sarjan alempi hyllykk\u00f6 t\u00e4ydent\u00e4\u00e4 ihanteellisesti jokaisen lapsen huoneen. Se sopii erinomaisesti lapsen aarteiden, lelujen ja jopa vaatteiden s\u00e4ilytykseen.<br \/>\nTilaviin kaappeihin mahtuu kaikki tarvittava, kuten lelut, vaatteet tai kirjat. **T\u00e4rkeimm\u00e4t edut:<br \/>\n **- kuusi hylly\u00e4<br \/>\n &#8211; kaksi kaappia<br \/>\n &#8211; kaksi laatikkoa<br \/>\n &#8211; kirjahyllyn yl\u00e4osan k\u00e4yt\u00e4nn\u00f6llinen k\u00e4ytt\u00f6<br \/>\n &#8211; ajaton muotoilu<br \/>\n &#8211; mahdollisuus kiinnitt\u00e4\u00e4 sein\u00e4\u00e4n \u2013 suositeltavaa<br \/>\n &#8211; vapaa p\u00e4\u00e4sy hyllyille pienimmille lapsille<br \/>\n &#8211; t\u00e4ytt\u00e4\u00e4 eurooppalaiset turvallisuusstandardit **Viimeistely ja valmistustiedot:**- valmistettu korkealaatuisesta laminoidusta levyst\u00e4<br \/>\n &#8211; puinen m\u00e4ntyrakenne **V\u00e4rit:<br \/>\n **- valkoinen, harmaa, m\u00e4ntypuinen **Mitat (cm):<br \/>\n **korkeus: 130<br \/>\n leveys: 89<br \/>\n syvyys: 37 **K\u00e4ytt\u00f6ohje:<br \/>\n **Huonekalut on pyyhitt\u00e4v\u00e4 pehme\u00e4ll\u00e4, vedell\u00e4 tai huonekalupuhdistusaineella kostutetulla puuvillakankaalla. **Lis\u00e4tietoja:<br \/>\n **Huonekalut toimitetaan itse koottavina laatikoissa. Laatikoissa on yksityiskohtainen asennusohje ja tarvittavat tarvikkeet (ruuvit jne.).<\/p>\n","protected":false},"excerpt":{"rendered":"<p>Manhattan-sarjan alempi hyllykk\u00f6 t\u00e4ydent\u00e4\u00e4 ihanteellisesti jokaisen lapsen huoneen. Se sopii erinomaisesti lapsen aarteiden, lelujen ja jopa vaatteiden s\u00e4ilytykseen. Tilaviin kaappeihin mahtuu kaikki tarvittava, kuten lelut, vaatteet tai kirjat. **T\u00e4rkeimm\u00e4t edut: **- kuusi hylly\u00e4 &#8211; kaksi kaappia &#8211; kaksi laatikkoa &#8211; kirjahyllyn yl\u00e4osan k\u00e4yt\u00e4nn\u00f6llinen k\u00e4ytt\u00f6 &#8211; ajaton muotoilu &#8211; mahdollisuus kiinnitt\u00e4\u00e4 sein\u00e4\u00e4n \u2013 suositeltavaa &#8211; vapaa [&hellip;]<\/p>\n","protected":false},"featured_media":0,"comment_status":"open","ping_status":"closed","template":"","meta":[],"product_brand":[],"product_cat":[32],"product_tag":[],"class_list":{"0":"post-36097","1":"product","2":"type-product","3":"status-publish","5":"product_cat-uncategorized-fi","7":"first","8":"instock","9":"shipping-taxable","10":"purchasable","11":"product-type-simple"},"_links":{"self":[{"href":"https:\/\/nordicmart.andreevmaster.com\/fi\/wp-json\/wp\/v2\/product\/36097","targetHints":{"allow":["GET"]}}],"collection":[{"href":"https:\/\/nordicmart.andreevmaster.com\/fi\/wp-json\/wp\/v2\/product"}],"about":[{"href":"https:\/\/nordicmart.andreevmaster.com\/fi\/wp-json\/wp\/v2\/types\/product"}],"replies":[{"embeddable":true,"href":"https:\/\/nordicmart.andreevmaster.com\/fi\/wp-json\/wp\/v2\/comments?post=36097"}],"wp:attachment":[{"href":"https:\/\/nordicmart.andreevmaster.com\/fi\/wp-json\/wp\/v2\/media?parent=36097"}],"wp:term":[{"taxonomy":"product_brand","embeddable":true,"href":"https:\/\/nordicmart.andreevmaster.com\/fi\/wp-json\/wp\/v2\/product_brand?post=36097"},{"taxonomy":"product_cat","embeddable":true,"href":"https:\/\/nordicmart.andreevmaster.com\/fi\/wp-json\/wp\/v2\/product_cat?post=36097"},{"taxonomy":"product_tag","embeddable":true,"href":"https:\/\/nordicmart.andreevmaster.com\/fi\/wp-json\/wp\/v2\/product_tag?post=36097"}],"curies":[{"name":"wp","href":"https:\/\/api.w.org\/{rel}","templated":true}]}}