{"id":36096,"date":"2026-02-27T00:32:57","date_gmt":"2026-02-27T00:32:57","guid":{"rendered":"https:\/\/nordicmart.andreevmaster.com\/product\/songmics-lasten-mannekiini\/"},"modified":"2026-02-27T09:51:01","modified_gmt":"2026-02-27T09:51:01","slug":"songmics-lasten-mannekiini","status":"publish","type":"product","link":"https:\/\/nordicmart.andreevmaster.com\/fi\/tuote\/songmics-lasten-mannekiini\/","title":{"rendered":"SONGMICS lasten mannekiini"},"content":{"rendered":"<p>T\u00e4m\u00e4 Songmics-lasten mannekiini on valmistettu ymp\u00e4rist\u00f6yst\u00e4v\u00e4llisest\u00e4 materiaalista, PE-muovista. Kierr\u00e4tett\u00e4vyyden lis\u00e4ksi t\u00e4m\u00e4n materiaalin etuna on my\u00f6s mallinukken kest\u00e4vyys: verrattuna lasikuituvahvistetusta muovista valmistettuihin mallinukkeihin, PE-muovista valmistetut nuket eiv\u00e4t ole helposti vahingoittuvia, esimerkiksi nukke ei rikkoudu, jos se kaatuu. P\u00e4\u00e4n ja k\u00e4sien liikkuvuuden ansiosta voit muokata nuken asentoa vapaasti haluamallasi tavalla. Asennus ja purkaminen on eritt\u00e4in helppoa. Nukke asetetaan lasilevylle, joka antaa sille vakaan ja tukevan pidon. Kasvot ovat suloiset, mik\u00e4 sopii erinomaisesti lasten mallistojen esittelyyn. Sen lis\u00e4ksi, ett\u00e4 nukke voidaan asettaa n\u00e4yteikkunaan, sit\u00e4 voidaan k\u00e4ytt\u00e4\u00e4 my\u00f6s lasten vaatteiden sovitusnukkena tai lastenvaatteiden valokuvauksessa. N\u00e4yteikkunan kokonaisvaikutelma on eritt\u00e4in tyylik\u00e4s. Tuotetiedot: &#8211; Pituus: 110 cm &#8211; P\u00e4\u00e4n ymp\u00e4rysmitta: 45 cm &#8211; Olkap\u00e4\u00e4n leveys: 28 cm &#8211; Rinnan ymp\u00e4rysmitta: 59 cm &#8211; Vy\u00f6t\u00e4r\u00f6n ymp\u00e4rysmitta: 56 cm &#8211; Lantion ymp\u00e4rysmitta: 64 cm &#8211; Jalkojen koko: 15 cm &#8211; Lasijalan mitat: 30 x 22 cm Toimitus sis\u00e4lt\u00e4\u00e4:  &#8211; 1 x lasten mannekiini (ilman vaatteita, peruukkia tai koristeita) &#8211; 1 x alumiininen s\u00e4\u00e4riluun tuki &#8211; 1 x lasinen jalusta Huomautus:  &#8211; Asennuksen yhteydess\u00e4 varmista ennen k\u00e4sivarren\/jalan k\u00e4\u00e4nt\u00e4mist\u00e4, ett\u00e4 lukitus ja kiinnike sopivat yhteen liitoskohdissa. &#8211; Koska sormet ja varpaat eiv\u00e4t ole erillisi\u00e4 vaan yhdess\u00e4, nukke ei sovellu sormikkaiden, sormusten jne. k\u00e4ytt\u00e4miseen. &#8211; Kun mannekiinille laittaa erilaisia peruukkeja ja pukee erilaisia vaatteita, nukke saa erilaisia ilmeit\u00e4.<\/p>\n","protected":false},"excerpt":{"rendered":"<p>SONGMICS Lasten mannekiini PE-muovista valmistettu mannekiini MKIS02<\/p>\n","protected":false},"featured_media":0,"comment_status":"open","ping_status":"closed","template":"","meta":[],"product_brand":[],"product_cat":[32],"product_tag":[],"class_list":{"0":"post-36096","1":"product","2":"type-product","3":"status-publish","5":"product_cat-uncategorized-fi","7":"first","8":"instock","9":"shipping-taxable","10":"purchasable","11":"product-type-simple"},"_links":{"self":[{"href":"https:\/\/nordicmart.andreevmaster.com\/fi\/wp-json\/wp\/v2\/product\/36096","targetHints":{"allow":["GET"]}}],"collection":[{"href":"https:\/\/nordicmart.andreevmaster.com\/fi\/wp-json\/wp\/v2\/product"}],"about":[{"href":"https:\/\/nordicmart.andreevmaster.com\/fi\/wp-json\/wp\/v2\/types\/product"}],"replies":[{"embeddable":true,"href":"https:\/\/nordicmart.andreevmaster.com\/fi\/wp-json\/wp\/v2\/comments?post=36096"}],"wp:attachment":[{"href":"https:\/\/nordicmart.andreevmaster.com\/fi\/wp-json\/wp\/v2\/media?parent=36096"}],"wp:term":[{"taxonomy":"product_brand","embeddable":true,"href":"https:\/\/nordicmart.andreevmaster.com\/fi\/wp-json\/wp\/v2\/product_brand?post=36096"},{"taxonomy":"product_cat","embeddable":true,"href":"https:\/\/nordicmart.andreevmaster.com\/fi\/wp-json\/wp\/v2\/product_cat?post=36096"},{"taxonomy":"product_tag","embeddable":true,"href":"https:\/\/nordicmart.andreevmaster.com\/fi\/wp-json\/wp\/v2\/product_tag?post=36096"}],"curies":[{"name":"wp","href":"https:\/\/api.w.org\/{rel}","templated":true}]}}