{"id":36095,"date":"2026-02-27T00:32:57","date_gmt":"2026-02-27T00:32:57","guid":{"rendered":"https:\/\/nordicmart.andreevmaster.com\/product\/masterkidz-terveellisen-suuhygienian-oppiminen-koiran-esimerkilla-montessori-opetuskartta\/"},"modified":"2026-02-27T09:51:01","modified_gmt":"2026-02-27T09:51:01","slug":"masterkidz-terveellisen-suuhygienian-oppiminen-koiran-esimerkilla-montessori-opetuskartta","status":"publish","type":"product","link":"https:\/\/nordicmart.andreevmaster.com\/fi\/tuote\/masterkidz-terveellisen-suuhygienian-oppiminen-koiran-esimerkilla-montessori-opetuskartta\/","title":{"rendered":"MASTERKIDZ Terveellisen suuhygienian oppiminen koiran esimerkill\u00e4 \u2013 Montessori-opetuskartta"},"content":{"rendered":"<p>T\u00e4m\u00e4 opettavainen lauta yhdist\u00e4\u00e4 koiran hampaiden puhdistamisen hauskuuden suuhygienian oppimiseen. Siin\u00e4 on yst\u00e4v\u00e4llinen koira, jonka suu avautuu paljastaen 10 hammasta. Sarja sis\u00e4lt\u00e4\u00e4 leluhammastahnaa, hammasharjan ja hammaslankaa. Lapset voivat leikki\u00e4 koiran hampaiden puhdistamista puristamalla hammastahnaa hammasharjalle, harjaamalla ja puhdistamalla hampaat hammaslangalla, mik\u00e4 kehitt\u00e4\u00e4 heid\u00e4n motorisia taitojaan ja tarkkuuttaan. Lelu kannustaa keskustelemaan omien hampaiden hoidosta, ja sill\u00e4 voi leikki\u00e4 yksin tai pareittain. Ominaisuudet * &#8211; Lelu 2-vuotiaille ja sit\u00e4 vanhemmille. * &#8211; Sis\u00e4lt\u00e4\u00e4 hammasharjan, hammastahnan ja hammaslankaa. * &#8211; Puinen opetuslauta, joka auttaa lasta harjoittelemaan hampaiden harjausta ja hammaslangan k\u00e4ytt\u00f6\u00e4.* &#8211; T\u00e4m\u00e4n lelun kanssa leikkiminen kehitt\u00e4\u00e4 lapsen k\u00e4dentaitoja. * &#8211; Koiran suu avautuu paljastaen 10 hammasta. * &#8211; Lelu on valmistettu puusta. Valitsemalla puulelut huolehdit ymp\u00e4rist\u00f6st\u00e4 ja v\u00e4henn\u00e4t muovij\u00e4tett\u00e4.<\/p>\n","protected":false},"excerpt":{"rendered":"<p>T\u00e4m\u00e4 opettavainen lauta yhdist\u00e4\u00e4 koiran hampaiden puhdistamisen hauskuuden suuhygienian oppimiseen. Siin\u00e4 on yst\u00e4v\u00e4llinen koira, jonka suu avautuu paljastaen 10 hammasta. Sarja sis\u00e4lt\u00e4\u00e4 leluhammastahnaa, hammasharjan ja hammaslankaa. Lapset voivat leikki\u00e4 koiran hampaiden puhdistamista puristamalla hammastahnaa hammasharjalle, harjaamalla ja puhdistamalla hampaat hammaslangalla, mik\u00e4 kehitt\u00e4\u00e4 heid\u00e4n motorisia taitojaan ja tarkkuuttaan. Lelu kannustaa keskustelemaan omien hampaiden hoidosta, ja sill\u00e4 [&hellip;]<\/p>\n","protected":false},"featured_media":0,"comment_status":"open","ping_status":"closed","template":"","meta":[],"product_brand":[],"product_cat":[32],"product_tag":[],"class_list":{"0":"post-36095","1":"product","2":"type-product","3":"status-publish","5":"product_cat-uncategorized-fi","7":"first","8":"instock","9":"shipping-taxable","10":"purchasable","11":"product-type-simple"},"_links":{"self":[{"href":"https:\/\/nordicmart.andreevmaster.com\/fi\/wp-json\/wp\/v2\/product\/36095","targetHints":{"allow":["GET"]}}],"collection":[{"href":"https:\/\/nordicmart.andreevmaster.com\/fi\/wp-json\/wp\/v2\/product"}],"about":[{"href":"https:\/\/nordicmart.andreevmaster.com\/fi\/wp-json\/wp\/v2\/types\/product"}],"replies":[{"embeddable":true,"href":"https:\/\/nordicmart.andreevmaster.com\/fi\/wp-json\/wp\/v2\/comments?post=36095"}],"wp:attachment":[{"href":"https:\/\/nordicmart.andreevmaster.com\/fi\/wp-json\/wp\/v2\/media?parent=36095"}],"wp:term":[{"taxonomy":"product_brand","embeddable":true,"href":"https:\/\/nordicmart.andreevmaster.com\/fi\/wp-json\/wp\/v2\/product_brand?post=36095"},{"taxonomy":"product_cat","embeddable":true,"href":"https:\/\/nordicmart.andreevmaster.com\/fi\/wp-json\/wp\/v2\/product_cat?post=36095"},{"taxonomy":"product_tag","embeddable":true,"href":"https:\/\/nordicmart.andreevmaster.com\/fi\/wp-json\/wp\/v2\/product_tag?post=36095"}],"curies":[{"name":"wp","href":"https:\/\/api.w.org\/{rel}","templated":true}]}}