{"id":36094,"date":"2026-02-27T00:32:57","date_gmt":"2026-02-27T00:32:57","guid":{"rendered":"https:\/\/nordicmart.andreevmaster.com\/product\/masterkidz-koulutuslauta-vihannekset-numeroiden-ja-varien-oppiminen-montessori\/"},"modified":"2026-02-27T09:51:01","modified_gmt":"2026-02-27T09:51:01","slug":"masterkidz-koulutuslauta-vihannekset-numeroiden-ja-varien-oppiminen-montessori","status":"publish","type":"product","link":"https:\/\/nordicmart.andreevmaster.com\/fi\/tuote\/masterkidz-koulutuslauta-vihannekset-numeroiden-ja-varien-oppiminen-montessori\/","title":{"rendered":"MASTERKIDZ Koulutuslauta Vihannekset Numeroiden ja v\u00e4rien oppiminen Montessori"},"content":{"rendered":"<p>MASTERKIDZ:n puinen lauta numeroiden ja v\u00e4rien oppimiseen. Lauta on suunniteltu auttamaan lapsia kehitt\u00e4m\u00e4\u00e4n aistejaan. Lasten on yhdistett\u00e4v\u00e4 oikea vihannes pisteiden m\u00e4\u00e4r\u00e4\u00e4n ja v\u00e4riin. Lauta kehitt\u00e4\u00e4 my\u00f6s lapsen k\u00e4den taitoja, joita kutsutaan &#8221;hienomotoriikaksi&#8221;.Ominaisuudet:<\/p>\n<p>* &#8211; 3-vuotiaille ja sit\u00e4 vanhemmille lapsille<br \/>\n* &#8211; valmistettu puusta<br \/>\n* &#8211; korkea laatu<br \/>\n* &#8211; auttaa numeroiden ja v\u00e4rien oppimisessa &#8211; lapsi yhdist\u00e4\u00e4 oikean vihanneksen pisteiden m\u00e4\u00e4r\u00e4\u00e4n ja v\u00e4riin<br \/>\n* &#8211; kehitt\u00e4\u00e4 k\u00e4den taitoja, eli hienomotoriikkaa<\/p>\n","protected":false},"excerpt":{"rendered":"<p>MASTERKIDZ:n puinen lauta numeroiden ja v\u00e4rien oppimiseen. Lauta on suunniteltu auttamaan lapsia kehitt\u00e4m\u00e4\u00e4n aistejaan. Lasten on yhdistett\u00e4v\u00e4 oikea vihannes pisteiden m\u00e4\u00e4r\u00e4\u00e4n ja v\u00e4riin. Lauta kehitt\u00e4\u00e4 my\u00f6s lapsen k\u00e4den taitoja, joita kutsutaan &#8221;hienomotoriikaksi&#8221;.Ominaisuudet: * &#8211; 3-vuotiaille ja sit\u00e4 vanhemmille lapsille * &#8211; valmistettu puusta * &#8211; korkea laatu * &#8211; auttaa numeroiden ja v\u00e4rien oppimisessa &#8211; [&hellip;]<\/p>\n","protected":false},"featured_media":0,"comment_status":"open","ping_status":"closed","template":"","meta":[],"product_brand":[],"product_cat":[32],"product_tag":[],"class_list":{"0":"post-36094","1":"product","2":"type-product","3":"status-publish","5":"product_cat-uncategorized-fi","7":"first","8":"instock","9":"shipping-taxable","10":"purchasable","11":"product-type-simple"},"_links":{"self":[{"href":"https:\/\/nordicmart.andreevmaster.com\/fi\/wp-json\/wp\/v2\/product\/36094","targetHints":{"allow":["GET"]}}],"collection":[{"href":"https:\/\/nordicmart.andreevmaster.com\/fi\/wp-json\/wp\/v2\/product"}],"about":[{"href":"https:\/\/nordicmart.andreevmaster.com\/fi\/wp-json\/wp\/v2\/types\/product"}],"replies":[{"embeddable":true,"href":"https:\/\/nordicmart.andreevmaster.com\/fi\/wp-json\/wp\/v2\/comments?post=36094"}],"wp:attachment":[{"href":"https:\/\/nordicmart.andreevmaster.com\/fi\/wp-json\/wp\/v2\/media?parent=36094"}],"wp:term":[{"taxonomy":"product_brand","embeddable":true,"href":"https:\/\/nordicmart.andreevmaster.com\/fi\/wp-json\/wp\/v2\/product_brand?post=36094"},{"taxonomy":"product_cat","embeddable":true,"href":"https:\/\/nordicmart.andreevmaster.com\/fi\/wp-json\/wp\/v2\/product_cat?post=36094"},{"taxonomy":"product_tag","embeddable":true,"href":"https:\/\/nordicmart.andreevmaster.com\/fi\/wp-json\/wp\/v2\/product_tag?post=36094"}],"curies":[{"name":"wp","href":"https:\/\/api.w.org\/{rel}","templated":true}]}}