{"id":36093,"date":"2026-02-27T00:32:57","date_gmt":"2026-02-27T00:32:57","guid":{"rendered":"https:\/\/nordicmart.andreevmaster.com\/product\/masterkidz-varjojen-yhdistaminen-esineiden-tunnistaminen-montessori\/"},"modified":"2026-02-27T09:51:00","modified_gmt":"2026-02-27T09:51:00","slug":"masterkidz-varjojen-yhdistaminen-esineiden-tunnistaminen-montessori","status":"publish","type":"product","link":"https:\/\/nordicmart.andreevmaster.com\/fi\/tuote\/masterkidz-varjojen-yhdistaminen-esineiden-tunnistaminen-montessori\/","title":{"rendered":"MASTERKIDZ Varjojen yhdist\u00e4minen Esineiden tunnistaminen Montessori"},"content":{"rendered":"<p>Muotojen yhdist\u00e4mispeli on opettavainen lelu lapsille, jotka rakastavat tutkia maailmaa leikin kautta. V\u00e4rikk\u00e4\u00e4t, tukevat palat, joissa on kuvia jokap\u00e4iv\u00e4isist\u00e4 esineist\u00e4, el\u00e4imist\u00e4 ja ajoneuvoista, kannustavat lasta yhdistelem\u00e4\u00e4n ja oppimaan uusia sanoja ja muotoja. Vaihdettavien pelilaattojen ja yksinkertaisen mekanismin ansiosta leikki ei koskaan kyll\u00e4styt\u00e4, ja lapsi voi kehitt\u00e4\u00e4 taitojaan monilla vaikeustasoilla.Ominaisuudet:<\/p>\n<p>* &#8211; Valmistettu korkealaatuisesta puusta<br \/>\n* &#8211; Kolme vaikeustasoa vaihdettavien korttien ansiosta: identtiset kuvat, v\u00e4rikk\u00e4\u00e4t siluetit ja mustat siluetit.<\/p>\n<p>Lelu kehitt\u00e4\u00e4:<\/p>\n<p>* &#8211; Havainnointikyky\u00e4<br \/>\n* &#8211; Loogista ajattelua<br \/>\n* &#8211; K\u00e4rsiv\u00e4llisyytt\u00e4<\/p>\n","protected":false},"excerpt":{"rendered":"<p>Muotojen yhdist\u00e4mispeli on opettavainen lelu lapsille, jotka rakastavat tutkia maailmaa leikin kautta. V\u00e4rikk\u00e4\u00e4t, tukevat palat, joissa on kuvia jokap\u00e4iv\u00e4isist\u00e4 esineist\u00e4, el\u00e4imist\u00e4 ja ajoneuvoista, kannustavat lasta yhdistelem\u00e4\u00e4n ja oppimaan uusia sanoja ja muotoja. Vaihdettavien pelilaattojen ja yksinkertaisen mekanismin ansiosta leikki ei koskaan kyll\u00e4styt\u00e4, ja lapsi voi kehitt\u00e4\u00e4 taitojaan monilla vaikeustasoilla.Ominaisuudet: * &#8211; Valmistettu korkealaatuisesta puusta * [&hellip;]<\/p>\n","protected":false},"featured_media":0,"comment_status":"open","ping_status":"closed","template":"","meta":[],"product_brand":[],"product_cat":[32],"product_tag":[],"class_list":{"0":"post-36093","1":"product","2":"type-product","3":"status-publish","5":"product_cat-uncategorized-fi","7":"first","8":"instock","9":"shipping-taxable","10":"purchasable","11":"product-type-simple"},"_links":{"self":[{"href":"https:\/\/nordicmart.andreevmaster.com\/fi\/wp-json\/wp\/v2\/product\/36093","targetHints":{"allow":["GET"]}}],"collection":[{"href":"https:\/\/nordicmart.andreevmaster.com\/fi\/wp-json\/wp\/v2\/product"}],"about":[{"href":"https:\/\/nordicmart.andreevmaster.com\/fi\/wp-json\/wp\/v2\/types\/product"}],"replies":[{"embeddable":true,"href":"https:\/\/nordicmart.andreevmaster.com\/fi\/wp-json\/wp\/v2\/comments?post=36093"}],"wp:attachment":[{"href":"https:\/\/nordicmart.andreevmaster.com\/fi\/wp-json\/wp\/v2\/media?parent=36093"}],"wp:term":[{"taxonomy":"product_brand","embeddable":true,"href":"https:\/\/nordicmart.andreevmaster.com\/fi\/wp-json\/wp\/v2\/product_brand?post=36093"},{"taxonomy":"product_cat","embeddable":true,"href":"https:\/\/nordicmart.andreevmaster.com\/fi\/wp-json\/wp\/v2\/product_cat?post=36093"},{"taxonomy":"product_tag","embeddable":true,"href":"https:\/\/nordicmart.andreevmaster.com\/fi\/wp-json\/wp\/v2\/product_tag?post=36093"}],"curies":[{"name":"wp","href":"https:\/\/api.w.org\/{rel}","templated":true}]}}