{"id":36092,"date":"2026-02-27T00:32:56","date_gmt":"2026-02-27T00:32:56","guid":{"rendered":"https:\/\/nordicmart.andreevmaster.com\/product\/masterkidz-emotion-learning-board-wooden-eggs-whats-your-mood-montessori-2\/"},"modified":"2026-02-27T09:51:00","modified_gmt":"2026-02-27T09:51:00","slug":"masterkidz-emotion-learning-board-wooden-eggs-whats-your-mood-montessori-2","status":"publish","type":"product","link":"https:\/\/nordicmart.andreevmaster.com\/fi\/tuote\/masterkidz-emotion-learning-board-wooden-eggs-whats-your-mood-montessori-2\/","title":{"rendered":"MASTERKIDZ Emotion Learning Board Wooden Eggs What&#8217;s Your Mood? Montessori"},"content":{"rendered":"<p>MASTERKIDZin puinen tunneoppimistaulu. Taulu on suunniteltu auttamaan lapsia kehitt\u00e4m\u00e4\u00e4n tunnetietoisuutta ja sosiaalisia taitoja. Lapset voivat yhdistell\u00e4 yl\u00e4- ja alaosia eri tavoin luodakseen ilmeit\u00e4. Se on erityisen hy\u00f6dyllinen ty\u00f6kalu, joka kannustaa lapsia ilmaisemaan tunteitaan sanattomasti. Sit\u00e4 voidaan k\u00e4ytt\u00e4\u00e4 my\u00f6s ty\u00f6kaluna, jolla opetetaan lapsille empatiaa pyyt\u00e4m\u00e4ll\u00e4 heit\u00e4 arvaamaan tai toistamaan muiden tunteita n\u00e4iden palikoiden avulla.Ominaisuudet:<\/p>\n<p>* &#8211; Valmistettu korkealaatuisesta puusta<br \/>\n* &#8211; Auttaa lapsia oppimaan tunnistamaan ja ilmaisemaan tunteitaan<\/p>\n<p>Lelu kehitt\u00e4\u00e4:<\/p>\n<p>* &#8211; Tunne-el\u00e4m\u00e4n tietoisuutta<br \/>\n* &#8211; Empatiaa<br \/>\n* &#8211; Sosiaalisia taitoja<br \/>\n* &#8211; Mielikuvitusta<\/p>\n","protected":false},"excerpt":{"rendered":"<p>MASTERKIDZin puinen tunneoppimistaulu. Taulu on suunniteltu auttamaan lapsia kehitt\u00e4m\u00e4\u00e4n tunnetietoisuutta ja sosiaalisia taitoja. Lapset voivat yhdistell\u00e4 yl\u00e4- ja alaosia eri tavoin luodakseen ilmeit\u00e4. Se on erityisen hy\u00f6dyllinen ty\u00f6kalu, joka kannustaa lapsia ilmaisemaan tunteitaan sanattomasti. Sit\u00e4 voidaan k\u00e4ytt\u00e4\u00e4 my\u00f6s ty\u00f6kaluna, jolla opetetaan lapsille empatiaa pyyt\u00e4m\u00e4ll\u00e4 heit\u00e4 arvaamaan tai toistamaan muiden tunteita n\u00e4iden palikoiden avulla.Ominaisuudet: * &#8211; [&hellip;]<\/p>\n","protected":false},"featured_media":0,"comment_status":"open","ping_status":"closed","template":"","meta":[],"product_brand":[],"product_cat":[32],"product_tag":[],"class_list":{"0":"post-36092","1":"product","2":"type-product","3":"status-publish","5":"product_cat-uncategorized-fi","7":"first","8":"instock","9":"shipping-taxable","10":"purchasable","11":"product-type-simple"},"_links":{"self":[{"href":"https:\/\/nordicmart.andreevmaster.com\/fi\/wp-json\/wp\/v2\/product\/36092","targetHints":{"allow":["GET"]}}],"collection":[{"href":"https:\/\/nordicmart.andreevmaster.com\/fi\/wp-json\/wp\/v2\/product"}],"about":[{"href":"https:\/\/nordicmart.andreevmaster.com\/fi\/wp-json\/wp\/v2\/types\/product"}],"replies":[{"embeddable":true,"href":"https:\/\/nordicmart.andreevmaster.com\/fi\/wp-json\/wp\/v2\/comments?post=36092"}],"wp:attachment":[{"href":"https:\/\/nordicmart.andreevmaster.com\/fi\/wp-json\/wp\/v2\/media?parent=36092"}],"wp:term":[{"taxonomy":"product_brand","embeddable":true,"href":"https:\/\/nordicmart.andreevmaster.com\/fi\/wp-json\/wp\/v2\/product_brand?post=36092"},{"taxonomy":"product_cat","embeddable":true,"href":"https:\/\/nordicmart.andreevmaster.com\/fi\/wp-json\/wp\/v2\/product_cat?post=36092"},{"taxonomy":"product_tag","embeddable":true,"href":"https:\/\/nordicmart.andreevmaster.com\/fi\/wp-json\/wp\/v2\/product_tag?post=36092"}],"curies":[{"name":"wp","href":"https:\/\/api.w.org\/{rel}","templated":true}]}}