{"id":36091,"date":"2026-02-27T00:32:56","date_gmt":"2026-02-27T00:32:56","guid":{"rendered":"https:\/\/nordicmart.andreevmaster.com\/product\/masterkidz-learning-emotions-montessori-wooden-game-2\/"},"modified":"2026-02-27T09:51:00","modified_gmt":"2026-02-27T09:51:00","slug":"masterkidz-learning-emotions-montessori-wooden-game-2","status":"publish","type":"product","link":"https:\/\/nordicmart.andreevmaster.com\/fi\/tuote\/masterkidz-learning-emotions-montessori-wooden-game-2\/","title":{"rendered":"MASTERKIDZ Learning Emotions Montessori Wooden Game"},"content":{"rendered":"<p>T\u00e4m\u00e4 k\u00e4dess\u00e4 pidett\u00e4v\u00e4 opetuslauta kehitt\u00e4\u00e4 lasten tunne\u00e4ly\u00e4 ja opettaa heit\u00e4 tunnistamaan tunteita ja tunteita, kuten pelkoa, iloa, surua ja vihaa.Lautapeli koostuu nelj\u00e4st\u00e4 palasta, joilla lapsi voi luoda jopa 64 erilaista kasvojen ilmaisua, jotka kuvaavat erilaisia tunteita. T\u00e4m\u00e4n lautapelin avulla teht\u00e4v\u00e4t harjoitukset tarjoavat erinomaisen mahdollisuuden opettaa lapsille oikeaa tunne-el\u00e4m\u00e4n hallintaa, tunteiden k\u00e4sittely\u00e4 ja niiden merkityst\u00e4. Tuote sopii yksil\u00f6lliseen ty\u00f6skentelyyn sek\u00e4 kotona ett\u00e4 erikoisl\u00e4\u00e4k\u00e4rin vastaanotolla.<\/p>\n<p>Harjoitus 1<\/p>\n<p>Heit\u00e4 noppaa A. Pyyd\u00e4 lasta j\u00e4rjest\u00e4m\u00e4\u00e4n nelj\u00e4 puupalikkaa niin, ett\u00e4 ilme vastaa nopassa heitetty\u00e4 kuviota. T\u00e4m\u00e4 on hyv\u00e4 harjoitus, jossa lapsi voi havainnoida, miten silmien, suun jne. muutokset vaikuttavat tunteisiimme.<\/p>\n<p>Harjoitus 2<\/p>\n<p>Pyyd\u00e4 lasta k\u00e4ytt\u00e4m\u00e4\u00e4n nelj\u00e4\u00e4 puupalaa ja j\u00e4rjest\u00e4m\u00e4\u00e4n ne siten, ett\u00e4 ne kuvaavat h\u00e4nen t\u00e4m\u00e4n p\u00e4iv\u00e4n tunteitaan. T\u00e4m\u00e4 rohkaisee lasta ilmaisemaan tunteitaan, jotta vanhemmat ja opettajat voivat ymm\u00e4rt\u00e4\u00e4 niit\u00e4 paremmin. Viel\u00e4 t\u00e4rke\u00e4mp\u00e4\u00e4 on, ett\u00e4 voimme my\u00f6s opettaa heille tunteiden hallintaa, miten k\u00e4sitell\u00e4 tunteitaan ja mit\u00e4 ne tarkoittavat.<\/p>\n<p>Harjoitus 3<\/p>\n<p>Heit\u00e4 toinen noppa. Pyyd\u00e4 lapsia j\u00e4rjest\u00e4m\u00e4\u00e4n nelj\u00e4 puupalaa niin, ett\u00e4 ne kuvaavat, miten he tuntisivat, jos he joutuisivat nopassa n\u00e4kyv\u00e4\u00e4n tilanteeseen. On kuusi erilaista tilannetta, ja lapset voivat reagoida eri tavoin samaan tilanteeseen. Esimerkiksi, jos lapset n\u00e4kev\u00e4t koiran, jotkut ovat hyvin iloisia, koska he rakastavat el\u00e4imi\u00e4. Toiset taas pel\u00e4styv\u00e4t, koska he pelk\u00e4\u00e4v\u00e4t koiria. Vanhempien tai opettajien tulisi kysy\u00e4 lapsilta, miksi he reagoivat n\u00e4in t\u00e4ss\u00e4 tilanteessa. T\u00e4m\u00e4 on eritt\u00e4in hyv\u00e4 harjoitus lasten ja aikuisten v\u00e4lill\u00e4, joka auttaa ymm\u00e4rt\u00e4m\u00e4\u00e4n lapsia paremmin. Se antaa my\u00f6s aikuisille erinomaisen tilaisuuden opettaa lapsillemme, kuinka hallita tunteitaan oikein. Harjoitus 4 Tunteiden koulutuksessa on my\u00f6s t\u00e4rke\u00e4\u00e4, ett\u00e4 lapsemme osaavat tunnistaa ja ymm\u00e4rt\u00e4\u00e4 muiden tunteita. T\u00e4m\u00e4 on yksi perustaitotaidoista, joita lasten on opittava. Voimme pyyt\u00e4\u00e4 lasta arvaamaan toisen lapsen tunteita ja k\u00e4ytt\u00e4m\u00e4\u00e4n nelj\u00e4\u00e4 puupuikkoa ilmeiden tekemiseen. Lelu on valmistettu kokonaan puusta. Valitsemalla Masterkidz-puulelut huolehdit ymp\u00e4rist\u00f6st\u00e4 ja v\u00e4henn\u00e4t muovij\u00e4tett\u00e4.<\/p>\n","protected":false},"excerpt":{"rendered":"<p>T\u00e4m\u00e4 k\u00e4dess\u00e4 pidett\u00e4v\u00e4 opetuslauta kehitt\u00e4\u00e4 lasten tunne\u00e4ly\u00e4 ja opettaa heit\u00e4 tunnistamaan tunteita ja tunteita, kuten pelkoa, iloa, surua ja vihaa.Lautapeli koostuu nelj\u00e4st\u00e4 palasta, joilla lapsi voi luoda jopa 64 erilaista kasvojen ilmaisua, jotka kuvaavat erilaisia tunteita. T\u00e4m\u00e4n lautapelin avulla teht\u00e4v\u00e4t harjoitukset tarjoavat erinomaisen mahdollisuuden opettaa lapsille oikeaa tunne-el\u00e4m\u00e4n hallintaa, tunteiden k\u00e4sittely\u00e4 ja niiden merkityst\u00e4. Tuote [&hellip;]<\/p>\n","protected":false},"featured_media":0,"comment_status":"open","ping_status":"closed","template":"","meta":[],"product_brand":[],"product_cat":[32],"product_tag":[],"class_list":{"0":"post-36091","1":"product","2":"type-product","3":"status-publish","5":"product_cat-uncategorized-fi","7":"first","8":"instock","9":"shipping-taxable","10":"purchasable","11":"product-type-simple"},"_links":{"self":[{"href":"https:\/\/nordicmart.andreevmaster.com\/fi\/wp-json\/wp\/v2\/product\/36091","targetHints":{"allow":["GET"]}}],"collection":[{"href":"https:\/\/nordicmart.andreevmaster.com\/fi\/wp-json\/wp\/v2\/product"}],"about":[{"href":"https:\/\/nordicmart.andreevmaster.com\/fi\/wp-json\/wp\/v2\/types\/product"}],"replies":[{"embeddable":true,"href":"https:\/\/nordicmart.andreevmaster.com\/fi\/wp-json\/wp\/v2\/comments?post=36091"}],"wp:attachment":[{"href":"https:\/\/nordicmart.andreevmaster.com\/fi\/wp-json\/wp\/v2\/media?parent=36091"}],"wp:term":[{"taxonomy":"product_brand","embeddable":true,"href":"https:\/\/nordicmart.andreevmaster.com\/fi\/wp-json\/wp\/v2\/product_brand?post=36091"},{"taxonomy":"product_cat","embeddable":true,"href":"https:\/\/nordicmart.andreevmaster.com\/fi\/wp-json\/wp\/v2\/product_cat?post=36091"},{"taxonomy":"product_tag","embeddable":true,"href":"https:\/\/nordicmart.andreevmaster.com\/fi\/wp-json\/wp\/v2\/product_tag?post=36091"}],"curies":[{"name":"wp","href":"https:\/\/api.w.org\/{rel}","templated":true}]}}