{"id":36090,"date":"2026-02-27T00:32:56","date_gmt":"2026-02-27T00:32:56","guid":{"rendered":"https:\/\/nordicmart.andreevmaster.com\/product\/masterkidz-varhainen-ohjelmointikoulutus-looginen-peli-loyda-tie-juustoon\/"},"modified":"2026-02-27T09:51:00","modified_gmt":"2026-02-27T09:51:00","slug":"masterkidz-varhainen-ohjelmointikoulutus-looginen-peli-loyda-tie-juustoon","status":"publish","type":"product","link":"https:\/\/nordicmart.andreevmaster.com\/fi\/tuote\/masterkidz-varhainen-ohjelmointikoulutus-looginen-peli-loyda-tie-juustoon\/","title":{"rendered":"MASTERKIDZ Varhainen ohjelmointikoulutus Looginen peli L\u00f6yd\u00e4 tie juustoon!"},"content":{"rendered":"<p>Peli &#8221;L\u00f6yd\u00e4 tie juustoon&#8221; on suunniteltu ensimm\u00e4iseksi peliksi, joka tutustuttaa lapset ohjelmoinnin maailmaan. Pelin avulla he voivat kehitt\u00e4\u00e4 taitoja, joista on hy\u00f6ty\u00e4 my\u00f6hemm\u00e4ss\u00e4 koodaamisen oppimisessa: loogista ajattelua, ongelmanratkaisua ja syy-seuraussuhteiden ymm\u00e4rt\u00e4mist\u00e4. Pelin tarkoituksena on ohjata hiiri juustoon hiiren komentojen avulla v\u00e4ltt\u00e4en kissaa ja esteit\u00e4. Lis\u00e4ksi peli parantaa pienten k\u00e4sien k\u00e4tevyytt\u00e4 ja kehitt\u00e4\u00e4 k\u00e4si-silm\u00e4-koordinaatiota. Ohjelmoinnin ensimm\u00e4iset askeleet eiv\u00e4t tarvitse olla vaikeita, vaan ne voivat olla helpompia, kun ne otetaan riitt\u00e4v\u00e4n varhain. Ohjelmointikielen tuntemus antaa lis\u00e4etuja my\u00f6hemm\u00e4ss\u00e4 koodausopetuksessa.Ominaisuudet:<\/p>\n<p>* &#8211; tutustuttaa lapset ohjelmoinnin maailmaan<br \/>\n* &#8211; aikuinen asettaa esteit\u00e4 &#8211; lapsen teht\u00e4v\u00e4n\u00e4 on ohjata hiiri juuston luo &#8211; v\u00e4ltt\u00e4en esteit\u00e4 ja kulkien siltojen ali<br \/>\n* &#8211; t\u00e4rke\u00e4\u00e4 &#8211; hiiren polku ei voi risteyty\u00e4 itsens\u00e4 kanssa, ja se voi seist\u00e4 tietyll\u00e4 kent\u00e4ll\u00e4 vain kerran<br \/>\n* &#8211; leikin kautta lapset voivat kehitt\u00e4\u00e4 perustaitoja, joista on hy\u00f6ty\u00e4 my\u00f6hemm\u00e4ss\u00e4 ohjelmoinnin oppimisessa<br \/>\n* &#8211; leikin kautta lapsi harjoittelee loogista ajattelua ja keskittyy mielell\u00e4\u00e4n peliin<br \/>\n* &#8211; suuntakomentojen k\u00e4ytt\u00f6 valmistaa lasta ohjelmoinnin jatkokoulutukseen<\/p>\n<p>Lelu kehitt\u00e4\u00e4:<\/p>\n<p>* &#8211; loogista ajattelua<br \/>\n* &#8211; keskittymiskyky\u00e4<br \/>\n* &#8211; syy-seuraussuhteiden ymm\u00e4rt\u00e4mist\u00e4<br \/>\n* &#8211; motorisia taitoja<br \/>\n* &#8211; k\u00e4si-silm\u00e4-koordinaatiota<br \/>\n* &#8211; opettaa suuntia<br \/>\n* &#8211; tarjoaa perustan ohjelmoinnin jatkokoulutukselle<\/p>\n","protected":false},"excerpt":{"rendered":"<p>Peli &#8221;L\u00f6yd\u00e4 tie juustoon&#8221; on suunniteltu ensimm\u00e4iseksi peliksi, joka tutustuttaa lapset ohjelmoinnin maailmaan. Pelin avulla he voivat kehitt\u00e4\u00e4 taitoja, joista on hy\u00f6ty\u00e4 my\u00f6hemm\u00e4ss\u00e4 koodaamisen oppimisessa: loogista ajattelua, ongelmanratkaisua ja syy-seuraussuhteiden ymm\u00e4rt\u00e4mist\u00e4. Pelin tarkoituksena on ohjata hiiri juustoon hiiren komentojen avulla v\u00e4ltt\u00e4en kissaa ja esteit\u00e4. Lis\u00e4ksi peli parantaa pienten k\u00e4sien k\u00e4tevyytt\u00e4 ja kehitt\u00e4\u00e4 k\u00e4si-silm\u00e4-koordinaatiota. Ohjelmoinnin ensimm\u00e4iset [&hellip;]<\/p>\n","protected":false},"featured_media":0,"comment_status":"open","ping_status":"closed","template":"","meta":[],"product_brand":[],"product_cat":[32],"product_tag":[],"class_list":{"0":"post-36090","1":"product","2":"type-product","3":"status-publish","5":"product_cat-uncategorized-fi","7":"first","8":"instock","9":"shipping-taxable","10":"purchasable","11":"product-type-simple"},"_links":{"self":[{"href":"https:\/\/nordicmart.andreevmaster.com\/fi\/wp-json\/wp\/v2\/product\/36090","targetHints":{"allow":["GET"]}}],"collection":[{"href":"https:\/\/nordicmart.andreevmaster.com\/fi\/wp-json\/wp\/v2\/product"}],"about":[{"href":"https:\/\/nordicmart.andreevmaster.com\/fi\/wp-json\/wp\/v2\/types\/product"}],"replies":[{"embeddable":true,"href":"https:\/\/nordicmart.andreevmaster.com\/fi\/wp-json\/wp\/v2\/comments?post=36090"}],"wp:attachment":[{"href":"https:\/\/nordicmart.andreevmaster.com\/fi\/wp-json\/wp\/v2\/media?parent=36090"}],"wp:term":[{"taxonomy":"product_brand","embeddable":true,"href":"https:\/\/nordicmart.andreevmaster.com\/fi\/wp-json\/wp\/v2\/product_brand?post=36090"},{"taxonomy":"product_cat","embeddable":true,"href":"https:\/\/nordicmart.andreevmaster.com\/fi\/wp-json\/wp\/v2\/product_cat?post=36090"},{"taxonomy":"product_tag","embeddable":true,"href":"https:\/\/nordicmart.andreevmaster.com\/fi\/wp-json\/wp\/v2\/product_tag?post=36090"}],"curies":[{"name":"wp","href":"https:\/\/api.w.org\/{rel}","templated":true}]}}