{"id":36089,"date":"2026-02-27T00:32:55","date_gmt":"2026-02-27T00:32:55","guid":{"rendered":"https:\/\/nordicmart.andreevmaster.com\/product\/masterkidz-koulutuslevy-peili-varien-sekoittamisen-oppiminen\/"},"modified":"2026-02-27T09:51:00","modified_gmt":"2026-02-27T09:51:00","slug":"masterkidz-koulutuslevy-peili-varien-sekoittamisen-oppiminen","status":"publish","type":"product","link":"https:\/\/nordicmart.andreevmaster.com\/fi\/tuote\/masterkidz-koulutuslevy-peili-varien-sekoittamisen-oppiminen\/","title":{"rendered":"MASTERKIDZ Koulutuslevy Peili V\u00e4rien sekoittamisen oppiminen"},"content":{"rendered":"<p>Muotojen ja v\u00e4rien j\u00e4rjest\u00e4minen ja yhdist\u00e4minen on t\u00e4rke\u00e4\u00e4 lapsen oikeanlaiselle kehitykselle. Palapelit ovat eritt\u00e4in t\u00e4rkeit\u00e4, ja niiden vaikeustaso tulisi sovittaa lapsen ik\u00e4\u00e4n. Ominaisuudet: * &#8211; Taulu opettaa lapsille, miten muut v\u00e4rit syntyv\u00e4t kolmesta perusv\u00e4rist\u00e4 &#8211; miten v\u00e4rej\u00e4 sekoitetaan &#8211; Lapset voivat my\u00f6s katsella peilikuvaansa eri v\u00e4risiss\u00e4 peileiss\u00e4<br \/>\n* &#8211; Sarja sis\u00e4lt\u00e4\u00e4 1 pelilaudan<\/p>\n<p>Lelu kehitt\u00e4\u00e4:<\/p>\n<p>* &#8211; motorisia taitoja<br \/>\n* &#8211; aistitaitoja<br \/>\n* &#8211; k\u00e4si-silm\u00e4-koordinaatiota<br \/>\n* &#8211; mielikuvitusta<br \/>\n* &#8211; keskittymiskyky\u00e4<br \/>\n* &#8211; uteliaisuutta<\/p>\n","protected":false},"excerpt":{"rendered":"<p>Muotojen ja v\u00e4rien j\u00e4rjest\u00e4minen ja yhdist\u00e4minen on t\u00e4rke\u00e4\u00e4 lapsen oikeanlaiselle kehitykselle. Palapelit ovat eritt\u00e4in t\u00e4rkeit\u00e4, ja niiden vaikeustaso tulisi sovittaa lapsen ik\u00e4\u00e4n. Ominaisuudet: * &#8211; Taulu opettaa lapsille, miten muut v\u00e4rit syntyv\u00e4t kolmesta perusv\u00e4rist\u00e4 &#8211; miten v\u00e4rej\u00e4 sekoitetaan &#8211; Lapset voivat my\u00f6s katsella peilikuvaansa eri v\u00e4risiss\u00e4 peileiss\u00e4 * &#8211; Sarja sis\u00e4lt\u00e4\u00e4 1 pelilaudan Lelu kehitt\u00e4\u00e4: [&hellip;]<\/p>\n","protected":false},"featured_media":0,"comment_status":"open","ping_status":"closed","template":"","meta":[],"product_brand":[],"product_cat":[32],"product_tag":[],"class_list":{"0":"post-36089","1":"product","2":"type-product","3":"status-publish","5":"product_cat-uncategorized-fi","7":"first","8":"instock","9":"shipping-taxable","10":"purchasable","11":"product-type-simple"},"_links":{"self":[{"href":"https:\/\/nordicmart.andreevmaster.com\/fi\/wp-json\/wp\/v2\/product\/36089","targetHints":{"allow":["GET"]}}],"collection":[{"href":"https:\/\/nordicmart.andreevmaster.com\/fi\/wp-json\/wp\/v2\/product"}],"about":[{"href":"https:\/\/nordicmart.andreevmaster.com\/fi\/wp-json\/wp\/v2\/types\/product"}],"replies":[{"embeddable":true,"href":"https:\/\/nordicmart.andreevmaster.com\/fi\/wp-json\/wp\/v2\/comments?post=36089"}],"wp:attachment":[{"href":"https:\/\/nordicmart.andreevmaster.com\/fi\/wp-json\/wp\/v2\/media?parent=36089"}],"wp:term":[{"taxonomy":"product_brand","embeddable":true,"href":"https:\/\/nordicmart.andreevmaster.com\/fi\/wp-json\/wp\/v2\/product_brand?post=36089"},{"taxonomy":"product_cat","embeddable":true,"href":"https:\/\/nordicmart.andreevmaster.com\/fi\/wp-json\/wp\/v2\/product_cat?post=36089"},{"taxonomy":"product_tag","embeddable":true,"href":"https:\/\/nordicmart.andreevmaster.com\/fi\/wp-json\/wp\/v2\/product_tag?post=36089"}],"curies":[{"name":"wp","href":"https:\/\/api.w.org\/{rel}","templated":true}]}}