{"id":36088,"date":"2026-02-27T00:32:55","date_gmt":"2026-02-27T00:32:55","guid":{"rendered":"https:\/\/nordicmart.andreevmaster.com\/product\/masterkidz-kaappi-opetuslevyjen-sailyttamiseen\/"},"modified":"2026-02-27T09:50:59","modified_gmt":"2026-02-27T09:50:59","slug":"masterkidz-kaappi-opetuslevyjen-sailyttamiseen","status":"publish","type":"product","link":"https:\/\/nordicmart.andreevmaster.com\/fi\/tuote\/masterkidz-kaappi-opetuslevyjen-sailyttamiseen\/","title":{"rendered":"MASTERKIDZ Kaappi opetuslevyjen s\u00e4ilytt\u00e4miseen"},"content":{"rendered":"<p>Jotta lasten leikkipaikka pysyy siistin\u00e4, on hyv\u00e4 opettaa heille, mihin kukin lelu laitetaan. Jokaisella lelulla tulisi olla oma s\u00e4ilytyspaikkansa, jotta v\u00e4ltyt\u00e4\u00e4n kaaokselta.<\/p>\n<p>T\u00e4m\u00e4 puinen kaappi on suunniteltu erityisesti Masterkidz-k\u00e4silevyjen s\u00e4ilytykseen. Siihen mahtuu jopa 10 levy\u00e4, joiden koko on 28 x 28 cm, mik\u00e4 tekee siit\u00e4 eritt\u00e4in k\u00e4yt\u00e4nn\u00f6llisen ratkaisun. Kaapille voi ostaa py\u00f6r\u00e4t, jotka helpottavat sen siirt\u00e4mist\u00e4, vaikka se olisi t\u00e4ynn\u00e4. Py\u00f6r\u00e4t voidaan lukita, jotta huonekalu pysyy paikallaan ilman, ett\u00e4 niit\u00e4 tarvitsee irrottaa.<\/p>\n<p>Kaapin p\u00e4\u00e4lle voidaan asettaa lauta, jolloin siit\u00e4 tulee liikkuva leikkikeskus. T\u00e4m\u00e4 tekee lelusta erityisen k\u00e4tev\u00e4n k\u00e4ytt\u00e4\u00e4.<\/p>\n<p>Huonekalu on valmistettu puusta. Valitsemalla Masterkidz-puutuotteet huolehdit ymp\u00e4rist\u00f6st\u00e4 ja v\u00e4henn\u00e4t muovij\u00e4tett\u00e4.<\/p>\n","protected":false},"excerpt":{"rendered":"<p>Jotta lasten leikkipaikka pysyy siistin\u00e4, on hyv\u00e4 opettaa heille, mihin kukin lelu laitetaan. Jokaisella lelulla tulisi olla oma s\u00e4ilytyspaikkansa, jotta v\u00e4ltyt\u00e4\u00e4n kaaokselta. T\u00e4m\u00e4 puinen kaappi on suunniteltu erityisesti Masterkidz-k\u00e4silevyjen s\u00e4ilytykseen. Siihen mahtuu jopa 10 levy\u00e4, joiden koko on 28 x 28 cm, mik\u00e4 tekee siit\u00e4 eritt\u00e4in k\u00e4yt\u00e4nn\u00f6llisen ratkaisun. Kaapille voi ostaa py\u00f6r\u00e4t, jotka helpottavat sen [&hellip;]<\/p>\n","protected":false},"featured_media":0,"comment_status":"open","ping_status":"closed","template":"","meta":[],"product_brand":[],"product_cat":[32],"product_tag":[],"class_list":{"0":"post-36088","1":"product","2":"type-product","3":"status-publish","5":"product_cat-uncategorized-fi","7":"first","8":"instock","9":"shipping-taxable","10":"purchasable","11":"product-type-simple"},"_links":{"self":[{"href":"https:\/\/nordicmart.andreevmaster.com\/fi\/wp-json\/wp\/v2\/product\/36088","targetHints":{"allow":["GET"]}}],"collection":[{"href":"https:\/\/nordicmart.andreevmaster.com\/fi\/wp-json\/wp\/v2\/product"}],"about":[{"href":"https:\/\/nordicmart.andreevmaster.com\/fi\/wp-json\/wp\/v2\/types\/product"}],"replies":[{"embeddable":true,"href":"https:\/\/nordicmart.andreevmaster.com\/fi\/wp-json\/wp\/v2\/comments?post=36088"}],"wp:attachment":[{"href":"https:\/\/nordicmart.andreevmaster.com\/fi\/wp-json\/wp\/v2\/media?parent=36088"}],"wp:term":[{"taxonomy":"product_brand","embeddable":true,"href":"https:\/\/nordicmart.andreevmaster.com\/fi\/wp-json\/wp\/v2\/product_brand?post=36088"},{"taxonomy":"product_cat","embeddable":true,"href":"https:\/\/nordicmart.andreevmaster.com\/fi\/wp-json\/wp\/v2\/product_cat?post=36088"},{"taxonomy":"product_tag","embeddable":true,"href":"https:\/\/nordicmart.andreevmaster.com\/fi\/wp-json\/wp\/v2\/product_tag?post=36088"}],"curies":[{"name":"wp","href":"https:\/\/api.w.org\/{rel}","templated":true}]}}