{"id":36087,"date":"2026-02-27T00:32:55","date_gmt":"2026-02-27T00:32:55","guid":{"rendered":"https:\/\/nordicmart.andreevmaster.com\/product\/masterkidz-realistinen-hedelmakeittiosetti-10-kappaletta\/"},"modified":"2026-02-27T09:50:59","modified_gmt":"2026-02-27T09:50:59","slug":"masterkidz-realistinen-hedelmakeittiosetti-10-kappaletta","status":"publish","type":"product","link":"https:\/\/nordicmart.andreevmaster.com\/fi\/tuote\/masterkidz-realistinen-hedelmakeittiosetti-10-kappaletta\/","title":{"rendered":"MASTERKIDZ Realistinen hedelm\u00e4keitti\u00f6setti, 10 kappaletta"},"content":{"rendered":"<p>Keitti\u00f6ss\u00e4 leikkiminen on hauskaa! &#8221;Laittamalla&#8221; lempiruokia koko perheelle tai nalleille ja nukkeille lapset oppivat k\u00e4ytt\u00e4m\u00e4\u00e4n keitti\u00f6v\u00e4lineit\u00e4 oikein ja turvallisesti.Ominaisuudet:<\/p>\n<p>* &#8211; Sarja sis\u00e4lt\u00e4\u00e4 10 hedelm\u00e4\u00e4<br \/>\n* &#8211; Hedelm\u00e4t sopivat leikkikeitti\u00f6\u00f6n tai koulun n\u00e4ytelmien rekvisiitaksi.<br \/>\n* &#8211; Hedelm\u00e4t n\u00e4ytt\u00e4v\u00e4t aidolta sek\u00e4 v\u00e4rilt\u00e4\u00e4n ett\u00e4 rakenteeltaan \u2013 ne ovat h\u00e4mment\u00e4v\u00e4n aidon n\u00e4k\u00f6isi\u00e4!<br \/>\n* &#8211; Ne mahtuvat t\u00e4ydellisesti kulhoon (MK12715) vihanneksille ja hedelmille (MK10377), ja vihannekset ja hedelm\u00e4t voidaan my\u00f6s laittaa kahteen metallikoriin (MK12715)<\/p>\n<p>Lelu kehitt\u00e4\u00e4:<\/p>\n<p>* &#8211; aistitoimintoja<br \/>\n* &#8211; motorisia taitoja<br \/>\n* &#8211; k\u00e4si-silm\u00e4-koordinaatiota<\/p>\n","protected":false},"excerpt":{"rendered":"<p>Keitti\u00f6ss\u00e4 leikkiminen on hauskaa! &#8221;Laittamalla&#8221; lempiruokia koko perheelle tai nalleille ja nukkeille lapset oppivat k\u00e4ytt\u00e4m\u00e4\u00e4n keitti\u00f6v\u00e4lineit\u00e4 oikein ja turvallisesti.Ominaisuudet: * &#8211; Sarja sis\u00e4lt\u00e4\u00e4 10 hedelm\u00e4\u00e4 * &#8211; Hedelm\u00e4t sopivat leikkikeitti\u00f6\u00f6n tai koulun n\u00e4ytelmien rekvisiitaksi. * &#8211; Hedelm\u00e4t n\u00e4ytt\u00e4v\u00e4t aidolta sek\u00e4 v\u00e4rilt\u00e4\u00e4n ett\u00e4 rakenteeltaan \u2013 ne ovat h\u00e4mment\u00e4v\u00e4n aidon n\u00e4k\u00f6isi\u00e4! * &#8211; Ne mahtuvat t\u00e4ydellisesti kulhoon [&hellip;]<\/p>\n","protected":false},"featured_media":0,"comment_status":"open","ping_status":"closed","template":"","meta":[],"product_brand":[],"product_cat":[32],"product_tag":[],"class_list":{"0":"post-36087","1":"product","2":"type-product","3":"status-publish","5":"product_cat-uncategorized-fi","7":"first","8":"instock","9":"shipping-taxable","10":"purchasable","11":"product-type-simple"},"_links":{"self":[{"href":"https:\/\/nordicmart.andreevmaster.com\/fi\/wp-json\/wp\/v2\/product\/36087","targetHints":{"allow":["GET"]}}],"collection":[{"href":"https:\/\/nordicmart.andreevmaster.com\/fi\/wp-json\/wp\/v2\/product"}],"about":[{"href":"https:\/\/nordicmart.andreevmaster.com\/fi\/wp-json\/wp\/v2\/types\/product"}],"replies":[{"embeddable":true,"href":"https:\/\/nordicmart.andreevmaster.com\/fi\/wp-json\/wp\/v2\/comments?post=36087"}],"wp:attachment":[{"href":"https:\/\/nordicmart.andreevmaster.com\/fi\/wp-json\/wp\/v2\/media?parent=36087"}],"wp:term":[{"taxonomy":"product_brand","embeddable":true,"href":"https:\/\/nordicmart.andreevmaster.com\/fi\/wp-json\/wp\/v2\/product_brand?post=36087"},{"taxonomy":"product_cat","embeddable":true,"href":"https:\/\/nordicmart.andreevmaster.com\/fi\/wp-json\/wp\/v2\/product_cat?post=36087"},{"taxonomy":"product_tag","embeddable":true,"href":"https:\/\/nordicmart.andreevmaster.com\/fi\/wp-json\/wp\/v2\/product_tag?post=36087"}],"curies":[{"name":"wp","href":"https:\/\/api.w.org\/{rel}","templated":true}]}}