{"id":36086,"date":"2026-02-27T00:32:55","date_gmt":"2026-02-27T00:32:55","guid":{"rendered":"https:\/\/nordicmart.andreevmaster.com\/product\/masterdkiz-pieni-sailytyskaappi-kateville-opetuslevyille-3-levya\/"},"modified":"2026-02-27T09:50:59","modified_gmt":"2026-02-27T09:50:59","slug":"masterdkiz-pieni-sailytyskaappi-kateville-opetuslevyille-3-levya","status":"publish","type":"product","link":"https:\/\/nordicmart.andreevmaster.com\/fi\/tuote\/masterdkiz-pieni-sailytyskaappi-kateville-opetuslevyille-3-levya\/","title":{"rendered":"MASTERDKIZ Pieni s\u00e4ilytyskaappi k\u00e4teville opetuslevyille, 3 levy\u00e4"},"content":{"rendered":"<p>Masterkidz-puinen kaappi on k\u00e4yt\u00e4nn\u00f6llinen ratkaisu k\u00e4tevien taulujen s\u00e4ilytykseen. Siihen mahtuu jopa 3 taulua, joiden koko on 28 x 28 cm, mik\u00e4 on ihanteellista pienille kokoelmille. Kaapin p\u00e4\u00e4lle voidaan sijoittaa ylim\u00e4\u00e4r\u00e4inen taulu, mutta jos tarvitset viel\u00e4 enemm\u00e4n s\u00e4ilytystilaa, voit aina lis\u00e4t\u00e4 toisen samanlaisen kaapin p\u00e4\u00e4lle. Puusta valmistettu kaappi on ymp\u00e4rist\u00f6yst\u00e4v\u00e4llinen ja auttaa v\u00e4hent\u00e4m\u00e4\u00e4n muovij\u00e4tett\u00e4. Sen tukeva rakenne takaa kest\u00e4vyyden ja turvallisuuden. <\/p>\n<p>Pid\u00e4 lasten leikkialue siistin\u00e4 t\u00e4ll\u00e4 toimivalla ja ymp\u00e4rist\u00f6yst\u00e4v\u00e4llisell\u00e4 kaapilla!<\/p>\n","protected":false},"excerpt":{"rendered":"<p>Masterkidz-puinen kaappi on k\u00e4yt\u00e4nn\u00f6llinen ratkaisu k\u00e4tevien taulujen s\u00e4ilytykseen. Siihen mahtuu jopa 3 taulua, joiden koko on 28 x 28 cm, mik\u00e4 on ihanteellista pienille kokoelmille. Kaapin p\u00e4\u00e4lle voidaan sijoittaa ylim\u00e4\u00e4r\u00e4inen taulu, mutta jos tarvitset viel\u00e4 enemm\u00e4n s\u00e4ilytystilaa, voit aina lis\u00e4t\u00e4 toisen samanlaisen kaapin p\u00e4\u00e4lle. Puusta valmistettu kaappi on ymp\u00e4rist\u00f6yst\u00e4v\u00e4llinen ja auttaa v\u00e4hent\u00e4m\u00e4\u00e4n muovij\u00e4tett\u00e4. Sen tukeva [&hellip;]<\/p>\n","protected":false},"featured_media":0,"comment_status":"open","ping_status":"closed","template":"","meta":[],"product_brand":[],"product_cat":[32],"product_tag":[],"class_list":{"0":"post-36086","1":"product","2":"type-product","3":"status-publish","5":"product_cat-uncategorized-fi","7":"first","8":"instock","9":"shipping-taxable","10":"purchasable","11":"product-type-simple"},"_links":{"self":[{"href":"https:\/\/nordicmart.andreevmaster.com\/fi\/wp-json\/wp\/v2\/product\/36086","targetHints":{"allow":["GET"]}}],"collection":[{"href":"https:\/\/nordicmart.andreevmaster.com\/fi\/wp-json\/wp\/v2\/product"}],"about":[{"href":"https:\/\/nordicmart.andreevmaster.com\/fi\/wp-json\/wp\/v2\/types\/product"}],"replies":[{"embeddable":true,"href":"https:\/\/nordicmart.andreevmaster.com\/fi\/wp-json\/wp\/v2\/comments?post=36086"}],"wp:attachment":[{"href":"https:\/\/nordicmart.andreevmaster.com\/fi\/wp-json\/wp\/v2\/media?parent=36086"}],"wp:term":[{"taxonomy":"product_brand","embeddable":true,"href":"https:\/\/nordicmart.andreevmaster.com\/fi\/wp-json\/wp\/v2\/product_brand?post=36086"},{"taxonomy":"product_cat","embeddable":true,"href":"https:\/\/nordicmart.andreevmaster.com\/fi\/wp-json\/wp\/v2\/product_cat?post=36086"},{"taxonomy":"product_tag","embeddable":true,"href":"https:\/\/nordicmart.andreevmaster.com\/fi\/wp-json\/wp\/v2\/product_tag?post=36086"}],"curies":[{"name":"wp","href":"https:\/\/api.w.org\/{rel}","templated":true}]}}