{"id":36085,"date":"2026-02-27T00:32:54","date_gmt":"2026-02-27T00:32:54","guid":{"rendered":"https:\/\/nordicmart.andreevmaster.com\/product\/masterkidz-magneettinen-labyrintti-color-sorter-edu\/"},"modified":"2026-02-27T09:50:59","modified_gmt":"2026-02-27T09:50:59","slug":"masterkidz-magneettinen-labyrintti-color-sorter-edu","status":"publish","type":"product","link":"https:\/\/nordicmart.andreevmaster.com\/fi\/tuote\/masterkidz-magneettinen-labyrintti-color-sorter-edu\/","title":{"rendered":"MASTERKIDZ Magneettinen labyrintti Color Sorter EDU"},"content":{"rendered":"<p>MASTERKIDZin magneettinen labyrintti on opettavainen palapeli, joka ilahduttaa jokaista lasta! Se on valmistettu korkealaatuisesta puusta ja yhdist\u00e4\u00e4 oppimisen ja hauskanpidon, jolloin pikkulapset voivat lajitella v\u00e4rikk\u00e4it\u00e4 palloja magneettisella sauvalla. V\u00e4rikk\u00e4\u00e4t j\u00e4\u00e4tel\u00f6t ja selke\u00e4t merkinn\u00e4t tekev\u00e4t v\u00e4rien oppimisesta kiehtovan seikkailun, ja vankka rakenne takaa kest\u00e4v\u00e4n ja turvallisen leikin. Ominaisuudet: \u2714\ufe0f Valmistettu korkealaatuisesta puusta \u2714\ufe0f V\u00e4rikk\u00e4\u00e4t pallot lajiteltavaksi viiteen v\u00e4riin: punainen, keltainen, sininen, vihre\u00e4, oranssi \u2714\ufe0f Magneettinen sauva pallojen siirt\u00e4miseen l\u00e4pin\u00e4kyv\u00e4n kannen alla<br \/>\n* \u2714\ufe0f Selke\u00e4t v\u00e4rimerkinn\u00e4t ja j\u00e4\u00e4tel\u00f6n muotoiset paikat<br \/>\n* \u2714\ufe0f Turvallinen, suljettu rakenne \u2013 pallot eiv\u00e4t putoa leikin aikana<br \/>\n* \u2714\ufe0f Kompakti koko, ihanteellinen kotiin, p\u00e4iv\u00e4kotiin tai matkalle<\/p>\n<p>Lelu kehitt\u00e4\u00e4:<\/p>\n<p>* \u2b50 K\u00e4si-silm\u00e4-koordinaatiota<br \/>\n* \u2b50 Motorisia taitoja<br \/>\n* \u2b50 V\u00e4rien tunnistamista<br \/>\n* \u2b50 Loogista ajattelua<br \/>\n* \u2b50 K\u00e4rsiv\u00e4llisyytt\u00e4<br \/>\n* \u2b50 Keskittymiskyky\u00e4<\/p>\n","protected":false},"excerpt":{"rendered":"<p>MASTERKIDZin magneettinen labyrintti on opettavainen palapeli, joka ilahduttaa jokaista lasta! Se on valmistettu korkealaatuisesta puusta ja yhdist\u00e4\u00e4 oppimisen ja hauskanpidon, jolloin pikkulapset voivat lajitella v\u00e4rikk\u00e4it\u00e4 palloja magneettisella sauvalla. V\u00e4rikk\u00e4\u00e4t j\u00e4\u00e4tel\u00f6t ja selke\u00e4t merkinn\u00e4t tekev\u00e4t v\u00e4rien oppimisesta kiehtovan seikkailun, ja vankka rakenne takaa kest\u00e4v\u00e4n ja turvallisen leikin. Ominaisuudet: \u2714\ufe0f Valmistettu korkealaatuisesta puusta \u2714\ufe0f V\u00e4rikk\u00e4\u00e4t pallot lajiteltavaksi [&hellip;]<\/p>\n","protected":false},"featured_media":0,"comment_status":"open","ping_status":"closed","template":"","meta":[],"product_brand":[],"product_cat":[32],"product_tag":[],"class_list":{"0":"post-36085","1":"product","2":"type-product","3":"status-publish","5":"product_cat-uncategorized-fi","7":"first","8":"instock","9":"shipping-taxable","10":"purchasable","11":"product-type-simple"},"_links":{"self":[{"href":"https:\/\/nordicmart.andreevmaster.com\/fi\/wp-json\/wp\/v2\/product\/36085","targetHints":{"allow":["GET"]}}],"collection":[{"href":"https:\/\/nordicmart.andreevmaster.com\/fi\/wp-json\/wp\/v2\/product"}],"about":[{"href":"https:\/\/nordicmart.andreevmaster.com\/fi\/wp-json\/wp\/v2\/types\/product"}],"replies":[{"embeddable":true,"href":"https:\/\/nordicmart.andreevmaster.com\/fi\/wp-json\/wp\/v2\/comments?post=36085"}],"wp:attachment":[{"href":"https:\/\/nordicmart.andreevmaster.com\/fi\/wp-json\/wp\/v2\/media?parent=36085"}],"wp:term":[{"taxonomy":"product_brand","embeddable":true,"href":"https:\/\/nordicmart.andreevmaster.com\/fi\/wp-json\/wp\/v2\/product_brand?post=36085"},{"taxonomy":"product_cat","embeddable":true,"href":"https:\/\/nordicmart.andreevmaster.com\/fi\/wp-json\/wp\/v2\/product_cat?post=36085"},{"taxonomy":"product_tag","embeddable":true,"href":"https:\/\/nordicmart.andreevmaster.com\/fi\/wp-json\/wp\/v2\/product_tag?post=36085"}],"curies":[{"name":"wp","href":"https:\/\/api.w.org\/{rel}","templated":true}]}}