{"id":36084,"date":"2026-02-27T00:32:54","date_gmt":"2026-02-27T00:32:54","guid":{"rendered":"https:\/\/nordicmart.andreevmaster.com\/product\/masterkidz-magneettinen-opetuslevy-kompassi-montessori\/"},"modified":"2026-02-27T09:50:59","modified_gmt":"2026-02-27T09:50:59","slug":"masterkidz-magneettinen-opetuslevy-kompassi-montessori","status":"publish","type":"product","link":"https:\/\/nordicmart.andreevmaster.com\/fi\/tuote\/masterkidz-magneettinen-opetuslevy-kompassi-montessori\/","title":{"rendered":"MASTERKIDZ Magneettinen opetuslevy Kompassi Montessori"},"content":{"rendered":"<p>Puinen opetuslauta, jonka avulla lapset voivat n\u00e4hd\u00e4 omin silmin, miten magneetit toimivat. Lelu sis\u00e4lt\u00e4\u00e4 suuren hevosenkeng\u00e4n muotoisen magneetin, jossa on merkityt navat, sek\u00e4 lohkon muotoisen magneetin. Laudassa on my\u00f6s s\u00e4ili\u00f6, jossa on rautafilett\u00e4. Vet\u00e4m\u00e4ll\u00e4 niit\u00e4 puoleensa lapset voivat havainnoida magneettisia linjoja. Lelu sis\u00e4lt\u00e4\u00e4 my\u00f6s kompassin.### Ominaisuudet:<\/p>\n<p>* &#8211; Opetuslelu, joka selitt\u00e4\u00e4 pienille lapsille niin kiehtovan magnetismin ilmi\u00f6n.<br \/>\n* &#8211; Valmistettu puusta<br \/>\n* &#8211; Levyn muotoisessa lelussa on kaksi magneettia, joiden navat on merkitty, l\u00e4pin\u00e4kyv\u00e4 s\u00e4ili\u00f6, jossa on rautafilett\u00e4, sek\u00e4 kompassi, jossa on piirros maapallosta ja sen magneettisista linjoista. Kaikkien n\u00e4iden elementtien ansiosta leikkiminen ei koskaan k\u00e4y tyls\u00e4ksi.<br \/>\n* &#8211; Lapset voivat leikki\u00e4 vet\u00e4m\u00e4ll\u00e4 magneettia vastakkaisilla napailla varustettuihin magneettikenttiin. T\u00e4m\u00e4 opettaa heille magneettisuuden perusteoriaa. Kaksi magneettia voidaan my\u00f6s vet\u00e4\u00e4 toisiaan kohti. Tietenkin voi kokeilla ja yritt\u00e4\u00e4 tuoda vastakkaisilla napailla varustetut p\u00e4\u00e4t yhteen. Silloin lapsi voi tarkkailla hylkiv\u00e4n voiman ilmi\u00f6t\u00e4.* &#8211; Toinen tapa leikki\u00e4 on vet\u00e4\u00e4 puoleensa rautafilett\u00e4, joka sijaitsee l\u00e4pin\u00e4kyv\u00e4ss\u00e4 muovipakkauksessa. Sen avulla voi havaita magneettikent\u00e4n linjat ja ymm\u00e4rt\u00e4\u00e4 t\u00e4ysin magnetismin ilmi\u00f6n. * &#8211; Masterkidz-oppimispelin viimeinen vetonaula on kompassi. Lapsi voi leikki\u00e4 sill\u00e4 etsim\u00e4ll\u00e4 suuntia, tai sit\u00e4 voidaan k\u00e4ytt\u00e4\u00e4 opetustarkoituksiin. Kompassin vieress\u00e4 on piirros, joka selitt\u00e4\u00e4 maapallon magneettiset linjat. <\/p>\n<p>Masterkidz-lelut ovat korkealaatuisia, kest\u00e4vi\u00e4 ja turvallisia puisia opetusleluja. Ne on suunniteltu ja mukautettu lapsen kehityksen eri vaiheisiin. Luova, seikkailullinen ja opettavainen leikki ovat t\u00e4m\u00e4n tuotemerkin lelujen t\u00e4rkeimm\u00e4t edut. Korvaamaton tuki Montessori-menetelm\u00e4lle. Paras valinta kotiin, p\u00e4iv\u00e4kotiin, hotelliin tai ravintolaan. Luo t\u00e4ydellinen leikkinurkkaus tai suurikokoinen opetussein\u00e4. Tarjontaan kuuluu sein\u00e4lle kiinnitett\u00e4vi\u00e4 ja siirrett\u00e4vi\u00e4 tauluja, valaistuja p\u00f6yti\u00e4 ja paneeleja maaleilla leikkimiseen. Teemoitettuja opetusmoduuleja ja paljon muuta. Uskomaton m\u00e4\u00e4r\u00e4 lis\u00e4varusteita ja loputtomat mahdollisuudet luovaan leikkiin.<\/p>\n","protected":false},"excerpt":{"rendered":"<p>Puinen opetuslauta, jonka avulla lapset voivat n\u00e4hd\u00e4 omin silmin, miten magneetit toimivat. Lelu sis\u00e4lt\u00e4\u00e4 suuren hevosenkeng\u00e4n muotoisen magneetin, jossa on merkityt navat, sek\u00e4 lohkon muotoisen magneetin. Laudassa on my\u00f6s s\u00e4ili\u00f6, jossa on rautafilett\u00e4. Vet\u00e4m\u00e4ll\u00e4 niit\u00e4 puoleensa lapset voivat havainnoida magneettisia linjoja. Lelu sis\u00e4lt\u00e4\u00e4 my\u00f6s kompassin.### Ominaisuudet: * &#8211; Opetuslelu, joka selitt\u00e4\u00e4 pienille lapsille niin kiehtovan [&hellip;]<\/p>\n","protected":false},"featured_media":0,"comment_status":"open","ping_status":"closed","template":"","meta":[],"product_brand":[],"product_cat":[32],"product_tag":[],"class_list":{"0":"post-36084","1":"product","2":"type-product","3":"status-publish","5":"product_cat-uncategorized-fi","7":"first","8":"instock","9":"shipping-taxable","10":"purchasable","11":"product-type-simple"},"_links":{"self":[{"href":"https:\/\/nordicmart.andreevmaster.com\/fi\/wp-json\/wp\/v2\/product\/36084","targetHints":{"allow":["GET"]}}],"collection":[{"href":"https:\/\/nordicmart.andreevmaster.com\/fi\/wp-json\/wp\/v2\/product"}],"about":[{"href":"https:\/\/nordicmart.andreevmaster.com\/fi\/wp-json\/wp\/v2\/types\/product"}],"replies":[{"embeddable":true,"href":"https:\/\/nordicmart.andreevmaster.com\/fi\/wp-json\/wp\/v2\/comments?post=36084"}],"wp:attachment":[{"href":"https:\/\/nordicmart.andreevmaster.com\/fi\/wp-json\/wp\/v2\/media?parent=36084"}],"wp:term":[{"taxonomy":"product_brand","embeddable":true,"href":"https:\/\/nordicmart.andreevmaster.com\/fi\/wp-json\/wp\/v2\/product_brand?post=36084"},{"taxonomy":"product_cat","embeddable":true,"href":"https:\/\/nordicmart.andreevmaster.com\/fi\/wp-json\/wp\/v2\/product_cat?post=36084"},{"taxonomy":"product_tag","embeddable":true,"href":"https:\/\/nordicmart.andreevmaster.com\/fi\/wp-json\/wp\/v2\/product_tag?post=36084"}],"curies":[{"name":"wp","href":"https:\/\/api.w.org\/{rel}","templated":true}]}}