{"id":36083,"date":"2026-02-27T00:32:54","date_gmt":"2026-02-27T00:32:54","guid":{"rendered":"https:\/\/nordicmart.andreevmaster.com\/product\/masterkidz-puinen-aistien-lajittelija-aanikombinaatio-montessori\/"},"modified":"2026-02-27T09:50:58","modified_gmt":"2026-02-27T09:50:58","slug":"masterkidz-puinen-aistien-lajittelija-aanikombinaatio-montessori","status":"publish","type":"product","link":"https:\/\/nordicmart.andreevmaster.com\/fi\/tuote\/masterkidz-puinen-aistien-lajittelija-aanikombinaatio-montessori\/","title":{"rendered":"MASTERKIDZ Puinen aistien lajittelija, \u00e4\u00e4nikombinaatio, Montessori"},"content":{"rendered":"<p>Kahdeksan puupalaa, jotka tuottavat erilaisia \u00e4\u00e4ni\u00e4, kun niit\u00e4 ravistelee. Lasten teht\u00e4v\u00e4n\u00e4 on l\u00f6yt\u00e4\u00e4 parit, jotka tuottavat samanlaisia \u00e4\u00e4ni\u00e4. Sarjaan kuuluu my\u00f6s tyhj\u00e4 palikka, joka voidaan t\u00e4ytt\u00e4\u00e4 mill\u00e4 tahansa esineill\u00e4, kuten hiekalla, kivill\u00e4 tai pienill\u00e4 palikoilla, jotta voidaan kuunnella, millaisia \u00e4\u00e4ni\u00e4 ne tuottavat ravistettaessa. <\/p>\n<p>### Ominaisuudet:<\/p>\n<p>* &#8211; Lasten aistien kehitys on keskeinen asia varhaiskasvatuksessa. Masterkidz-lajittelijan avulla lapset voivat harjoitella kuuloaistiaan ja kehitt\u00e4\u00e4 t\u00e4rkeit\u00e4 taitoja.* &#8211; Sarja koostuu laudasta ja kahdeksasta puupalasta, jotka tuottavat erilaisia \u00e4\u00e4ni\u00e4, kun niit\u00e4 ravistellaan. Lapsen teht\u00e4v\u00e4n\u00e4 on yhdist\u00e4\u00e4 palat pareiksi niiden tuottaman \u00e4\u00e4nen perusteella. Heid\u00e4n on l\u00f6ydett\u00e4v\u00e4 palapelit, jotka tuottavat saman \u00e4\u00e4nen. * &#8211; Lelun lis\u00e4ominaisuus on, ett\u00e4 tyhj\u00e4n palan voi t\u00e4ytt\u00e4\u00e4 mill\u00e4 tahansa materiaalilla ja kuunnella, mink\u00e4laisen \u00e4\u00e4nen se tuottaa. Kehotamme sinua kokeilemaan sen t\u00e4ytt\u00e4mist\u00e4 hiekalla, pienill\u00e4 muovileluilla ja kivill\u00e4, jotta voit kuulla, miten \u00e4\u00e4ni muuttuu, kun kuutiota ravistelee.<br \/>\n* &#8211; T\u00e4m\u00e4 lasten oppimislelu on valmistettu puusta. Valitsemalla Masterkidz-puulelut huolehdit ymp\u00e4rist\u00f6st\u00e4 ja v\u00e4henn\u00e4t muovij\u00e4tett\u00e4. <\/p>\n<p>Masterkidz-lelut ovat korkealaatuisia, kest\u00e4vi\u00e4 ja turvallisia puusta valmistettuja oppimisleluja. Ne on suunniteltu ja mukautettu lapsen kehityksen eri vaiheisiin. Luova, seikkailullinen ja opettavainen leikki ovat t\u00e4m\u00e4n tuotemerkin lelujen t\u00e4rkeimm\u00e4t edut. Korvaamaton tuki Montessori-menetelm\u00e4lle. Paras valinta kotiisi, p\u00e4iv\u00e4kotiin, hotelliin tai ravintolaan. Luo t\u00e4ydellinen leikkinurkkaus tai suurikokoinen opettavainen sein\u00e4. Tarjontaan kuuluu sein\u00e4lle kiinnitett\u00e4vi\u00e4 ja siirrett\u00e4vi\u00e4 tauluja, valaistuja p\u00f6yti\u00e4 ja paneeleja maaleilla leikkimist\u00e4 varten. Teemoitettuja opettavaisia moduuleja ja paljon muuta. Uskomaton m\u00e4\u00e4r\u00e4 lis\u00e4varusteita ja loputtomat mahdollisuudet luovaan leikkiin.<\/p>\n","protected":false},"excerpt":{"rendered":"<p>Kahdeksan puupalaa, jotka tuottavat erilaisia \u00e4\u00e4ni\u00e4, kun niit\u00e4 ravistelee. Lasten teht\u00e4v\u00e4n\u00e4 on l\u00f6yt\u00e4\u00e4 parit, jotka tuottavat samanlaisia \u00e4\u00e4ni\u00e4. Sarjaan kuuluu my\u00f6s tyhj\u00e4 palikka, joka voidaan t\u00e4ytt\u00e4\u00e4 mill\u00e4 tahansa esineill\u00e4, kuten hiekalla, kivill\u00e4 tai pienill\u00e4 palikoilla, jotta voidaan kuunnella, millaisia \u00e4\u00e4ni\u00e4 ne tuottavat ravistettaessa. ### Ominaisuudet: * &#8211; Lasten aistien kehitys on keskeinen asia varhaiskasvatuksessa. Masterkidz-lajittelijan [&hellip;]<\/p>\n","protected":false},"featured_media":0,"comment_status":"open","ping_status":"closed","template":"","meta":[],"product_brand":[],"product_cat":[32],"product_tag":[],"class_list":{"0":"post-36083","1":"product","2":"type-product","3":"status-publish","5":"product_cat-uncategorized-fi","7":"first","8":"instock","9":"shipping-taxable","10":"purchasable","11":"product-type-simple"},"_links":{"self":[{"href":"https:\/\/nordicmart.andreevmaster.com\/fi\/wp-json\/wp\/v2\/product\/36083","targetHints":{"allow":["GET"]}}],"collection":[{"href":"https:\/\/nordicmart.andreevmaster.com\/fi\/wp-json\/wp\/v2\/product"}],"about":[{"href":"https:\/\/nordicmart.andreevmaster.com\/fi\/wp-json\/wp\/v2\/types\/product"}],"replies":[{"embeddable":true,"href":"https:\/\/nordicmart.andreevmaster.com\/fi\/wp-json\/wp\/v2\/comments?post=36083"}],"wp:attachment":[{"href":"https:\/\/nordicmart.andreevmaster.com\/fi\/wp-json\/wp\/v2\/media?parent=36083"}],"wp:term":[{"taxonomy":"product_brand","embeddable":true,"href":"https:\/\/nordicmart.andreevmaster.com\/fi\/wp-json\/wp\/v2\/product_brand?post=36083"},{"taxonomy":"product_cat","embeddable":true,"href":"https:\/\/nordicmart.andreevmaster.com\/fi\/wp-json\/wp\/v2\/product_cat?post=36083"},{"taxonomy":"product_tag","embeddable":true,"href":"https:\/\/nordicmart.andreevmaster.com\/fi\/wp-json\/wp\/v2\/product_tag?post=36083"}],"curies":[{"name":"wp","href":"https:\/\/api.w.org\/{rel}","templated":true}]}}