{"id":36082,"date":"2026-02-27T00:32:53","date_gmt":"2026-02-27T00:32:53","guid":{"rendered":"https:\/\/nordicmart.andreevmaster.com\/product\/masterkidz-puinen-muotojen-lajittelija-materiaaleille-ja-pintojen-tekstuureille-montessori\/"},"modified":"2026-02-27T09:50:58","modified_gmt":"2026-02-27T09:50:58","slug":"masterkidz-puinen-muotojen-lajittelija-materiaaleille-ja-pintojen-tekstuureille-montessori","status":"publish","type":"product","link":"https:\/\/nordicmart.andreevmaster.com\/fi\/tuote\/masterkidz-puinen-muotojen-lajittelija-materiaaleille-ja-pintojen-tekstuureille-montessori\/","title":{"rendered":"MASTERKIDZ Puinen muotojen lajittelija materiaaleille ja pintojen tekstuureille Montessori"},"content":{"rendered":"<p>Fantastinen interaktiivinen puulelu Masterkidzilt\u00e4, joka auttaa kehitt\u00e4m\u00e4\u00e4n lapsen tuntoaistia. Puinen lajittelija yhdist\u00e4\u00e4 useita t\u00e4rkeit\u00e4 toimintoja. Lapsi voi yhdistell\u00e4 muotoja, v\u00e4rej\u00e4 ja palikoiden tekstuureja. Sarja sis\u00e4lt\u00e4\u00e4 4 paria vastaavia puupalikoita, jotka ensin asetetaan puulevylle ja sitten yhdistet\u00e4\u00e4n toisiinsa.Leluja voidaan k\u00e4ytt\u00e4\u00e4 my\u00f6s nelj\u00e4n perusv\u00e4rin oppimiseen: punainen, sininen, keltainen ja vihre\u00e4. Tarvitaan vain v\u00e4h\u00e4n apua hoitajalta. Hoitaja voi my\u00f6s k\u00e4ytt\u00e4\u00e4 eri tekstuurisia palikoita ja pyyt\u00e4\u00e4 lasta kuvaamaan koskettamaansa pintaa. T\u00e4m\u00e4 kehitt\u00e4\u00e4 lapsen mielikuvitusta ja tuntoaistia.<\/p>\n<p>Puinen oppimislelu. Valitsemalla Masterkidz-puulelut v\u00e4henn\u00e4t muovij\u00e4tett\u00e4 ja huolehdit ymp\u00e4rist\u00f6st\u00e4. Interaktiiviset lelut lapsille ovat loistava lahjaidea.<\/p>\n","protected":false},"excerpt":{"rendered":"<p>Fantastinen interaktiivinen puulelu Masterkidzilt\u00e4, joka auttaa kehitt\u00e4m\u00e4\u00e4n lapsen tuntoaistia. Puinen lajittelija yhdist\u00e4\u00e4 useita t\u00e4rkeit\u00e4 toimintoja. Lapsi voi yhdistell\u00e4 muotoja, v\u00e4rej\u00e4 ja palikoiden tekstuureja. Sarja sis\u00e4lt\u00e4\u00e4 4 paria vastaavia puupalikoita, jotka ensin asetetaan puulevylle ja sitten yhdistet\u00e4\u00e4n toisiinsa.Leluja voidaan k\u00e4ytt\u00e4\u00e4 my\u00f6s nelj\u00e4n perusv\u00e4rin oppimiseen: punainen, sininen, keltainen ja vihre\u00e4. Tarvitaan vain v\u00e4h\u00e4n apua hoitajalta. Hoitaja voi [&hellip;]<\/p>\n","protected":false},"featured_media":0,"comment_status":"open","ping_status":"closed","template":"","meta":[],"product_brand":[],"product_cat":[32],"product_tag":[],"class_list":{"0":"post-36082","1":"product","2":"type-product","3":"status-publish","5":"product_cat-uncategorized-fi","7":"first","8":"instock","9":"shipping-taxable","10":"purchasable","11":"product-type-simple"},"_links":{"self":[{"href":"https:\/\/nordicmart.andreevmaster.com\/fi\/wp-json\/wp\/v2\/product\/36082","targetHints":{"allow":["GET"]}}],"collection":[{"href":"https:\/\/nordicmart.andreevmaster.com\/fi\/wp-json\/wp\/v2\/product"}],"about":[{"href":"https:\/\/nordicmart.andreevmaster.com\/fi\/wp-json\/wp\/v2\/types\/product"}],"replies":[{"embeddable":true,"href":"https:\/\/nordicmart.andreevmaster.com\/fi\/wp-json\/wp\/v2\/comments?post=36082"}],"wp:attachment":[{"href":"https:\/\/nordicmart.andreevmaster.com\/fi\/wp-json\/wp\/v2\/media?parent=36082"}],"wp:term":[{"taxonomy":"product_brand","embeddable":true,"href":"https:\/\/nordicmart.andreevmaster.com\/fi\/wp-json\/wp\/v2\/product_brand?post=36082"},{"taxonomy":"product_cat","embeddable":true,"href":"https:\/\/nordicmart.andreevmaster.com\/fi\/wp-json\/wp\/v2\/product_cat?post=36082"},{"taxonomy":"product_tag","embeddable":true,"href":"https:\/\/nordicmart.andreevmaster.com\/fi\/wp-json\/wp\/v2\/product_tag?post=36082"}],"curies":[{"name":"wp","href":"https:\/\/api.w.org\/{rel}","templated":true}]}}