{"id":36081,"date":"2026-02-27T00:32:53","date_gmt":"2026-02-27T00:32:53","guid":{"rendered":"https:\/\/nordicmart.andreevmaster.com\/product\/masterkidz-puusepan-tyokaluvyo-jossa-12-tyokalua\/"},"modified":"2026-02-27T09:50:58","modified_gmt":"2026-02-27T09:50:58","slug":"masterkidz-puusepan-tyokaluvyo-jossa-12-tyokalua","status":"publish","type":"product","link":"https:\/\/nordicmart.andreevmaster.com\/fi\/tuote\/masterkidz-puusepan-tyokaluvyo-jossa-12-tyokalua\/","title":{"rendered":"MASTERKIDZ Puusep\u00e4n ty\u00f6kaluvy\u00f6, jossa 12 ty\u00f6kalua"},"content":{"rendered":"<p>Kangaspanta ja 12 puusep\u00e4n ty\u00f6kalun sarja MASTERKIDZ:lt\u00e4. Sarjan avulla voit suorittaa kaikenlaisia puusep\u00e4n t\u00f6it\u00e4, ja se sis\u00e4lt\u00e4\u00e4 my\u00f6s ty\u00f6ntekij\u00e4n henkil\u00f6kortin, johon lapsesi voi kirjoittaa nimens\u00e4 ja liimata valokuvan. Lapsesi tuntee olevansa todellinen ammattilainen, joka pystyy korjaamaan mink\u00e4 tahansa ongelman!<\/p>\n<p>Loistava lelu lapsille, jonka avulla he voivat tuntea olevansa ammattilaisia ja remontoinnin ja korjaust\u00f6iden asiantuntijoita! Sarja sis\u00e4lt\u00e4\u00e4 12 puuty\u00f6kalua, joilla voi tehd\u00e4 mit\u00e4 tahansa ty\u00f6t\u00e4. Sarjaan kuuluu my\u00f6s ty\u00f6kaluvy\u00f6, jossa voi kantaa kaikkia ty\u00f6kaluja.<\/p>\n<p>Sarja sis\u00e4lt\u00e4\u00e4 seuraavat ty\u00f6kalut:<\/p>\n<p>* jakoavain<br \/>\n* vasara<br \/>\n* ruuvimeisseli<br \/>\n* ruuvit ja tapit<br \/>\n* naulat<br \/>\n* ty\u00f6ntekij\u00e4n henkil\u00f6kortti<br \/>\n* ja paljon muuta!<\/p>\n","protected":false},"excerpt":{"rendered":"<p>Kangaspanta ja 12 puusep\u00e4n ty\u00f6kalun sarja MASTERKIDZ:lt\u00e4. Sarjan avulla voit suorittaa kaikenlaisia puusep\u00e4n t\u00f6it\u00e4, ja se sis\u00e4lt\u00e4\u00e4 my\u00f6s ty\u00f6ntekij\u00e4n henkil\u00f6kortin, johon lapsesi voi kirjoittaa nimens\u00e4 ja liimata valokuvan. Lapsesi tuntee olevansa todellinen ammattilainen, joka pystyy korjaamaan mink\u00e4 tahansa ongelman! Loistava lelu lapsille, jonka avulla he voivat tuntea olevansa ammattilaisia ja remontoinnin ja korjaust\u00f6iden asiantuntijoita! Sarja [&hellip;]<\/p>\n","protected":false},"featured_media":0,"comment_status":"open","ping_status":"closed","template":"","meta":[],"product_brand":[],"product_cat":[32],"product_tag":[],"class_list":{"0":"post-36081","1":"product","2":"type-product","3":"status-publish","5":"product_cat-uncategorized-fi","7":"first","8":"instock","9":"shipping-taxable","10":"purchasable","11":"product-type-simple"},"_links":{"self":[{"href":"https:\/\/nordicmart.andreevmaster.com\/fi\/wp-json\/wp\/v2\/product\/36081","targetHints":{"allow":["GET"]}}],"collection":[{"href":"https:\/\/nordicmart.andreevmaster.com\/fi\/wp-json\/wp\/v2\/product"}],"about":[{"href":"https:\/\/nordicmart.andreevmaster.com\/fi\/wp-json\/wp\/v2\/types\/product"}],"replies":[{"embeddable":true,"href":"https:\/\/nordicmart.andreevmaster.com\/fi\/wp-json\/wp\/v2\/comments?post=36081"}],"wp:attachment":[{"href":"https:\/\/nordicmart.andreevmaster.com\/fi\/wp-json\/wp\/v2\/media?parent=36081"}],"wp:term":[{"taxonomy":"product_brand","embeddable":true,"href":"https:\/\/nordicmart.andreevmaster.com\/fi\/wp-json\/wp\/v2\/product_brand?post=36081"},{"taxonomy":"product_cat","embeddable":true,"href":"https:\/\/nordicmart.andreevmaster.com\/fi\/wp-json\/wp\/v2\/product_cat?post=36081"},{"taxonomy":"product_tag","embeddable":true,"href":"https:\/\/nordicmart.andreevmaster.com\/fi\/wp-json\/wp\/v2\/product_tag?post=36081"}],"curies":[{"name":"wp","href":"https:\/\/api.w.org\/{rel}","templated":true}]}}