{"id":36080,"date":"2026-02-27T00:32:53","date_gmt":"2026-02-27T00:32:53","guid":{"rendered":"https:\/\/nordicmart.andreevmaster.com\/product\/masterkidz-turvallisuus-ja-pelastuskeskuksen-reppu\/"},"modified":"2026-02-27T09:50:58","modified_gmt":"2026-02-27T09:50:58","slug":"masterkidz-turvallisuus-ja-pelastuskeskuksen-reppu","status":"publish","type":"product","link":"https:\/\/nordicmart.andreevmaster.com\/fi\/tuote\/masterkidz-turvallisuus-ja-pelastuskeskuksen-reppu\/","title":{"rendered":"MASTERKIDZ Turvallisuus- ja pelastuskeskuksen reppu"},"content":{"rendered":"<p>Masterkidz-turvallisuus- ja pelastuskeskuksen reppu on innovatiivinen setti, jonka avulla lapset voivat leikki\u00e4 kaikilla pelastuspalveluilla yhdess\u00e4 paikassa. Huolellisesti suunnitellun repun voi muuttaa hetkess\u00e4 pelastuskeskuksiksi, kuten sairaalaksi, paloasemaksi ja poliisiasemaksi. Lelu on kevyt, helppo kantaa ja taittaa, joten lapset haluavat ottaa sen mukaan joka matkalle.Ominaisuudet:<\/p>\n<p>* &#8211; Sarja sis\u00e4lt\u00e4\u00e4 erityisen reppun, jossa on sis\u00e4\u00e4nrakennettu h\u00e4t\u00e4keskuksen<br \/>\n* &#8211; Sarja sis\u00e4lt\u00e4\u00e4 puuhahmot, lelut ja lis\u00e4varusteet<br \/>\n* &#8211; Kaikki osat mahtuvat reppuun, mik\u00e4 helpottaa tavaroiden j\u00e4rjestyksess\u00e4 pit\u00e4mist\u00e4<br \/>\n* &#8211; Reppu avautuu vetoketjulla \u2013 nopea pakkaaminen ja purkaminen<\/p>\n<p>Lelu kehitt\u00e4\u00e4:<\/p>\n<p>* &#8211; Mielikuvitusta<br \/>\n* &#8211; Luovuutta<br \/>\n* &#8211; J\u00e4rjestelykyky\u00e4<br \/>\n* &#8211; K\u00e4sien motoriikkaa<\/p>\n","protected":false},"excerpt":{"rendered":"<p>Masterkidz-turvallisuus- ja pelastuskeskuksen reppu on innovatiivinen setti, jonka avulla lapset voivat leikki\u00e4 kaikilla pelastuspalveluilla yhdess\u00e4 paikassa. Huolellisesti suunnitellun repun voi muuttaa hetkess\u00e4 pelastuskeskuksiksi, kuten sairaalaksi, paloasemaksi ja poliisiasemaksi. Lelu on kevyt, helppo kantaa ja taittaa, joten lapset haluavat ottaa sen mukaan joka matkalle.Ominaisuudet: * &#8211; Sarja sis\u00e4lt\u00e4\u00e4 erityisen reppun, jossa on sis\u00e4\u00e4nrakennettu h\u00e4t\u00e4keskuksen * &#8211; [&hellip;]<\/p>\n","protected":false},"featured_media":0,"comment_status":"open","ping_status":"closed","template":"","meta":[],"product_brand":[],"product_cat":[32],"product_tag":[],"class_list":{"0":"post-36080","1":"product","2":"type-product","3":"status-publish","5":"product_cat-uncategorized-fi","7":"first","8":"instock","9":"shipping-taxable","10":"purchasable","11":"product-type-simple"},"_links":{"self":[{"href":"https:\/\/nordicmart.andreevmaster.com\/fi\/wp-json\/wp\/v2\/product\/36080","targetHints":{"allow":["GET"]}}],"collection":[{"href":"https:\/\/nordicmart.andreevmaster.com\/fi\/wp-json\/wp\/v2\/product"}],"about":[{"href":"https:\/\/nordicmart.andreevmaster.com\/fi\/wp-json\/wp\/v2\/types\/product"}],"replies":[{"embeddable":true,"href":"https:\/\/nordicmart.andreevmaster.com\/fi\/wp-json\/wp\/v2\/comments?post=36080"}],"wp:attachment":[{"href":"https:\/\/nordicmart.andreevmaster.com\/fi\/wp-json\/wp\/v2\/media?parent=36080"}],"wp:term":[{"taxonomy":"product_brand","embeddable":true,"href":"https:\/\/nordicmart.andreevmaster.com\/fi\/wp-json\/wp\/v2\/product_brand?post=36080"},{"taxonomy":"product_cat","embeddable":true,"href":"https:\/\/nordicmart.andreevmaster.com\/fi\/wp-json\/wp\/v2\/product_cat?post=36080"},{"taxonomy":"product_tag","embeddable":true,"href":"https:\/\/nordicmart.andreevmaster.com\/fi\/wp-json\/wp\/v2\/product_tag?post=36080"}],"curies":[{"name":"wp","href":"https:\/\/api.w.org\/{rel}","templated":true}]}}