{"id":36079,"date":"2026-02-27T00:32:53","date_gmt":"2026-02-27T00:32:53","guid":{"rendered":"https:\/\/nordicmart.andreevmaster.com\/product\/masterkidz-puinen-markkinakoju\/"},"modified":"2026-02-27T09:50:58","modified_gmt":"2026-02-27T09:50:58","slug":"masterkidz-puinen-markkinakoju","status":"publish","type":"product","link":"https:\/\/nordicmart.andreevmaster.com\/fi\/tuote\/masterkidz-puinen-markkinakoju\/","title":{"rendered":"MASTERKIDZ Puinen markkinakoju"},"content":{"rendered":"<p>Masterkidz-puinen markkinakoju on t\u00e4ydellinen lelu lapsille, jotka rakastavat leikki\u00e4 kauppaa ja leikki\u00e4 kauppiaita. Tukevan puurakenteensa ja realististen yksityiskohtiensa ansiosta koju mahdollistaa luovan ja opettavaisen leikin sek\u00e4 yksin ett\u00e4 ryhm\u00e4ss\u00e4. Lapset voivat esitt\u00e4\u00e4 tuotteita, palvella asiakkaita ja oppia kaupan perusteita leikin kautta. Ominaisuudet: * &#8211; Tukeva rakenne korkealaatuisesta puusta, joka takaa kest\u00e4vyyden ja turvallisuuden * &#8211; Kaksi esittelytasoa: yl\u00e4osa kolmella lokerolla, alaosa kahdella suuremmalla lokerolla * &#8211; Kirkkaanv\u00e4rinen kangaskatos antaa kojulle realistisen ilmeen * &#8211; Yhteensopiva muiden Masterkidz-lis\u00e4varusteiden, kuten ostoskorin tai kassakoneen, kanssa<br \/>\n* &#8211; Suuri kapasiteetti mahdollistaa monien tuotteiden esillepanon<\/p>\n<p>Lelu kehitt\u00e4\u00e4:<\/p>\n<p>* &#8211; Mielikuvitusta<br \/>\n* &#8211; Luovuutta<br \/>\n* &#8211; Sosiaalisia ja viestint\u00e4taitoja<br \/>\n* &#8211; K\u00e4sien motorisia taitoja<br \/>\n* &#8211; Itsen\u00e4isyytt\u00e4<\/p>\n","protected":false},"excerpt":{"rendered":"<p>Masterkidz-puinen markkinakoju on t\u00e4ydellinen lelu lapsille, jotka rakastavat leikki\u00e4 kauppaa ja leikki\u00e4 kauppiaita. Tukevan puurakenteensa ja realististen yksityiskohtiensa ansiosta koju mahdollistaa luovan ja opettavaisen leikin sek\u00e4 yksin ett\u00e4 ryhm\u00e4ss\u00e4. Lapset voivat esitt\u00e4\u00e4 tuotteita, palvella asiakkaita ja oppia kaupan perusteita leikin kautta. Ominaisuudet: * &#8211; Tukeva rakenne korkealaatuisesta puusta, joka takaa kest\u00e4vyyden ja turvallisuuden * &#8211; [&hellip;]<\/p>\n","protected":false},"featured_media":0,"comment_status":"open","ping_status":"closed","template":"","meta":[],"product_brand":[],"product_cat":[32],"product_tag":[],"class_list":{"0":"post-36079","1":"product","2":"type-product","3":"status-publish","5":"product_cat-uncategorized-fi","7":"first","8":"instock","9":"shipping-taxable","10":"purchasable","11":"product-type-simple"},"_links":{"self":[{"href":"https:\/\/nordicmart.andreevmaster.com\/fi\/wp-json\/wp\/v2\/product\/36079","targetHints":{"allow":["GET"]}}],"collection":[{"href":"https:\/\/nordicmart.andreevmaster.com\/fi\/wp-json\/wp\/v2\/product"}],"about":[{"href":"https:\/\/nordicmart.andreevmaster.com\/fi\/wp-json\/wp\/v2\/types\/product"}],"replies":[{"embeddable":true,"href":"https:\/\/nordicmart.andreevmaster.com\/fi\/wp-json\/wp\/v2\/comments?post=36079"}],"wp:attachment":[{"href":"https:\/\/nordicmart.andreevmaster.com\/fi\/wp-json\/wp\/v2\/media?parent=36079"}],"wp:term":[{"taxonomy":"product_brand","embeddable":true,"href":"https:\/\/nordicmart.andreevmaster.com\/fi\/wp-json\/wp\/v2\/product_brand?post=36079"},{"taxonomy":"product_cat","embeddable":true,"href":"https:\/\/nordicmart.andreevmaster.com\/fi\/wp-json\/wp\/v2\/product_cat?post=36079"},{"taxonomy":"product_tag","embeddable":true,"href":"https:\/\/nordicmart.andreevmaster.com\/fi\/wp-json\/wp\/v2\/product_tag?post=36079"}],"curies":[{"name":"wp","href":"https:\/\/api.w.org\/{rel}","templated":true}]}}