{"id":36078,"date":"2026-02-27T00:32:52","date_gmt":"2026-02-27T00:32:52","guid":{"rendered":"https:\/\/nordicmart.andreevmaster.com\/product\/masterkidz-aistitaulu-peileilla-ja-linsseilla-kuvan-vaaristyma-montessori\/"},"modified":"2026-02-27T09:50:57","modified_gmt":"2026-02-27T09:50:57","slug":"masterkidz-aistitaulu-peileilla-ja-linsseilla-kuvan-vaaristyma-montessori","status":"publish","type":"product","link":"https:\/\/nordicmart.andreevmaster.com\/fi\/tuote\/masterkidz-aistitaulu-peileilla-ja-linsseilla-kuvan-vaaristyma-montessori\/","title":{"rendered":"MASTERKIDZ Aistitaulu peileill\u00e4 ja linsseill\u00e4 Kuvan v\u00e4\u00e4ristym\u00e4 Montessori"},"content":{"rendered":"<p>Upea aistilelu MASTERKIDZ:lt\u00e4, joka tarjoaa paitsi paljon viihdett\u00e4 my\u00f6s opetusta. Puulevyss\u00e4 on kolme erilaista peili\u00e4 ja linssi, jotka n\u00e4ytt\u00e4v\u00e4t maailman hieman eri tavalla kuin paljaalla silm\u00e4ll\u00e4. Lapset voivat n\u00e4hd\u00e4 kaarevan kuvan koverassa peiliss\u00e4, hieman erilaisen kuvan kuperassa peiliss\u00e4 ja tarkastella kaikkea l\u00e4helt\u00e4 suurentavan linssin avulla. Viimeinen peili on tavallinen peili, jossa lapset voivat katsoa itse\u00e4\u00e4n ja kehitt\u00e4\u00e4 itsetuntemustaan ja itseluottamustaan.Lelua voidaan k\u00e4ytt\u00e4\u00e4 opettamaan lapsille perustietoa ihmisen silm\u00e4n n\u00e4kem\u00e4st\u00e4 kuvasta ja valon ominaisuuksista. Se on ihanteellinen tapa her\u00e4tt\u00e4\u00e4 lapsen uteliaisuus maailmaa kohtaan ja vastata moniin heid\u00e4n kysymyksiins\u00e4. T\u00e4m\u00e4 opettavainen lelu lapsille on valmistettu puusta. Huolehdi ymp\u00e4rist\u00f6st\u00e4 valitsemalla Masterkidz-puulelut ja v\u00e4hent\u00e4m\u00e4ll\u00e4 muovij\u00e4tett\u00e4.<\/p>\n<p>Ominaisuudet:<\/p>\n<p>* &#8211; yli 3-vuotiaille lapsille<br \/>\n* &#8211; 3 erilaista peili\u00e4 + suurentava linssi<br \/>\n* &#8211; viihdytt\u00e4\u00e4 ja opettaa<br \/>\n* &#8211; her\u00e4tt\u00e4\u00e4 lasten uteliaisuutta maailmaa kohtaan<br \/>\n* &#8211; valmistettu puusta<\/p>\n","protected":false},"excerpt":{"rendered":"<p>Upea aistilelu MASTERKIDZ:lt\u00e4, joka tarjoaa paitsi paljon viihdett\u00e4 my\u00f6s opetusta. Puulevyss\u00e4 on kolme erilaista peili\u00e4 ja linssi, jotka n\u00e4ytt\u00e4v\u00e4t maailman hieman eri tavalla kuin paljaalla silm\u00e4ll\u00e4. Lapset voivat n\u00e4hd\u00e4 kaarevan kuvan koverassa peiliss\u00e4, hieman erilaisen kuvan kuperassa peiliss\u00e4 ja tarkastella kaikkea l\u00e4helt\u00e4 suurentavan linssin avulla. Viimeinen peili on tavallinen peili, jossa lapset voivat katsoa itse\u00e4\u00e4n [&hellip;]<\/p>\n","protected":false},"featured_media":0,"comment_status":"open","ping_status":"closed","template":"","meta":[],"product_brand":[],"product_cat":[32],"product_tag":[],"class_list":{"0":"post-36078","1":"product","2":"type-product","3":"status-publish","5":"product_cat-uncategorized-fi","7":"first","8":"instock","9":"shipping-taxable","10":"purchasable","11":"product-type-simple"},"_links":{"self":[{"href":"https:\/\/nordicmart.andreevmaster.com\/fi\/wp-json\/wp\/v2\/product\/36078","targetHints":{"allow":["GET"]}}],"collection":[{"href":"https:\/\/nordicmart.andreevmaster.com\/fi\/wp-json\/wp\/v2\/product"}],"about":[{"href":"https:\/\/nordicmart.andreevmaster.com\/fi\/wp-json\/wp\/v2\/types\/product"}],"replies":[{"embeddable":true,"href":"https:\/\/nordicmart.andreevmaster.com\/fi\/wp-json\/wp\/v2\/comments?post=36078"}],"wp:attachment":[{"href":"https:\/\/nordicmart.andreevmaster.com\/fi\/wp-json\/wp\/v2\/media?parent=36078"}],"wp:term":[{"taxonomy":"product_brand","embeddable":true,"href":"https:\/\/nordicmart.andreevmaster.com\/fi\/wp-json\/wp\/v2\/product_brand?post=36078"},{"taxonomy":"product_cat","embeddable":true,"href":"https:\/\/nordicmart.andreevmaster.com\/fi\/wp-json\/wp\/v2\/product_cat?post=36078"},{"taxonomy":"product_tag","embeddable":true,"href":"https:\/\/nordicmart.andreevmaster.com\/fi\/wp-json\/wp\/v2\/product_tag?post=36078"}],"curies":[{"name":"wp","href":"https:\/\/api.w.org\/{rel}","templated":true}]}}