{"id":36077,"date":"2026-02-27T00:32:52","date_gmt":"2026-02-27T00:32:52","guid":{"rendered":"https:\/\/nordicmart.andreevmaster.com\/product\/masterkidz-koulutuspuinen-sormilaskutaulu\/"},"modified":"2026-02-27T09:50:57","modified_gmt":"2026-02-27T09:50:57","slug":"masterkidz-koulutuspuinen-sormilaskutaulu","status":"publish","type":"product","link":"https:\/\/nordicmart.andreevmaster.com\/fi\/tuote\/masterkidz-koulutuspuinen-sormilaskutaulu\/","title":{"rendered":"MASTERKIDZ Koulutuspuinen sormilaskutaulu"},"content":{"rendered":"<p>MASTERKIDZ-puinen sormilaskutaulu on loistava apuv\u00e4line pienille lapsille, jotka ovat vasta aloittamassa matemaattista seikkailuaan. Taulun v\u00e4rikk\u00e4\u00e4t k\u00e4det on merkitty selv\u00e4sti sormien nimill\u00e4 ja puolilla: oikea ja vasen. Jokaiselle sormelle on my\u00f6s annettu numero, jotta lapsi voi soveltaa oppimaansa laskemiseen omilla sormillaan, kunhan on ymm\u00e4rt\u00e4nyt periaatteen. Laskemisen oppiminen ei tarvitse olla vaikeaa tai monimutkaista! T\u00e4m\u00e4n upean lasten oppimislaukun ansiosta lapset oppivat laskemaan sormillaan ilman ongelmia. Lelu koostuu kahdesta v\u00e4rikk\u00e4\u00e4st\u00e4 k\u00e4dest\u00e4, jotka on kiinnitetty puiseen laudalle. K\u00e4det on merkitty oikealla ja vasemmalla puolella. Sormet on my\u00f6s merkitty sek\u00e4 sormien nimill\u00e4 ett\u00e4 numeroilla, jotka voidaan antaa sormille laskettaessa.Masterkidz-oppimistaulun avulla hankitut tiedot ovat lapsille hy\u00f6dyllisi\u00e4 my\u00f6hemm\u00e4ss\u00e4 matematiikan oppimisessa. He k\u00e4ytt\u00e4v\u00e4t sormilla laskemista seikkailunsa alussa numeroiden parissa ja my\u00f6hemmin matematiikan taitojensa parantamiseen. Lelu on valmistettu puusta. Valitsemalla Masterkidz-puulelut huolehdit ymp\u00e4rist\u00f6st\u00e4 ja v\u00e4henn\u00e4t muovij\u00e4tett\u00e4.<\/p>\n<p>Ominaisuudet:<\/p>\n<p>&#8211; 3-vuotiaille ja sit\u00e4 vanhemmille lapsille<\/p>\n<p>&#8211; valmistettu puusta<\/p>\n<p>&#8211; auttaa lapsia oppimaan laskemaan sormilla<\/p>\n<p>&#8211; lauta koostuu kahdesta v\u00e4rikk\u00e4\u00e4st\u00e4 k\u00e4dest\u00e4, joissa on asianmukaiset kuvaukset<\/p>\n","protected":false},"excerpt":{"rendered":"<p>MASTERKIDZ-puinen sormilaskutaulu on loistava apuv\u00e4line pienille lapsille, jotka ovat vasta aloittamassa matemaattista seikkailuaan. Taulun v\u00e4rikk\u00e4\u00e4t k\u00e4det on merkitty selv\u00e4sti sormien nimill\u00e4 ja puolilla: oikea ja vasen. Jokaiselle sormelle on my\u00f6s annettu numero, jotta lapsi voi soveltaa oppimaansa laskemiseen omilla sormillaan, kunhan on ymm\u00e4rt\u00e4nyt periaatteen. Laskemisen oppiminen ei tarvitse olla vaikeaa tai monimutkaista! T\u00e4m\u00e4n upean lasten [&hellip;]<\/p>\n","protected":false},"featured_media":0,"comment_status":"open","ping_status":"closed","template":"","meta":[],"product_brand":[],"product_cat":[32],"product_tag":[],"class_list":{"0":"post-36077","1":"product","2":"type-product","3":"status-publish","5":"product_cat-uncategorized-fi","7":"first","8":"instock","9":"shipping-taxable","10":"purchasable","11":"product-type-simple"},"_links":{"self":[{"href":"https:\/\/nordicmart.andreevmaster.com\/fi\/wp-json\/wp\/v2\/product\/36077","targetHints":{"allow":["GET"]}}],"collection":[{"href":"https:\/\/nordicmart.andreevmaster.com\/fi\/wp-json\/wp\/v2\/product"}],"about":[{"href":"https:\/\/nordicmart.andreevmaster.com\/fi\/wp-json\/wp\/v2\/types\/product"}],"replies":[{"embeddable":true,"href":"https:\/\/nordicmart.andreevmaster.com\/fi\/wp-json\/wp\/v2\/comments?post=36077"}],"wp:attachment":[{"href":"https:\/\/nordicmart.andreevmaster.com\/fi\/wp-json\/wp\/v2\/media?parent=36077"}],"wp:term":[{"taxonomy":"product_brand","embeddable":true,"href":"https:\/\/nordicmart.andreevmaster.com\/fi\/wp-json\/wp\/v2\/product_brand?post=36077"},{"taxonomy":"product_cat","embeddable":true,"href":"https:\/\/nordicmart.andreevmaster.com\/fi\/wp-json\/wp\/v2\/product_cat?post=36077"},{"taxonomy":"product_tag","embeddable":true,"href":"https:\/\/nordicmart.andreevmaster.com\/fi\/wp-json\/wp\/v2\/product_tag?post=36077"}],"curies":[{"name":"wp","href":"https:\/\/api.w.org\/{rel}","templated":true}]}}