{"id":36076,"date":"2026-02-27T00:32:52","date_gmt":"2026-02-27T00:32:52","guid":{"rendered":"https:\/\/nordicmart.andreevmaster.com\/product\/masterkidz-tic-tac-toe-puupeli-lapsille-looginen-palapeli\/"},"modified":"2026-02-27T09:50:57","modified_gmt":"2026-02-27T09:50:57","slug":"masterkidz-tic-tac-toe-puupeli-lapsille-looginen-palapeli","status":"publish","type":"product","link":"https:\/\/nordicmart.andreevmaster.com\/fi\/tuote\/masterkidz-tic-tac-toe-puupeli-lapsille-looginen-palapeli\/","title":{"rendered":"MASTERKIDZ Tic-Tac-Toe -puupeli lapsille Looginen palapeli"},"content":{"rendered":"<p>Tic-tac-toe on loistava tapa kehitt\u00e4\u00e4 loogista ajattelua ja stimuloida lasten aivojen kehityst\u00e4. Peli sopii erinomaisesti sisaruksille, jotka pit\u00e4v\u00e4t kilpailusta ja viett\u00e4v\u00e4t mielell\u00e4\u00e4n aikaa yhdess\u00e4, mutta se on my\u00f6s loistava lelu p\u00e4iv\u00e4kotiin. <\/p>\n<p>Lelu koostuu puulevyst\u00e4, joka on jaettu kolmeen riviin ja kolmeen sarakkeeseen. Yhteens\u00e4 on 9 ruutua, joihin voidaan sijoittaa symboleja \u2013 toinen pelaaja k\u00e4ytt\u00e4\u00e4 ympyr\u00f6it\u00e4 ja toinen ristej\u00e4. Kumpikin pelaaja saa sijoittaa yhden symbolin ja siirt\u00e4\u00e4 sitten vuoron vastustajalleen. Peli jatkuu, kunnes toinen pelaajista asettaa 3 symbolia per\u00e4kk\u00e4in \u2013 pysty-, vaaka- tai vinosti. Jos en\u00e4\u00e4 ei ole mahdollisia siirtoja ja kukaan ei ole asettanut vaadittua rivi\u00e4, peli p\u00e4\u00e4ttyy tasapeliin. Lelu on valmistettu puusta. Valitsemalla Masterkidz-puulelut v\u00e4henn\u00e4t muovij\u00e4tett\u00e4 ja huolehdit ymp\u00e4rist\u00f6st\u00e4.<\/p>\n","protected":false},"excerpt":{"rendered":"<p>Tic-tac-toe on loistava tapa kehitt\u00e4\u00e4 loogista ajattelua ja stimuloida lasten aivojen kehityst\u00e4. Peli sopii erinomaisesti sisaruksille, jotka pit\u00e4v\u00e4t kilpailusta ja viett\u00e4v\u00e4t mielell\u00e4\u00e4n aikaa yhdess\u00e4, mutta se on my\u00f6s loistava lelu p\u00e4iv\u00e4kotiin. Lelu koostuu puulevyst\u00e4, joka on jaettu kolmeen riviin ja kolmeen sarakkeeseen. Yhteens\u00e4 on 9 ruutua, joihin voidaan sijoittaa symboleja \u2013 toinen pelaaja k\u00e4ytt\u00e4\u00e4 ympyr\u00f6it\u00e4 [&hellip;]<\/p>\n","protected":false},"featured_media":0,"comment_status":"open","ping_status":"closed","template":"","meta":[],"product_brand":[],"product_cat":[32],"product_tag":[],"class_list":{"0":"post-36076","1":"product","2":"type-product","3":"status-publish","5":"product_cat-uncategorized-fi","7":"first","8":"instock","9":"shipping-taxable","10":"purchasable","11":"product-type-simple"},"_links":{"self":[{"href":"https:\/\/nordicmart.andreevmaster.com\/fi\/wp-json\/wp\/v2\/product\/36076","targetHints":{"allow":["GET"]}}],"collection":[{"href":"https:\/\/nordicmart.andreevmaster.com\/fi\/wp-json\/wp\/v2\/product"}],"about":[{"href":"https:\/\/nordicmart.andreevmaster.com\/fi\/wp-json\/wp\/v2\/types\/product"}],"replies":[{"embeddable":true,"href":"https:\/\/nordicmart.andreevmaster.com\/fi\/wp-json\/wp\/v2\/comments?post=36076"}],"wp:attachment":[{"href":"https:\/\/nordicmart.andreevmaster.com\/fi\/wp-json\/wp\/v2\/media?parent=36076"}],"wp:term":[{"taxonomy":"product_brand","embeddable":true,"href":"https:\/\/nordicmart.andreevmaster.com\/fi\/wp-json\/wp\/v2\/product_brand?post=36076"},{"taxonomy":"product_cat","embeddable":true,"href":"https:\/\/nordicmart.andreevmaster.com\/fi\/wp-json\/wp\/v2\/product_cat?post=36076"},{"taxonomy":"product_tag","embeddable":true,"href":"https:\/\/nordicmart.andreevmaster.com\/fi\/wp-json\/wp\/v2\/product_tag?post=36076"}],"curies":[{"name":"wp","href":"https:\/\/api.w.org\/{rel}","templated":true}]}}