{"id":36075,"date":"2026-02-27T00:32:52","date_gmt":"2026-02-27T00:32:52","guid":{"rendered":"https:\/\/nordicmart.andreevmaster.com\/product\/masterkidz-little-stylist-beauty-studio-set-with-bag-2\/"},"modified":"2026-02-27T09:50:57","modified_gmt":"2026-02-27T09:50:57","slug":"masterkidz-little-stylist-beauty-studio-set-with-bag-2","status":"publish","type":"product","link":"https:\/\/nordicmart.andreevmaster.com\/fi\/tuote\/masterkidz-little-stylist-beauty-studio-set-with-bag-2\/","title":{"rendered":"MASTERKIDZ Little Stylist Beauty Studio Set with Bag"},"content":{"rendered":"<p>Vieh\u00e4tt\u00e4v\u00e4 puinen rekvisiittasarja, jonka avulla tyt\u00f6t voivat leikki\u00e4 kampaajan, manikyristin ja meikkitaiteilijan leikkej\u00e4. He voivat ottaa kosmetiikkansa mukaansa minne tahansa, kiitos setin mukana tulevan kangaskassin. <\/p>\n<p>### Ominaisuudet: <\/p>\n<p>* &#8211; Kaikki lapset rakastavat aikuisten matkimista. Siksi pienet rakastavat leluja, joiden avulla he voivat tehd\u00e4 juuri sit\u00e4. Yksi t\u00e4llainen lelu on Masterkidz-kosmetiikka- ja tyylity\u00f6kalusetti. Puusta valmistetut rekvisiitat ovat hyvin realistisia ja antavat lapsellesi mahdollisuuden tuntea itsens\u00e4 oikeaksi stylistiksi.<br \/>\n* &#8211; Sarja sis\u00e4lt\u00e4\u00e4 monia mielenkiintoisia esineit\u00e4, jotka ovat v\u00e4ltt\u00e4m\u00e4tt\u00f6mi\u00e4 p\u00e4ivitt\u00e4isess\u00e4 tyyliss\u00e4: kynsilakka, huulipuna, hiustenkuivaaja, hiusharja, luomiv\u00e4ripaletti ja sivellin, peili, harja ja jopa matkapuhelin. Se on sarja, joka l\u00f6ytyy jokaisen naisen k\u00e4silaukusta tai kosmetiikkalaukusta!<br \/>\n* &#8211; Lelu on valmistettu puusta. Valitsemalla Masterkidz-puulelut huolehdit ymp\u00e4rist\u00f6st\u00e4 ja v\u00e4henn\u00e4t muovij\u00e4tett\u00e4. <\/p>\n<p>Masterkidz-lelut ovat korkealaatuisia, kest\u00e4vi\u00e4 ja turvallisia puuleluja. Ne on suunniteltu ja mukautettu lapsen kehityksen eri vaiheisiin. Luova, seikkailullinen ja opettavainen leikki ovat t\u00e4m\u00e4n tuotemerkin lelujen t\u00e4rkeimm\u00e4t edut. Korvaamaton tuki Montessori-menetelm\u00e4lle. Paras valinta kotiin, p\u00e4iv\u00e4kotiin, hotelliin tai ravintolaan. Luo t\u00e4ydellinen leikkinurkkaus tai suurikokoinen opettavainen sein\u00e4. Tarjontaan kuuluu sein\u00e4lle kiinnitett\u00e4vi\u00e4 ja siirrett\u00e4vi\u00e4 tauluja, valaistuja p\u00f6yti\u00e4 ja paneeleja maaleilla leikkimiseen. Teemoitettuja opettavaisia moduuleja ja paljon muuta. Uskomaton m\u00e4\u00e4r\u00e4 lis\u00e4varusteita ja loputtomat mahdollisuudet luovaan leikkiin.<\/p>\n","protected":false},"excerpt":{"rendered":"<p>Vieh\u00e4tt\u00e4v\u00e4 puinen rekvisiittasarja, jonka avulla tyt\u00f6t voivat leikki\u00e4 kampaajan, manikyristin ja meikkitaiteilijan leikkej\u00e4. He voivat ottaa kosmetiikkansa mukaansa minne tahansa, kiitos setin mukana tulevan kangaskassin. ### Ominaisuudet: * &#8211; Kaikki lapset rakastavat aikuisten matkimista. Siksi pienet rakastavat leluja, joiden avulla he voivat tehd\u00e4 juuri sit\u00e4. Yksi t\u00e4llainen lelu on Masterkidz-kosmetiikka- ja tyylity\u00f6kalusetti. Puusta valmistetut rekvisiitat [&hellip;]<\/p>\n","protected":false},"featured_media":0,"comment_status":"open","ping_status":"closed","template":"","meta":[],"product_brand":[],"product_cat":[32],"product_tag":[],"class_list":{"0":"post-36075","1":"product","2":"type-product","3":"status-publish","5":"product_cat-uncategorized-fi","7":"first","8":"instock","9":"shipping-taxable","10":"purchasable","11":"product-type-simple"},"_links":{"self":[{"href":"https:\/\/nordicmart.andreevmaster.com\/fi\/wp-json\/wp\/v2\/product\/36075","targetHints":{"allow":["GET"]}}],"collection":[{"href":"https:\/\/nordicmart.andreevmaster.com\/fi\/wp-json\/wp\/v2\/product"}],"about":[{"href":"https:\/\/nordicmart.andreevmaster.com\/fi\/wp-json\/wp\/v2\/types\/product"}],"replies":[{"embeddable":true,"href":"https:\/\/nordicmart.andreevmaster.com\/fi\/wp-json\/wp\/v2\/comments?post=36075"}],"wp:attachment":[{"href":"https:\/\/nordicmart.andreevmaster.com\/fi\/wp-json\/wp\/v2\/media?parent=36075"}],"wp:term":[{"taxonomy":"product_brand","embeddable":true,"href":"https:\/\/nordicmart.andreevmaster.com\/fi\/wp-json\/wp\/v2\/product_brand?post=36075"},{"taxonomy":"product_cat","embeddable":true,"href":"https:\/\/nordicmart.andreevmaster.com\/fi\/wp-json\/wp\/v2\/product_cat?post=36075"},{"taxonomy":"product_tag","embeddable":true,"href":"https:\/\/nordicmart.andreevmaster.com\/fi\/wp-json\/wp\/v2\/product_tag?post=36075"}],"curies":[{"name":"wp","href":"https:\/\/api.w.org\/{rel}","templated":true}]}}